{"id":6218,"date":"2025-05-26T19:10:53","date_gmt":"2025-05-26T23:10:53","guid":{"rendered":"https:\/\/wbcdesigns.com\/10-conseils-essentiels-en-matiere-de-graphisme-pour-les-debutants\/"},"modified":"2025-05-26T19:12:01","modified_gmt":"2025-05-26T23:12:01","slug":"10-conseils-essentiels-en-matiere-de-graphisme-pour-les-debutants","status":"publish","type":"page","link":"https:\/\/wbcdesigns.com\/fr\/10-conseils-essentiels-en-matiere-de-graphisme-pour-les-debutants\/","title":{"rendered":"10 conseils essentiels en mati\u00e8re de graphisme pour les d\u00e9butants"},"content":{"rendered":"\t\t<div data-elementor-type=\"wp-page\" data-elementor-id=\"6218\" class=\"elementor elementor-6218\" data-elementor-post-type=\"page\">\n\t\t\t\t<div class=\"elementor-element elementor-element-c7548e1 e-flex e-con-boxed e-con e-parent\" data-id=\"c7548e1\" data-element_type=\"container\" data-e-type=\"container\">\n\t\t\t\t\t<div class=\"e-con-inner\">\n\t\t\t\t<div class=\"elementor-element elementor-element-6021852 elementor-widget elementor-widget-text-editor\" data-id=\"6021852\" data-element_type=\"widget\" data-e-type=\"widget\" data-widget_type=\"text-editor.default\">\n\t\t\t\t\t\t\t\t\t<h2>Conseils de graphisme pour les d\u00e9butants : Comment acqu\u00e9rir des comp\u00e9tences, de la confiance et des visuels percutants<\/h2><p>Vous d\u00e9butez dans la conception graphique ? Vous n&rsquo;avez pas besoin d&rsquo;un dipl\u00f4me en beaux-arts ou d&rsquo;outils sophistiqu\u00e9s pour vous lancer. Il vous suffit d&rsquo;une \u00e9tincelle de cr\u00e9ativit\u00e9, d&rsquo;un peu de curiosit\u00e9 et d&rsquo;une volont\u00e9 d&rsquo;exp\u00e9rimenter (et peut-\u00eatre d&rsquo;appuyer sur \u00ab annuler \u00bb plusieurs centaines de fois). Que vous vous lanciez dans une activit\u00e9 secondaire, que vous d\u00e9veloppiez votre marque ou que vous fassiez enfin le grand saut dans le travail de conception, ces conseils pour d\u00e9butants vous aideront \u00e0 construire une base solide et \u00e0 commencer \u00e0 cr\u00e9er des \u0153uvres dont vous serez fier.  <\/p><p>Du choix des polices de caract\u00e8res \u00e0 la ma\u00eetrise de votre palette de couleurs, voici un aper\u00e7u des \u00e9l\u00e9ments essentiels de la conception graphique, sans langue de bois &#8211; juste des conseils pratiques que vous pouvez r\u00e9ellement utiliser.<\/p><h3>1. Conna\u00eetre les bases : \u00c9l\u00e9ments et principes de la conception graphique<\/h3><p>La conception graphique ne se r\u00e9sume pas \u00e0 une simple mise en valeur des objets : il s&rsquo;agit d&rsquo;une communication visuelle. Il s&rsquo;agit de comprendre et d&rsquo;utiliser des \u00e9l\u00e9ments de conception tels que la ligne, la forme, la couleur, la texture et l&rsquo;espace pour transmettre un message. <\/p><ul><li><p>Les <strong>lignes<\/strong> peuvent mettre l&rsquo;accent ou guider l&rsquo;\u0153il de l&rsquo;observateur.<\/p><\/li><li><p>Les <strong>formes<\/strong> sont id\u00e9ales pour organiser le contenu et cr\u00e9er des logos. Les formes ne doivent pas seulement \u00eatre g\u00e9om\u00e9triques, elles peuvent aussi \u00eatre organiques. Les formes form\u00e9es par les \u00eatres vivants sont connues sous le nom de formes organiques. Les formes organiques sont donc al\u00e9atoires et irr\u00e9guli\u00e8res.   <\/p><\/li><li><p><strong>La couleur<\/strong> ajoute de l&rsquo;\u00e9motion et de la personnalit\u00e9 &#8211; nous y reviendrons dans une seconde. <span style=\"background-color: transparent;\">Les trois caract\u00e9ristiques de la couleur sont les suivantes :<\/span><\/p><ul><li><p>Teinte : La teinte est la valeur r\u00e9elle de la couleur d&rsquo;un objet. Dans le cercle ci-dessous, il a une teinte rouge. caract\u00e9ristique de la couleur : la teinte.  <\/p><\/li><li><p>Saturation : L&rsquo;ajout de blanc \u00e0 une teinte donn\u00e9e d\u00e9termine la saturation de la couleur. Si nous voulons cr\u00e9er une image tr\u00e8s satur\u00e9e, nous ajoutons le moins de blanc possible. Ajoutons maintenant un peu de blanc pour rendre l&rsquo;image moins satur\u00e9e. caract\u00e9ristique de la couleur : la saturation.   <\/p><\/li><li><p>La clart\u00e9 : La luminosit\u00e9 d\u00e9termine le degr\u00e9 de clart\u00e9 ou d&rsquo;obscurit\u00e9 d&rsquo;une couleur. L&rsquo;ajout de noir \u00e0 une teinte donn\u00e9e d\u00e9termine sa clart\u00e9. <\/p><\/li><\/ul><\/li><li><p>La <strong>texture<\/strong> (comme les textures granuleuses en vogue en 2025) ajoute de l&rsquo;int\u00e9r\u00eat visuel et de la profondeur. <span style=\"background-color: transparent;\">La texture est principalement identifi\u00e9e comme les cr\u00eates d&rsquo;une surface et la formation d&rsquo;un motif. <\/span><span style=\"background-color: transparent;\">Les motifs d&rsquo;une surface sont utilis\u00e9s comme structure de d\u00e9coration dans le design.<\/span><\/p><\/li><li><p>L \u00ab <strong>espace<\/strong> permet d \u00bb \u00e9quilibrer l&rsquo;ensemble. L&rsquo;espace peut \u00eatre utilis\u00e9 pour isoler un \u00e9l\u00e9ment dans une composition. L&rsquo;espace vide autour d&rsquo;un objet est appel\u00e9 espace blanc (espace n\u00e9gatif). Ne sous-estimez pas le pouvoir de l&rsquo;espace blanc.     <\/p><\/li><li><p>La <b>forme<\/b> est un objet en 3D dont la largeur, la hauteur et la largeur sont mesurables. Il existe trois types de formes : <\/p><ul><li><p>Formes organiques : Formes cr\u00e9\u00e9es ou d\u00e9riv\u00e9es d&rsquo;organismes vivants.<\/p><\/li><li><p>Formes al\u00e9atoires : Les formes abstraites cr\u00e9ent des formes al\u00e9atoires.<\/p><\/li><li><p><span style=\"background-color: transparent;\">Formes g\u00e9om\u00e9triques : Formes bas\u00e9es sur les math\u00e9matiques. La combinaison de points, de lignes et de surfaces cr\u00e9e des formes g\u00e9om\u00e9triques. <\/span><\/p><\/li><\/ul><\/li><\/ul>\t\t\t\t\t\t\t\t<\/div>\n\t\t\t\t<div class=\"elementor-element elementor-element-e5b0292 elementor-widget elementor-widget-image\" data-id=\"e5b0292\" data-element_type=\"widget\" data-e-type=\"widget\" data-widget_type=\"image.default\">\n\t\t\t\t\t\t\t\t\t\t\t\t\t\t\t<img fetchpriority=\"high\" decoding=\"async\" width=\"1536\" height=\"864\" src=\"https:\/\/wbcdesigns.com\/wp-content\/uploads\/2025\/05\/7-elements-graphic-design-1536x864.png\" class=\"attachment-1536x1536 size-1536x1536 wp-image-6209\" alt=\"7 Elements of Graphic Design\" srcset=\"https:\/\/wbcdesigns.com\/wp-content\/uploads\/2025\/05\/7-elements-graphic-design-1536x864.png 1536w, https:\/\/wbcdesigns.com\/wp-content\/uploads\/2025\/05\/7-elements-graphic-design-300x169.png 300w, https:\/\/wbcdesigns.com\/wp-content\/uploads\/2025\/05\/7-elements-graphic-design-1024x576.png 1024w, https:\/\/wbcdesigns.com\/wp-content\/uploads\/2025\/05\/7-elements-graphic-design-768x432.png 768w, https:\/\/wbcdesigns.com\/wp-content\/uploads\/2025\/05\/7-elements-graphic-design.png 1920w\" sizes=\"(max-width: 1536px) 100vw, 1536px\" \/>\t\t\t\t\t\t\t\t\t\t\t\t\t\t\t<\/div>\n\t\t\t\t<div class=\"elementor-element elementor-element-7b60ece elementor-widget elementor-widget-text-editor\" data-id=\"7b60ece\" data-element_type=\"widget\" data-e-type=\"widget\" data-widget_type=\"text-editor.default\">\n\t\t\t\t\t\t\t\t\t<p>Il y a ensuite les principes de conception :<\/p><ul><li><p><strong>Alignement<\/strong> Lorsque les \u00e9l\u00e9ments sont visuellement align\u00e9s, votre conception semble propre et organis\u00e9e. Qu&rsquo;il s&rsquo;agisse de texte, d&rsquo;ic\u00f4nes ou d&rsquo;images, l&rsquo;alignement donne \u00e0 votre mise en page une structure et donne \u00e0 chaque \u00e9l\u00e9ment l&rsquo;impression d \u00ab \u00eatre \u00e0 sa place. Rien de tel qu&rsquo;un bouton mal align\u00e9 pour donner l&rsquo;impression d \u00bb \u00eatre un d\u00e9butant.  <\/p><\/li><li><strong>Hi\u00e9rarchie visuelle <\/strong>Il s&rsquo;agit de la mani\u00e8re dont vous guidez l&rsquo;\u0153il d&rsquo;une personne dans votre conception. Utilisez la taille, la couleur, le contraste et l&rsquo;espacement pour montrer aux gens ce qu&rsquo;ils doivent regarder en premier, en deuxi\u00e8me et en troisi\u00e8me lieu. Si tout est important, rien ne l&rsquo;est.  <\/li><li>Le <strong>contraste<\/strong> permet de faire ressortir les choses. Il peut s&rsquo;agir d&rsquo;un contraste entre le clair et le fonc\u00e9, entre l&rsquo;\u00e9pais et le fin, ou entre le moderne et le classique. Un bouton d&rsquo;appel \u00e0 l&rsquo;action peu contrast\u00e9 ? Autant qu&rsquo;il soit invisible.   <\/li><li><strong>R\u00e9p\u00e9tition <\/strong>La r\u00e9p\u00e9tition des styles &#8211; couleurs, polices, formes &#8211; contribue \u00e0 lier le tout. Elle cr\u00e9e une coh\u00e9rence, renforce l&rsquo;image de marque et \u00e9vite que votre travail ne paraisse al\u00e9atoire. <\/li><li><strong>Proximit\u00e9<\/strong> Les \u00e9l\u00e9ments regroup\u00e9s donnent l&rsquo;impression d&rsquo;\u00eatre connect\u00e9s. Regroupez les \u00e9l\u00e9ments apparent\u00e9s (comme un titre et un sous-texte) et s\u00e9parez les \u00e9l\u00e9ments non apparent\u00e9s. La clart\u00e9 vient des regroupements clairs.  <\/li><li>L \u00ab <strong>\u00e9quilibre<\/strong> cr\u00e9e l&rsquo;harmonie. L \u00bb \u00e9quilibre n&rsquo;est pas toujours synonyme de sym\u00e9trie. Il signifie que la conception semble stable. Une grande image d&rsquo;un c\u00f4t\u00e9 ? \u00c9quilibrez-la avec plusieurs \u00e9l\u00e9ments plus petits ou un espace blanc de l&rsquo;autre c\u00f4t\u00e9.    <\/li><li>L \u00ab <strong>emphase<\/strong> attire l&rsquo;attention de l&rsquo;observateur. Faites en sorte que l \u00bb \u00e9l\u00e9ment le plus important soit le plus visible. Utilisez la couleur, la taille ou la position pour mettre en \u00e9vidence les messages cl\u00e9s. R\u00e9fl\u00e9chissez : \u00ab Qu&rsquo;est-ce que je veux que les gens remarquent en premier ? \u00bb   <\/li><li><strong>Proportion<\/strong> Veillez \u00e0 ce que vos \u00e9l\u00e9ments soient \u00e0 la bonne \u00e9chelle les uns par rapport aux autres. Logos g\u00e9ants et textes microscopiques = erreur de d\u00e9butant. Une bonne proportion donne l&rsquo;impression que tout est intentionnel.  <\/li><li><strong>Rythme<\/strong> Le design peut \u00eatre rythm\u00e9, tout comme la musique. La r\u00e9p\u00e9tition d&rsquo;\u00e9l\u00e9ments \u00e0 intervalles r\u00e9guliers cr\u00e9e un flux et une coh\u00e9rence. Utilisez l&rsquo;espacement, la taille et les motifs pour \u00e9tablir un tempo visuel.  <\/li><li>Les <strong>motifs<\/strong> cr\u00e9ent de la coh\u00e9rence. Les motifs contribuent \u00e0 cr\u00e9er une unit\u00e9, une texture et une identit\u00e9 de marque. Ils peuvent \u00eatre d\u00e9coratifs ou fonctionnels, comme des \u00e9l\u00e9ments d&rsquo;arri\u00e8re-plan ou des ic\u00f4nes r\u00e9p\u00e9titives.  <\/li><li>Le <strong>mouvement<\/strong> utilise la mise en page et les indices directionnels (fl\u00e8ches, diagonales, s\u00e9quencement) pour guider l&rsquo;\u0153il du spectateur d&rsquo;un \u00e9l\u00e9ment \u00e0 l&rsquo;autre. Une bonne conception raconte une histoire, m\u00eame sous forme statique. <\/li><li>L&rsquo;<strong>unit\u00e9<\/strong> est le lien entre tous les \u00e9l\u00e9ments. L&rsquo;unit\u00e9 est ce qui donne \u00e0 l&rsquo;ensemble de votre conception l&rsquo;impression d&rsquo;appartenir \u00e0 un tout. C&rsquo;est la colle qui maintient tous les autres principes en place. Adoptez un style, un ton et un espacement coh\u00e9rents pour tous vos \u00e9l\u00e9ments.   <\/li><li><p>La <strong>vari\u00e9t\u00e9<\/strong> ajoute de la vie et maintient l&rsquo;int\u00e9r\u00eat des gens. Trop de similitude est ennuyeuse. Essayez de m\u00e9langer les polices de caract\u00e8res, les couleurs ou les textures, mais veillez \u00e0 ce que tout soit coh\u00e9rent.  <\/p><\/li><\/ul><p>En ma\u00eetrisant ces \u00e9l\u00e9ments, vous aurez jet\u00e9 les bases d&rsquo;une conception \u00e0 la fois r\u00e9fl\u00e9chie et professionnelle.<\/p>\t\t\t\t\t\t\t\t<\/div>\n\t\t\t\t<div class=\"elementor-element elementor-element-9b97577 elementor-widget elementor-widget-image\" data-id=\"9b97577\" data-element_type=\"widget\" data-e-type=\"widget\" data-widget_type=\"image.default\">\n\t\t\t\t\t\t\t\t\t\t\t\t\t\t\t<img decoding=\"async\" width=\"1536\" height=\"864\" src=\"https:\/\/wbcdesigns.com\/wp-content\/uploads\/2025\/05\/Graphic-Design-Principles-1536x864.png\" class=\"attachment-1536x1536 size-1536x1536 wp-image-6214\" alt=\"Graphic Design Principles\" srcset=\"https:\/\/wbcdesigns.com\/wp-content\/uploads\/2025\/05\/Graphic-Design-Principles-1536x864.png 1536w, https:\/\/wbcdesigns.com\/wp-content\/uploads\/2025\/05\/Graphic-Design-Principles-300x169.png 300w, https:\/\/wbcdesigns.com\/wp-content\/uploads\/2025\/05\/Graphic-Design-Principles-1024x576.png 1024w, https:\/\/wbcdesigns.com\/wp-content\/uploads\/2025\/05\/Graphic-Design-Principles-768x432.png 768w, https:\/\/wbcdesigns.com\/wp-content\/uploads\/2025\/05\/Graphic-Design-Principles.png 1920w\" sizes=\"(max-width: 1536px) 100vw, 1536px\" \/>\t\t\t\t\t\t\t\t\t\t\t\t\t\t\t<\/div>\n\t\t\t\t<div class=\"elementor-element elementor-element-591eaf7 elementor-widget elementor-widget-text-editor\" data-id=\"591eaf7\" data-element_type=\"widget\" data-e-type=\"widget\" data-widget_type=\"text-editor.default\">\n\t\t\t\t\t\t\t\t\t<h3>2. Ma\u00eetriser la th\u00e9orie des couleurs sans se laisser submerger<\/h3><p>La couleur n&rsquo;est pas qu&rsquo;une simple d\u00e9coration, c&rsquo;est un outil de narration. Comprendre comment les couleurs s&rsquo;associent (et comment elles influencent les \u00e9motions) est une comp\u00e9tence essentielle de la conception graphique. <\/p><p>Utilisez des outils comme <a href=\"https:\/\/color.adobe.com\/\" target=\"_blank\" rel=\"noopener\">Adobe Color<\/a>, <a href=\"https:\/\/coolors.co\/\" target=\"_blank\" rel=\"noopener\">Coolors<\/a> ou <a href=\"https:\/\/connect.pantone.com\/\" target=\"_blank\" rel=\"noopener\">Pantone Connect<\/a> pour cr\u00e9er des palettes harmonieuses.<\/p><h4>Les tendances actuelles en mati\u00e8re de couleurs en 2025 :<\/h4><ul><li><p><strong>Couleurs enchev\u00eatr\u00e9es<\/strong> (combinaisons audacieuses et inattendues)<\/p><\/li><li><p><strong>Couleurs fluor\u00e9es<\/strong> (n\u00e9ons \u00e0 haute \u00e9nergie)<\/p><\/li><li><p><strong>Tons naturels et terreux<\/strong> (inspir\u00e9s par la durabilit\u00e9 et le bien-\u00eatre)<\/p><\/li><\/ul><p>Conseil de pro : utilisez le contraste pour am\u00e9liorer la lisibilit\u00e9 et l&rsquo;accessibilit\u00e9. Les combinaisons texte\/arri\u00e8re-plan tr\u00e8s contrast\u00e9es sont essentielles, en particulier pour la conception de sites web. <\/p><h3>3. La typographie, ce n&rsquo;est pas seulement des polices &#8211; c&rsquo;est une voix et une personnalit\u00e9<\/h3><p>Les polices ont une personnalit\u00e9. Les polices avec empattement sont traditionnelles et dignes de confiance. Les polices sans empattement sont modernes. Les polices de caract\u00e8res peuvent \u00eatre fantaisistes ou \u00e9l\u00e9gantes. Choisissez en fonction de votre message et n&rsquo;en faites pas trop.    <\/p><p>Limitez-vous \u00e0 2 ou 3 polices par projet. Associez une police d\u00e9corative ou audacieuse \u00e0 une police propre et lisible pour le corps du texte. Vous obtiendrez des points bonus si vous ma\u00eetrisez le cr\u00e9nage, l&rsquo;avance et le suivi.  <\/p><h4>Tendances typographiques pour 2025 :<\/h4><ul><li><p><strong>Typographie maximaliste<\/strong> &#8211; Gros caract\u00e8res, gras et surdimensionn\u00e9s<\/p><\/li><li><p><strong>Retro serifs<\/strong> &#8211; Polices nostalgiques avec une touche de modernit\u00e9<\/p><\/li><li><p><strong>Typographie exp\u00e9rimentale<\/strong> &#8211; lettrage d\u00e9form\u00e9, stratifi\u00e9 et interactif<\/p><\/li><\/ul><p><a href=\"https:\/\/fonts.google.com\/\" target=\"_blank\" rel=\"noopener\">Google Fonts<\/a> et <a href=\"https:\/\/fonts.adobe.com\/\" target=\"_blank\" rel=\"noopener\">Adobe Fonts<\/a> sont deux excellentes biblioth\u00e8ques \u00e0 explorer.<\/p><h3>4. Des mises en page qui fonctionnent : Composition et flux visuel<\/h3><p>Une bonne conception guide l&rsquo;\u0153il. L&rsquo;un des outils les plus simples ? La r\u00e8gle des tiers. Divisez votre espace en une grille de 3&#215;3 et placez les \u00e9l\u00e9ments cl\u00e9s aux intersections.   <\/p><p>Utilisez les grilles pour la structure et l&rsquo;alignement pour la finition. Les marges et le remplissage sont importants. Personne n&rsquo;aime un design qui donne l&rsquo;impression d&rsquo;\u00eatre surcharg\u00e9.  <\/p><p>La hi\u00e9rarchie est essentielle : faites en sorte que l&rsquo;\u00e9l\u00e9ment le plus important soit mis en \u00e9vidence. Utilisez la taille, la couleur et le contraste pour cr\u00e9er un flux clair. <\/p><h3>5. Les outils du m\u00e9tier (m\u00eame si vous disposez d&rsquo;un budget limit\u00e9)<\/h3><p>Vous n&rsquo;avez pas besoin de vous lancer imm\u00e9diatement dans l&rsquo;achat d&rsquo;Adobe. Certains des meilleurs outils pour les d\u00e9butants sont gratuits ou peu co\u00fbteux. <\/p><h4>Normes industrielles :<\/h4><ul><li><p><strong>Adobe Photoshop<\/strong> &#8211; Retouche photo<\/p><\/li><li><p><strong>Illustrator<\/strong> &#8211; Vecteurs et logos<\/p><\/li><li><p><strong>InDesign<\/strong> &#8211; Mises en page et supports d&rsquo;impression<\/p><\/li><\/ul><h4>Des outils \u00e0 la port\u00e9e de tous :<\/h4><ul><li><p><strong>Canva<\/strong> &#8211; Mod\u00e8les et conception par glisser-d\u00e9poser<\/p><\/li><li><p><strong>Photopea<\/strong> &#8211; Alternative gratuite \u00e0 Photoshop<\/p><\/li><li><p><strong>Figma<\/strong> &#8211; Conception UX\/UI avec collaboration en temps r\u00e9el (maintenant avec des fonctions d&rsquo;IA)<\/p><\/li><li><p><strong>Affinity Designer<\/strong> &#8211; Une alternative \u00e0 l&rsquo;achat unique d&rsquo;Adobe<\/p><\/li><li><p><strong>Procreate<\/strong> &#8211; Croquis et illustrations sur iPad<\/p><\/li><li><p><strong>Krita<\/strong> &#8211; Outil de peinture open-source<\/p><\/li><\/ul><p>Un bon moniteur, un ordinateur rapide et une tablette de dessin optionnelle (comme Wacom ou XP-Pen) peuvent \u00e9galement am\u00e9liorer votre flux de travail lorsque vous \u00eates pr\u00eat.<\/p><h3>6. Explorez votre style (mais restez inspir\u00e9)<\/h3><p>Ne vous sentez pas enferm\u00e9 dans un seul look. Essayez le minimalisme. Essayez le maximalisme. Testez les vibrations vintage ou les lignes modernes et \u00e9pur\u00e9es. Le meilleur moyen de trouver votre style ? Essayez tout.     <\/p><h4>Les styles \u00e0 la mode en 2025 :<\/h4><ul><li><p><strong>Minimalisme audacieux<\/strong> &#8211; Mises en page \u00e9pur\u00e9es avec des couleurs ou des caract\u00e8res forts<\/p><\/li><li><p><strong>Surr\u00e9alisme 3D<\/strong> &#8211; M\u00e9lange de r\u00e9alisme et de fantaisie<\/p><\/li><li><p><strong>Design respectueux de l&rsquo;environnement<\/strong> &#8211; Textures naturelles et palettes de terre<\/p><\/li><li><p><strong>Illustration maximaliste<\/strong> &#8211; Compositions d\u00e9taill\u00e9es, dessin\u00e9es \u00e0 la main et color\u00e9es<\/p><\/li><\/ul><p>Suivez d&rsquo;autres designers sur <a href=\"https:\/\/www.behance.net\/\" target=\"_blank\" rel=\"noopener\">Behance<\/a>, <a href=\"https:\/\/dribbble.com\/\" target=\"_blank\" rel=\"noopener\">Dribbble<\/a> et Pinterest pour trouver des id\u00e9es.<\/p><h3>7. Restez simple, restez fort<\/h3><p>Votre design doit raconter une histoire, et non pas se faire concurrence. Concentrez-vous sur un seul message. Utilisez des espaces blancs pour permettre \u00e0 votre contenu de respirer.  <\/p><p>Utilisez le contraste pour faire ressortir les boutons CTA. N&rsquo;utilisez que des images en haute r\u00e9solution &#8211; personne n&rsquo;aime les images pixelis\u00e9es. V\u00e9rifiez toujours votre hi\u00e9rarchie. Si tout est important, rien ne l&rsquo;est.   <\/p><h3>8. Obtenez un retour d&rsquo;information (oui, m\u00eame s&rsquo;il est d\u00e9sagr\u00e9able)<\/h3><p>Partagez votre travail. Demandez des critiques. Acceptez les r\u00e9visions. Les commentaires d&rsquo;autres concepteurs (ou m\u00eame de votre public cible) vous aident \u00e0 d\u00e9celer les points faibles.   <\/p><p>Utilisez des plateformes comme r\/design_critiques sur Reddit, des groupes Slack sur la conception ou des communaut\u00e9s Discord pour obtenir l&rsquo;avis de personnes r\u00e9elles.<\/p><p>La conception est it\u00e9rative. Ce n&rsquo;est pas grave si la version 1.0 ne marche pas. Les versions 1.1 \u00e0 1.27 sont l\u00e0 pour \u00e7a.  <\/p><h3>9. Cr\u00e9ez un portefeuille (m\u00eame si vous n&rsquo;avez pas encore de \u00ab clients \u00bb)<\/h3><p>Votre portfolio est votre CV visuel. N&rsquo;attendez pas d&rsquo;\u00eatre r\u00e9mun\u00e9r\u00e9 : cr\u00e9ez des projets fictifs pour des marques que vous admirez ou des d\u00e9fis de conception. <\/p><p>Incluez des projets personnels, expliquez votre processus et pr\u00e9sentez votre fa\u00e7on de penser. Des plateformes telles que Behance, Adobe Portfolio ou m\u00eame un site personnel sur Webflow ou WordPress conviennent parfaitement. <\/p><h3>10. Le design est un voyage : profitez-en !<\/h3><p>La conception graphique est une comp\u00e9tence qui dure toute la vie. Les outils changeront. Les tendances \u00e9volueront. Mais votre cr\u00e9ativit\u00e9 ? C&rsquo;est ce qui vous distingue.    <\/p><p>Continuez \u00e0 exp\u00e9rimenter. Suivez votre curiosit\u00e9. Inscrivez-vous \u00e0 un cours Skillshare, participez \u00e0 un d\u00e9fi de conception de 30 jours ou redessinez votre affiche de film pr\u00e9f\u00e9r\u00e9e juste pour le plaisir.  <\/p><p>Plus vous concevez, plus vous vous am\u00e9liorez. Et plus vous partagerez, plus vous grandirez. <\/p><p>Vous avez besoin d&rsquo;aide pour am\u00e9liorer vos comp\u00e9tences en mati\u00e8re de design ? Ou pr\u00eat \u00e0 am\u00e9liorer l&rsquo;image de marque de votre entreprise avec l&rsquo;aide d&rsquo;un professionnel ? C&rsquo;est l\u00e0 que nous intervenons. <a href=\"https:\/\/wbcdesigns.com\/fr\/contacter-wbc-designs\/\">Discutons-en<\/a>.  <\/p>\t\t\t\t\t\t\t\t<\/div>\n\t\t\t\t\t<\/div>\n\t\t\t\t<\/div>\n\t\t\t\t<\/div>\n\t\t","protected":false},"excerpt":{"rendered":"<p>Conseils de graphisme pour les d\u00e9butants : Comment acqu\u00e9rir des comp\u00e9tences, de la confiance et des visuels percutants Vous d\u00e9butez dans la conception graphique ? Vous n&rsquo;avez pas besoin d&rsquo;un dipl\u00f4me en beaux-arts ou d&rsquo;outils sophistiqu\u00e9s pour vous lancer. Il vous suffit d&rsquo;une \u00e9tincelle de cr\u00e9ativit\u00e9, d&rsquo;un peu de curiosit\u00e9 et d&rsquo;une volont\u00e9 d&rsquo;exp\u00e9rimenter (et [&hellip;]<\/p>\n","protected":false},"author":1,"featured_media":0,"parent":0,"menu_order":0,"comment_status":"closed","ping_status":"closed","template":"","meta":{"footnotes":""},"class_list":["post-6218","page","type-page","status-publish","hentry"],"_links":{"self":[{"href":"https:\/\/wbcdesigns.com\/fr\/wp-json\/wp\/v2\/pages\/6218","targetHints":{"allow":["GET"]}}],"collection":[{"href":"https:\/\/wbcdesigns.com\/fr\/wp-json\/wp\/v2\/pages"}],"about":[{"href":"https:\/\/wbcdesigns.com\/fr\/wp-json\/wp\/v2\/types\/page"}],"author":[{"embeddable":true,"href":"https:\/\/wbcdesigns.com\/fr\/wp-json\/wp\/v2\/users\/1"}],"replies":[{"embeddable":true,"href":"https:\/\/wbcdesigns.com\/fr\/wp-json\/wp\/v2\/comments?post=6218"}],"version-history":[{"count":1,"href":"https:\/\/wbcdesigns.com\/fr\/wp-json\/wp\/v2\/pages\/6218\/revisions"}],"predecessor-version":[{"id":6219,"href":"https:\/\/wbcdesigns.com\/fr\/wp-json\/wp\/v2\/pages\/6218\/revisions\/6219"}],"wp:attachment":[{"href":"https:\/\/wbcdesigns.com\/fr\/wp-json\/wp\/v2\/media?parent=6218"}],"curies":[{"name":"wp","href":"https:\/\/api.w.org\/{rel}","templated":true}]}}