{"id":5501,"date":"2025-02-19T15:41:01","date_gmt":"2025-02-19T20:41:01","guid":{"rendered":"https:\/\/wbcdesigns.com\/declaration-daccessibilite-pour-les-projets-de-la-wbc\/"},"modified":"2025-03-27T10:07:24","modified_gmt":"2025-03-27T14:07:24","slug":"declaration-daccessibilite-pour-les-projets-de-la-wbc","status":"publish","type":"page","link":"https:\/\/wbcdesigns.com\/fr\/declaration-daccessibilite-pour-les-projets-de-la-wbc\/","title":{"rendered":"D\u00e9claration d&rsquo;accessibilit\u00e9 pour les projets de la WBC Designs"},"content":{"rendered":"\t\t<div data-elementor-type=\"wp-page\" data-elementor-id=\"5501\" class=\"elementor elementor-5501 elementor-5296\" data-elementor-post-type=\"page\">\n\t\t\t\t<div class=\"elementor-element elementor-element-b453487 e-flex e-con-boxed e-con e-parent\" data-id=\"b453487\" data-element_type=\"container\" data-e-type=\"container\">\n\t\t\t\t\t<div class=\"e-con-inner\">\n\t\t\t\t<div class=\"elementor-element elementor-element-9dda451 elementor-widget elementor-widget-text-editor\" data-id=\"9dda451\" data-element_type=\"widget\" data-e-type=\"widget\" data-widget_type=\"text-editor.default\">\n\t\t\t\t\t\t\t\t\t<p>Chez WBC Designs, nous pensons que l&rsquo;internet devrait \u00eatre accessible \u00e0 tous.<\/p>\n<p>Nous nous engageons \u00e0 rendre notre site web et nos services inclusifs et conviviaux pour toutes les personnes, ind\u00e9pendamment de leurs capacit\u00e9s, de leur technologie ou de leur situation. Nos efforts continus visent \u00e0 garantir que chacun puisse naviguer, interagir et comprendre le contenu de notre site sans obstacle. <\/p>\n<p>Dans le cadre de notre mission, qui consiste \u00e0 rendre la conception de sites web et le marketing num\u00e9rique accessibles \u00e0 tous, nous nous attachons tout particuli\u00e8rement \u00e0 soutenir les personnes et les organisations dont les budgets et les ressources sont plus modestes. L&rsquo;inclusion n&rsquo;est pas seulement une caract\u00e9ristique, c&rsquo;est un fondement. <\/p>\n<h3>Ce que nous faisons<\/h3>\n<p class=\"\" data-start=\"803\" data-end=\"1116\">Nous nous effor\u00e7ons de satisfaire ou de d\u00e9passer les exigences des <strong data-start=\"855\" data-end=\"906\">directives sur l&rsquo;accessibilit\u00e9 des contenus web (WCAG) 2.1<\/strong>, niveau AA. Ces lignes directrices sont \u00e9labor\u00e9es dans le cadre du processus du W3C afin de fournir une norme commune pour l&rsquo;accessibilit\u00e9 des contenus web qui r\u00e9ponde aux besoins des individus, des organisations et des gouvernements \u00e0 l&rsquo;\u00e9chelle internationale. <\/p>\n<p class=\"\" data-start=\"1118\" data-end=\"1441\"><a href=\"https:\/\/www.w3.org\/WAI\/standards-guidelines\/fr\" target=\"_blank\" rel=\"noopener\">Les lignes directrices pour l&rsquo;accessibilit\u00e9 des contenus web (WCAG)<\/a> d\u00e9finissent des exigences pour les concepteurs et les d\u00e9veloppeurs afin d&rsquo;am\u00e9liorer l&rsquo;accessibilit\u00e9 pour les personnes handicap\u00e9es. Elles d\u00e9finissent trois niveaux de conformit\u00e9 : <strong>Niveau A<\/strong>, <strong>Niveau AA<\/strong> et <strong data-start=\"1341\" data-end=\"1354\">Niveau AAA &#8211; le<\/strong>Niveau AA \u00e9tant l&rsquo;objectif de la plupart des organisations et la norme que nous nous effor\u00e7ons de respecter. <\/p>\n<p class=\"\" data-start=\"1443\" data-end=\"1454\">Cela signifie que :<\/p>\n<ul data-start=\"1455\" data-end=\"1719\">\n<li>\n<p>Utiliser des titres clairs et une structure s\u00e9mantique pour les lecteurs d&rsquo;\u00e9cran<\/p>\n<\/li>\n<li>\n<p>Assurer un contraste \u00e9lev\u00e9 des couleurs pour une meilleure lisibilit\u00e9<\/p>\n<\/li>\n<li>\n<p>Rendre notre site navigable au clavier<\/p>\n<\/li>\n<li>\n<p>Ajouter un texte alt significatif \u00e0 toutes les images importantes<\/p>\n<\/li>\n<li>\n<p>Concevoir pour les technologies mobiles et d&rsquo;assistance<\/p>\n<\/li>\n<\/ul>\n<h3>Les domaines dans lesquels nous nous am\u00e9liorons encore<\/h3>\n<p>L&rsquo;accessibilit\u00e9 est un parcours, pas une case \u00e0 cocher. Bien que nous concevions nos produits en tenant compte de l&rsquo;accessibilit\u00e9, nous savons qu&rsquo;il y a toujours une marge de progression. Certains domaines doivent encore \u00eatre am\u00e9lior\u00e9s, et nous apprenons et mettons \u00e0 jour nos pratiques en permanence.  <\/p>\n<h3>Retour d&rsquo;information bienvenu<\/h3>\n<p>Si vous rencontrez des difficult\u00e9s pour acc\u00e9der au contenu de notre site web ou si vous avez des id\u00e9es pour l&rsquo;am\u00e9liorer, n&rsquo;h\u00e9sitez pas \u00e0 nous contacter :<br>\ud83d\udce7 <a href=\"mailto:info@wbcdesigns.com\" rel=\"noopener\">info@wbcdesigns.com<\/a><br>\ud83d\udcde <a href=\"tel:16474831130\">1-647-483-1130<\/a><\/p>\n<p>Nous sommes l\u00e0 pour vous \u00e9couter et agir. Parce que l&rsquo;accessibilit\u00e9 n&rsquo;est pas seulement une bonne conception &#8211; c&rsquo;est la bonne chose \u00e0 faire. <\/p>\t\t\t\t\t\t\t\t<\/div>\n\t\t\t\t\t<\/div>\n\t\t\t\t<\/div>\n\t\t\t\t<\/div>\n\t\t","protected":false},"excerpt":{"rendered":"<p>Chez WBC Designs, nous pensons que l&rsquo;internet devrait \u00eatre accessible \u00e0 tous. Nous nous engageons \u00e0 rendre notre site web et nos services inclusifs et conviviaux pour toutes les personnes, ind\u00e9pendamment de leurs capacit\u00e9s, de leur technologie ou de leur situation. Nos efforts continus visent \u00e0 garantir que chacun puisse naviguer, interagir et comprendre le [&hellip;]<\/p>\n","protected":false},"author":1,"featured_media":5504,"parent":0,"menu_order":0,"comment_status":"closed","ping_status":"closed","template":"","meta":{"footnotes":""},"class_list":["post-5501","page","type-page","status-publish","has-post-thumbnail","hentry"],"_links":{"self":[{"href":"https:\/\/wbcdesigns.com\/fr\/wp-json\/wp\/v2\/pages\/5501","targetHints":{"allow":["GET"]}}],"collection":[{"href":"https:\/\/wbcdesigns.com\/fr\/wp-json\/wp\/v2\/pages"}],"about":[{"href":"https:\/\/wbcdesigns.com\/fr\/wp-json\/wp\/v2\/types\/page"}],"author":[{"embeddable":true,"href":"https:\/\/wbcdesigns.com\/fr\/wp-json\/wp\/v2\/users\/1"}],"replies":[{"embeddable":true,"href":"https:\/\/wbcdesigns.com\/fr\/wp-json\/wp\/v2\/comments?post=5501"}],"version-history":[{"count":0,"href":"https:\/\/wbcdesigns.com\/fr\/wp-json\/wp\/v2\/pages\/5501\/revisions"}],"wp:featuredmedia":[{"embeddable":true,"href":"https:\/\/wbcdesigns.com\/fr\/wp-json\/wp\/v2\/media\/5504"}],"wp:attachment":[{"href":"https:\/\/wbcdesigns.com\/fr\/wp-json\/wp\/v2\/media?parent=5501"}],"curies":[{"name":"wp","href":"https:\/\/api.w.org\/{rel}","templated":true}]}}