{"id":3269,"date":"2024-05-14T16:30:08","date_gmt":"2024-05-14T20:30:08","guid":{"rendered":"https:\/\/wbcdesigns.com\/affilies-et-references\/"},"modified":"2024-11-05T08:41:43","modified_gmt":"2024-11-05T13:41:43","slug":"affilies-et-references","status":"publish","type":"page","link":"https:\/\/wbcdesigns.com\/fr\/affilies-et-references\/","title":{"rendered":"Affili\u00e9s et r\u00e9f\u00e9rences"},"content":{"rendered":"\t\t<div data-elementor-type=\"wp-page\" data-elementor-id=\"3269\" class=\"elementor elementor-3269 elementor-3253\" data-elementor-post-type=\"page\">\n\t\t\t\t<div class=\"elementor-element elementor-element-55e9e7c e-flex e-con-boxed e-con e-parent\" data-id=\"55e9e7c\" data-element_type=\"container\" data-e-type=\"container\">\n\t\t\t\t\t<div class=\"e-con-inner\">\n\t\t\t\t<div class=\"elementor-element elementor-element-e288c2f elementor-widget elementor-widget-heading\" data-id=\"e288c2f\" data-element_type=\"widget\" data-e-type=\"widget\" data-widget_type=\"heading.default\">\n\t\t\t\t\t<h1 class=\"elementor-heading-title elementor-size-default\">Programme d'affiliation<\/h1>\t\t\t\t<\/div>\n\t\t\t\t<div class=\"elementor-element elementor-element-5f6d570 elementor-widget elementor-widget-text-editor\" data-id=\"5f6d570\" data-element_type=\"widget\" data-e-type=\"widget\" data-widget_type=\"text-editor.default\">\n\t\t\t\t\t\t\t\t\t<p>Vous \u00eates passionn\u00e9 par la conception de sites web, le marketing num\u00e9rique et l&rsquo;aide aux petites entreprises ? Ne cherchez pas plus loin ! Devenez un affili\u00e9 de WBC Designs et b\u00e9n\u00e9ficiez d&rsquo;avantages int\u00e9ressants.<\/p>\n\t\t\t\t\t\t\t\t<\/div>\n\t\t\t\t<div class=\"elementor-element elementor-element-acd62aa elementor-widget elementor-widget-heading\" data-id=\"acd62aa\" data-element_type=\"widget\" data-e-type=\"widget\" data-widget_type=\"heading.default\">\n\t\t\t\t\t<h2 class=\"elementor-heading-title elementor-size-default\">Donnez 50 $ et recevez 50 $ !<\/h2>\t\t\t\t<\/div>\n\t\t\t\t<div class=\"elementor-element elementor-element-23ebdbe elementor-icon-list--layout-traditional elementor-list-item-link-full_width elementor-widget elementor-widget-icon-list\" data-id=\"23ebdbe\" data-element_type=\"widget\" data-e-type=\"widget\" data-widget_type=\"icon-list.default\">\n\t\t\t\t\t\t\t<ul class=\"elementor-icon-list-items\">\n\t\t\t\t\t\t\t<li class=\"elementor-icon-list-item\">\n\t\t\t\t\t\t\t\t\t\t\t<span class=\"elementor-icon-list-icon\">\n\t\t\t\t\t\t\t<svg aria-hidden=\"true\" class=\"e-font-icon-svg e-fas-comment-dollar\" viewBox=\"0 0 512 512\" xmlns=\"http:\/\/www.w3.org\/2000\/svg\"><path d=\"M256 32C114.62 32 0 125.12 0 240c0 49.56 21.41 95.01 57.02 130.74C44.46 421.05 2.7 465.97 2.2 466.5A7.995 7.995 0 0 0 8 480c66.26 0 115.99-31.75 140.6-51.38C181.29 440.93 217.59 448 256 448c141.38 0 256-93.12 256-208S397.38 32 256 32zm24 302.44V352c0 8.84-7.16 16-16 16h-16c-8.84 0-16-7.16-16-16v-17.73c-11.42-1.35-22.28-5.19-31.78-11.46-6.22-4.11-6.82-13.11-1.55-18.38l17.52-17.52c3.74-3.74 9.31-4.24 14.11-2.03 3.18 1.46 6.66 2.22 10.26 2.22h32.78c4.66 0 8.44-3.78 8.44-8.42 0-3.75-2.52-7.08-6.12-8.11l-50.07-14.3c-22.25-6.35-40.01-24.71-42.91-47.67-4.05-32.07 19.03-59.43 49.32-63.05V128c0-8.84 7.16-16 16-16h16c8.84 0 16 7.16 16 16v17.73c11.42 1.35 22.28 5.19 31.78 11.46 6.22 4.11 6.82 13.11 1.55 18.38l-17.52 17.52c-3.74 3.74-9.31 4.24-14.11 2.03a24.516 24.516 0 0 0-10.26-2.22h-32.78c-4.66 0-8.44 3.78-8.44 8.42 0 3.75 2.52 7.08 6.12 8.11l50.07 14.3c22.25 6.36 40.01 24.71 42.91 47.67 4.05 32.06-19.03 59.42-49.32 63.04z\"><\/path><\/svg>\t\t\t\t\t\t<\/span>\n\t\t\t\t\t\t\t\t\t\t<span class=\"elementor-icon-list-text\"> <b>Gagnez 50 $ par recommandation <\/b> : Pour chaque nouveau client que vous recommandez, vous recevrez une g\u00e9n\u00e9reuse commission de 50 $.<\/span>\n\t\t\t\t\t\t\t\t\t<\/li>\n\t\t\t\t\t\t\t\t<li class=\"elementor-icon-list-item\">\n\t\t\t\t\t\t\t\t\t\t\t<span class=\"elementor-icon-list-icon\">\n\t\t\t\t\t\t\t<svg aria-hidden=\"true\" class=\"e-font-icon-svg e-fab-creative-commons-nc\" viewBox=\"0 0 496 512\" xmlns=\"http:\/\/www.w3.org\/2000\/svg\"><path d=\"M247.6 8C387.4 8 496 115.9 496 256c0 147.2-118.5 248-248.4 248C113.1 504 0 393.2 0 256 0 123.1 104.7 8 247.6 8zM55.8 189.1c-7.4 20.4-11.1 42.7-11.1 66.9 0 110.9 92.1 202.4 203.7 202.4 122.4 0 177.2-101.8 178.5-104.1l-93.4-41.6c-7.7 37.1-41.2 53-68.2 55.4v38.1h-28.8V368c-27.5-.3-52.6-10.2-75.3-29.7l34.1-34.5c31.7 29.4 86.4 31.8 86.4-2.2 0-6.2-2.2-11.2-6.6-15.1-14.2-6-1.8-.1-219.3-97.4zM248.4 52.3c-38.4 0-112.4 8.7-170.5 93l94.8 42.5c10-31.3 40.4-42.9 63.8-44.3v-38.1h28.8v38.1c22.7 1.2 43.4 8.9 62 23L295 199.7c-42.7-29.9-83.5-8-70 11.1 53.4 24.1 43.8 19.8 93 41.6l127.1 56.7c4.1-17.4 6.2-35.1 6.2-53.1 0-57-19.8-105-59.3-143.9-39.3-39.9-87.2-59.8-143.6-59.8z\"><\/path><\/svg>\t\t\t\t\t\t<\/span>\n\t\t\t\t\t\t\t\t\t\t<span class=\"elementor-icon-list-text\"><b>Bonus <\/b> : Les nouveaux clients \u00e9conomisent 50 $ sur leur premi\u00e8re commande en utilisant votre code de r\u00e9duction d'affili\u00e9. Tout le monde y gagne !<\/span>\n\t\t\t\t\t\t\t\t\t<\/li>\n\t\t\t\t\t\t\t\t<li class=\"elementor-icon-list-item\">\n\t\t\t\t\t\t\t\t\t\t\t<span class=\"elementor-icon-list-icon\">\n\t\t\t\t\t\t\t<svg aria-hidden=\"true\" class=\"e-font-icon-svg e-fas-link\" viewBox=\"0 0 512 512\" xmlns=\"http:\/\/www.w3.org\/2000\/svg\"><path d=\"M326.612 185.391c59.747 59.809 58.927 155.698.36 214.59-.11.12-.24.25-.36.37l-67.2 67.2c-59.27 59.27-155.699 59.262-214.96 0-59.27-59.26-59.27-155.7 0-214.96l37.106-37.106c9.84-9.84 26.786-3.3 27.294 10.606.648 17.722 3.826 35.527 9.69 52.721 1.986 5.822.567 12.262-3.783 16.612l-13.087 13.087c-28.026 28.026-28.905 73.66-1.155 101.96 28.024 28.579 74.086 28.749 102.325.51l67.2-67.19c28.191-28.191 28.073-73.757 0-101.83-3.701-3.694-7.429-6.564-10.341-8.569a16.037 16.037 0 0 1-6.947-12.606c-.396-10.567 3.348-21.456 11.698-29.806l21.054-21.055c5.521-5.521 14.182-6.199 20.584-1.731a152.482 152.482 0 0 1 20.522 17.197zM467.547 44.449c-59.261-59.262-155.69-59.27-214.96 0l-67.2 67.2c-.12.12-.25.25-.36.37-58.566 58.892-59.387 154.781.36 214.59a152.454 152.454 0 0 0 20.521 17.196c6.402 4.468 15.064 3.789 20.584-1.731l21.054-21.055c8.35-8.35 12.094-19.239 11.698-29.806a16.037 16.037 0 0 0-6.947-12.606c-2.912-2.005-6.64-4.875-10.341-8.569-28.073-28.073-28.191-73.639 0-101.83l67.2-67.19c28.239-28.239 74.3-28.069 102.325.51 27.75 28.3 26.872 73.934-1.155 101.96l-13.087 13.087c-4.35 4.35-5.769 10.79-3.783 16.612 5.864 17.194 9.042 34.999 9.69 52.721.509 13.906 17.454 20.446 27.294 10.606l37.106-37.106c59.271-59.259 59.271-155.699.001-214.959z\"><\/path><\/svg>\t\t\t\t\t\t<\/span>\n\t\t\t\t\t\t\t\t\t\t<span class=\"elementor-icon-list-text\"><b>URL de suivi exclusive<\/b> : Obtenez votre URL de suivi d'affili\u00e9 unique d\u00e8s votre inscription. Partagez-le avec des clients potentiels et voyez vos revenus augmenter.<\/span>\n\t\t\t\t\t\t\t\t\t<\/li>\n\t\t\t\t\t\t\t\t<li class=\"elementor-icon-list-item\">\n\t\t\t\t\t\t\t\t\t\t\t<span class=\"elementor-icon-list-icon\">\n\t\t\t\t\t\t\t<svg aria-hidden=\"true\" class=\"e-font-icon-svg e-fas-users-cog\" viewBox=\"0 0 640 512\" xmlns=\"http:\/\/www.w3.org\/2000\/svg\"><path d=\"M610.5 341.3c2.6-14.1 2.6-28.5 0-42.6l25.8-14.9c3-1.7 4.3-5.2 3.3-8.5-6.7-21.6-18.2-41.2-33.2-57.4-2.3-2.5-6-3.1-9-1.4l-25.8 14.9c-10.9-9.3-23.4-16.5-36.9-21.3v-29.8c0-3.4-2.4-6.4-5.7-7.1-22.3-5-45-4.8-66.2 0-3.3.7-5.7 3.7-5.7 7.1v29.8c-13.5 4.8-26 12-36.9 21.3l-25.8-14.9c-2.9-1.7-6.7-1.1-9 1.4-15 16.2-26.5 35.8-33.2 57.4-1 3.3.4 6.8 3.3 8.5l25.8 14.9c-2.6 14.1-2.6 28.5 0 42.6l-25.8 14.9c-3 1.7-4.3 5.2-3.3 8.5 6.7 21.6 18.2 41.1 33.2 57.4 2.3 2.5 6 3.1 9 1.4l25.8-14.9c10.9 9.3 23.4 16.5 36.9 21.3v29.8c0 3.4 2.4 6.4 5.7 7.1 22.3 5 45 4.8 66.2 0 3.3-.7 5.7-3.7 5.7-7.1v-29.8c13.5-4.8 26-12 36.9-21.3l25.8 14.9c2.9 1.7 6.7 1.1 9-1.4 15-16.2 26.5-35.8 33.2-57.4 1-3.3-.4-6.8-3.3-8.5l-25.8-14.9zM496 368.5c-26.8 0-48.5-21.8-48.5-48.5s21.8-48.5 48.5-48.5 48.5 21.8 48.5 48.5-21.7 48.5-48.5 48.5zM96 224c35.3 0 64-28.7 64-64s-28.7-64-64-64-64 28.7-64 64 28.7 64 64 64zm224 32c1.9 0 3.7-.5 5.6-.6 8.3-21.7 20.5-42.1 36.3-59.2 7.4-8 17.9-12.6 28.9-12.6 6.9 0 13.7 1.8 19.6 5.3l7.9 4.6c.8-.5 1.6-.9 2.4-1.4 7-14.6 11.2-30.8 11.2-48 0-61.9-50.1-112-112-112S208 82.1 208 144c0 61.9 50.1 112 112 112zm105.2 194.5c-2.3-1.2-4.6-2.6-6.8-3.9-8.2 4.8-15.3 9.8-27.5 9.8-10.9 0-21.4-4.6-28.9-12.6-18.3-19.8-32.3-43.9-40.2-69.6-10.7-34.5 24.9-49.7 25.8-50.3-.1-2.6-.1-5.2 0-7.8l-7.9-4.6c-3.8-2.2-7-5-9.8-8.1-3.3.2-6.5.6-9.8.6-24.6 0-47.6-6-68.5-16h-8.3C179.6 288 128 339.6 128 403.2V432c0 26.5 21.5 48 48 48h255.4c-3.7-6-6.2-12.8-6.2-20.3v-9.2zM173.1 274.6C161.5 263.1 145.6 256 128 256H64c-35.3 0-64 28.7-64 64v32c0 17.7 14.3 32 32 32h65.9c6.3-47.4 34.9-87.3 75.2-109.4z\"><\/path><\/svg>\t\t\t\t\t\t<\/span>\n\t\t\t\t\t\t\t\t\t\t<span class=\"elementor-icon-list-text\"><b>Des solutions sur mesure<\/b> : Nos forfaits mensuels (SEO, SMM, conception Web et h\u00e9bergement Web) r\u00e9pondent aux divers besoins des clients. Vous promouvez des services de qualit\u00e9 !<\/span>\n\t\t\t\t\t\t\t\t\t<\/li>\n\t\t\t\t\t\t\t\t<li class=\"elementor-icon-list-item\">\n\t\t\t\t\t\t\t\t\t\t\t<span class=\"elementor-icon-list-icon\">\n\t\t\t\t\t\t\t<svg aria-hidden=\"true\" class=\"e-font-icon-svg e-fas-money-bill-wave\" viewBox=\"0 0 640 512\" xmlns=\"http:\/\/www.w3.org\/2000\/svg\"><path d=\"M621.16 54.46C582.37 38.19 543.55 32 504.75 32c-123.17-.01-246.33 62.34-369.5 62.34-30.89 0-61.76-3.92-92.65-13.72-3.47-1.1-6.95-1.62-10.35-1.62C15.04 79 0 92.32 0 110.81v317.26c0 12.63 7.23 24.6 18.84 29.46C57.63 473.81 96.45 480 135.25 480c123.17 0 246.34-62.35 369.51-62.35 30.89 0 61.76 3.92 92.65 13.72 3.47 1.1 6.95 1.62 10.35 1.62 17.21 0 32.25-13.32 32.25-31.81V83.93c-.01-12.64-7.24-24.6-18.85-29.47zM48 132.22c20.12 5.04 41.12 7.57 62.72 8.93C104.84 170.54 79 192.69 48 192.69v-60.47zm0 285v-47.78c34.37 0 62.18 27.27 63.71 61.4-22.53-1.81-43.59-6.31-63.71-13.62zM320 352c-44.19 0-80-42.99-80-96 0-53.02 35.82-96 80-96s80 42.98 80 96c0 53.03-35.83 96-80 96zm272 27.78c-17.52-4.39-35.71-6.85-54.32-8.44 5.87-26.08 27.5-45.88 54.32-49.28v57.72zm0-236.11c-30.89-3.91-54.86-29.7-55.81-61.55 19.54 2.17 38.09 6.23 55.81 12.66v48.89z\"><\/path><\/svg>\t\t\t\t\t\t<\/span>\n\t\t\t\t\t\t\t\t\t\t<span class=\"elementor-icon-list-text\"><b>Paiements mensuels<\/b> : Nous effectuons les paiements par l'interm\u00e9diaire de votre centre client tous les 31 jours. Pas d'attente, votre travail acharn\u00e9 est rapidement r\u00e9compens\u00e9.<\/span>\n\t\t\t\t\t\t\t\t\t<\/li>\n\t\t\t\t\t\t\t\t<li class=\"elementor-icon-list-item\">\n\t\t\t\t\t\t\t\t\t\t\t<span class=\"elementor-icon-list-icon\">\n\t\t\t\t\t\t\t<svg aria-hidden=\"true\" class=\"e-font-icon-svg e-fas-user-check\" viewBox=\"0 0 640 512\" xmlns=\"http:\/\/www.w3.org\/2000\/svg\"><path d=\"M224 256c70.7 0 128-57.3 128-128S294.7 0 224 0 96 57.3 96 128s57.3 128 128 128zm89.6 32h-16.7c-22.2 10.2-46.9 16-72.9 16s-50.6-5.8-72.9-16h-16.7C60.2 288 0 348.2 0 422.4V464c0 26.5 21.5 48 48 48h352c26.5 0 48-21.5 48-48v-41.6c0-74.2-60.2-134.4-134.4-134.4zm323-128.4l-27.8-28.1c-4.6-4.7-12.1-4.7-16.8-.1l-104.8 104-45.5-45.8c-4.6-4.7-12.1-4.7-16.8-.1l-28.1 27.9c-4.7 4.6-4.7 12.1-.1 16.8l81.7 82.3c4.6 4.7 12.1 4.7 16.8.1l141.3-140.2c4.6-4.7 4.7-12.2.1-16.8z\"><\/path><\/svg>\t\t\t\t\t\t<\/span>\n\t\t\t\t\t\t\t\t\t\t<span class=\"elementor-icon-list-text\">Vous \u00eates d\u00e9j\u00e0 client ? Il suffit de se rendre sur <a href=\"https:\/\/wbcdesigns.com\/billing\/affiliates.php?&amp;language=french\">la page des affili\u00e9s de votre espace client.<\/a><\/span>\n\t\t\t\t\t\t\t\t\t<\/li>\n\t\t\t\t\t\t\t\t<li class=\"elementor-icon-list-item\">\n\t\t\t\t\t\t\t\t\t\t\t<span class=\"elementor-icon-list-icon\">\n\t\t\t\t\t\t\t<svg aria-hidden=\"true\" class=\"e-font-icon-svg e-fas-user-plus\" viewBox=\"0 0 640 512\" xmlns=\"http:\/\/www.w3.org\/2000\/svg\"><path d=\"M624 208h-64v-64c0-8.8-7.2-16-16-16h-32c-8.8 0-16 7.2-16 16v64h-64c-8.8 0-16 7.2-16 16v32c0 8.8 7.2 16 16 16h64v64c0 8.8 7.2 16 16 16h32c8.8 0 16-7.2 16-16v-64h64c8.8 0 16-7.2 16-16v-32c0-8.8-7.2-16-16-16zm-400 48c70.7 0 128-57.3 128-128S294.7 0 224 0 96 57.3 96 128s57.3 128 128 128zm89.6 32h-16.7c-22.2 10.2-46.9 16-72.9 16s-50.6-5.8-72.9-16h-16.7C60.2 288 0 348.2 0 422.4V464c0 26.5 21.5 48 48 48h352c26.5 0 48-21.5 48-48v-41.6c0-74.2-60.2-134.4-134.4-134.4z\"><\/path><\/svg>\t\t\t\t\t\t<\/span>\n\t\t\t\t\t\t\t\t\t\t<span class=\"elementor-icon-list-text\">Vous n'avez pas besoin d'\u00eatre client, il vous suffit de <a href=\"https:\/\/wbcdesigns.com\/billing\/register.php?language=French\">cr\u00e9er un compte<\/a>.<\/span>\n\t\t\t\t\t\t\t\t\t<\/li>\n\t\t\t\t\t\t\t\t<li class=\"elementor-icon-list-item\">\n\t\t\t\t\t\t\t\t\t\t\t<span class=\"elementor-icon-list-icon\">\n\t\t\t\t\t\t\t<svg aria-hidden=\"true\" class=\"e-font-icon-svg e-fas-clipboard-check\" viewBox=\"0 0 384 512\" xmlns=\"http:\/\/www.w3.org\/2000\/svg\"><path d=\"M336 64h-80c0-35.3-28.7-64-64-64s-64 28.7-64 64H48C21.5 64 0 85.5 0 112v352c0 26.5 21.5 48 48 48h288c26.5 0 48-21.5 48-48V112c0-26.5-21.5-48-48-48zM192 40c13.3 0 24 10.7 24 24s-10.7 24-24 24-24-10.7-24-24 10.7-24 24-24zm121.2 231.8l-143 141.8c-4.7 4.7-12.3 4.6-17-.1l-82.6-83.3c-4.7-4.7-4.6-12.3.1-17L99.1 285c4.7-4.7 12.3-4.6 17 .1l46 46.4 106-105.2c4.7-4.7 12.3-4.6 17 .1l28.2 28.4c4.7 4.8 4.6 12.3-.1 17z\"><\/path><\/svg>\t\t\t\t\t\t<\/span>\n\t\t\t\t\t\t\t\t\t\t<span class=\"elementor-icon-list-text\">En participant au programme d'affiliation, vous acceptez les <a href=\"#terms\">conditions g\u00e9n\u00e9rales<\/a> ci-dessous ainsi que notre <a href=\"https:\/\/wbcdesigns.com\/fr\/politique-de-confidentialite\/\">politique de confidentialit\u00e9<\/a>:<\/span>\n\t\t\t\t\t\t\t\t\t<\/li>\n\t\t\t\t\t\t<\/ul>\n\t\t\t\t\t\t<\/div>\n\t\t\t\t<div class=\"elementor-element elementor-element-ebd8255 elementor-cta--skin-cover elementor-animated-content elementor-widget elementor-widget-call-to-action\" data-id=\"ebd8255\" data-element_type=\"widget\" data-e-type=\"widget\" data-widget_type=\"call-to-action.default\">\n\t\t\t\t\t\t\t<div class=\"elementor-cta\">\n\t\t\t\t\t<div class=\"elementor-cta__bg-wrapper\">\n\t\t\t\t<div class=\"elementor-cta__bg elementor-bg\" style=\"background-image: url();\" role=\"img\" aria-label=\"\"><\/div>\n\t\t\t\t<div class=\"elementor-cta__bg-overlay\"><\/div>\n\t\t\t<\/div>\n\t\t\t\t\t\t\t<div class=\"elementor-cta__content\">\n\t\t\t\t\n\t\t\t\t\t\t\t\t\t<h2 class=\"elementor-cta__title elementor-cta__content-item elementor-content-item elementor-animated-item--grow\">\n\t\t\t\t\t\tPr\u00eat \u00e0 augmenter vos revenus<br>tout en aidant les entreprises \u00e0 r\u00e9ussir ?\t\t\t\t\t<\/h2>\n\t\t\t\t\n\t\t\t\t\t\t\t\t\t<div class=\"elementor-cta__description elementor-cta__content-item elementor-content-item elementor-animated-item--grow\">\n\t\t\t\t\t\t<p>Inscrivez-vous d\u00e8s maintenant et faites partie de la famille WBC Designs ! \ud83d\ude80<\/p>\n\t\t\t\t\t<\/div>\n\t\t\t\t\n\t\t\t\t\t\t\t\t\t<div class=\"elementor-cta__button-wrapper elementor-cta__content-item elementor-content-item elementor-animated-item--grow\">\n\t\t\t\t\t<a class=\"elementor-cta__button elementor-button elementor-size-\" href=\"https:\/\/wbcdesigns.com\/billing\/affiliates.php?&#038;language=french\">\n\t\t\t\t\t\tRejoindre le programme d'affiliation\t\t\t\t\t<\/a>\n\t\t\t\t\t<\/div>\n\t\t\t\t\t\t\t<\/div>\n\t\t\t\t\t\t<\/div>\n\t\t\t\t\t\t<\/div>\n\t\t\t\t<div class=\"elementor-element elementor-element-8c4c31b elementor-widget elementor-widget-menu-anchor\" data-id=\"8c4c31b\" data-element_type=\"widget\" data-e-type=\"widget\" data-widget_type=\"menu-anchor.default\">\n\t\t\t\t\t\t\t<div class=\"elementor-menu-anchor\" id=\"terms\"><\/div>\n\t\t\t\t\t\t<\/div>\n\t\t\t\t<div class=\"elementor-element elementor-element-d91738f elementor-widget elementor-widget-n-accordion\" data-id=\"d91738f\" data-element_type=\"widget\" data-e-type=\"widget\" data-settings=\"{&quot;default_state&quot;:&quot;expanded&quot;,&quot;max_items_expended&quot;:&quot;one&quot;,&quot;n_accordion_animation_duration&quot;:{&quot;unit&quot;:&quot;ms&quot;,&quot;size&quot;:400,&quot;sizes&quot;:[]}}\" data-widget_type=\"nested-accordion.default\">\n\t\t\t\t\t\t\t<div class=\"e-n-accordion\" aria-label=\"Accordion. Open links with Enter or Space, close with Escape, and navigate with Arrow Keys\">\n\t\t\t\t\t\t<details id=\"e-n-accordion-item-2270\" class=\"e-n-accordion-item\" open>\n\t\t\t\t<summary class=\"e-n-accordion-item-title\" data-accordion-index=\"1\" tabindex=\"0\" aria-expanded=\"true\" aria-controls=\"e-n-accordion-item-2270\" >\n\t\t\t\t\t<span class='e-n-accordion-item-title-header'><div class=\"e-n-accordion-item-title-text\"> CONDITIONS G\u00c9N\u00c9RALES <\/div><\/span>\n\t\t\t\t\t\t\t<span class='e-n-accordion-item-title-icon'>\n\t\t\t<span class='e-opened' ><svg aria-hidden=\"true\" class=\"e-font-icon-svg e-fas-minus\" viewBox=\"0 0 448 512\" xmlns=\"http:\/\/www.w3.org\/2000\/svg\"><path d=\"M416 208H32c-17.67 0-32 14.33-32 32v32c0 17.67 14.33 32 32 32h384c17.67 0 32-14.33 32-32v-32c0-17.67-14.33-32-32-32z\"><\/path><\/svg><\/span>\n\t\t\t<span class='e-closed'><svg aria-hidden=\"true\" class=\"e-font-icon-svg e-fas-plus\" viewBox=\"0 0 448 512\" xmlns=\"http:\/\/www.w3.org\/2000\/svg\"><path d=\"M416 208H272V64c0-17.67-14.33-32-32-32h-32c-17.67 0-32 14.33-32 32v144H32c-17.67 0-32 14.33-32 32v32c0 17.67 14.33 32 32 32h144v144c0 17.67 14.33 32 32 32h32c17.67 0 32-14.33 32-32V304h144c17.67 0 32-14.33 32-32v-32c0-17.67-14.33-32-32-32z\"><\/path><\/svg><\/span>\n\t\t<\/span>\n\n\t\t\t\t\t\t<\/summary>\n\t\t\t\t<div role=\"region\" aria-labelledby=\"e-n-accordion-item-2270\" class=\"elementor-element elementor-element-5a528da e-con-full e-flex e-con e-child\" data-id=\"5a528da\" data-element_type=\"container\" data-e-type=\"container\">\n\t\t\t\t<div class=\"elementor-element elementor-element-cf47474 elementor-widget elementor-widget-text-editor\" data-id=\"cf47474\" data-element_type=\"widget\" data-e-type=\"widget\" data-widget_type=\"text-editor.default\">\n\t\t\t\t\t\t\t\t\t<div class=\"content\" tabindex=\"0\" aria-description=\"\" aria-label=\"Sent by Copilot: Certainly! Below is a draft of the **Affiliate Marketing Program Terms and Conditions** for **WBC Designs**. Feel free to customize it further to align with your specific requirements: --- # WBC DESIGNS AFFILIATE MARKETING PROGRAM TERMS AND CONDITIONS ## 1. Overview The WBC Designs Affiliate Marketing Program (\"Program\") allows affiliates to refer new clients to WBC Designs and earn commissions. By participating in the Program, affiliates agree to the following terms and conditions. ## 2. Eligibility - Affiliates must be at least 18 years old. - Existing clients of WBC Designs are eligible to participate. - Affiliates must have a valid PayPal account to receive commissions. ## 3. Referral Process - Affiliates will receive a unique affiliate tracking URL upon registration. - Affiliates share this URL with potential clients. - Referred clients must use the affiliate's unique URL during the sign-up process. - Commissions are earned when referred clients make their first purchase. ## 4. Commission Structure - Affiliates earn a $50 commission for each successful referral. - Existing clients receive a $50 credit on their WBC Designs account for each successful referral. ## 5. Qualified Referrals - Referrals must be new clients who have not previously used WBC Designs' services. - Referrals must sign up for one of the following monthly packages: - SEO Monthly Package - SMM Monthly Package - Web Design Monthly Package - Web Hosting Monthly Package - The referred client's package value must be greater than $50 per month. ## 6. Prohibited Activities Affiliates must not engage in the following activities: - **Fraud**: Creating fake accounts or using deceptive practices to generate referrals. - **Disparagement**: Making negative or false statements about WBC Designs. - **False Promises**: Misleading potential clients about WBC Designs' products or services. - **Spamming**: Unsolicited emails or messages promoting the Program. ## 7. Payment - Commissions are paid monthly via PayPal. - Minimum payout threshold: $50. - Payments are processed within 30 days after the end of each month. ## 8. Termination WBC Designs reserves the right to terminate an affiliate's participation in the Program for violation of these terms. --- Please review and adapt these terms as needed. If you have any specific questions or additional requirements, feel free to let me know! \ud83c\udf1f\">\n<div class=\"ac-container ac-adaptiveCard\">\n<div class=\"ac-textBlock\">\n<h3>1. Vue d&rsquo;ensemble<\/h3>\n<p>Le programme de marketing d&rsquo;affiliation de WBC Designs (\u00ab\u00a0programme\u00a0\u00bb) permet aux affili\u00e9s de recommander de nouveaux clients \u00e0 WBC Designs et de percevoir des commissions. En participant au programme, les affili\u00e9s acceptent les conditions suivantes.<\/p>\n<h3>2. L&rsquo;\u00e9ligibilit\u00e9<\/h3>\n<ul>\n<li>Les affili\u00e9s doivent \u00eatre \u00e2g\u00e9s d&rsquo;au moins 18 ans.<\/li>\n<li>Les clients actuels de WBC Designs peuvent participer.<\/li>\n<li>Les affili\u00e9s doivent avoir un compte PayPal valide pour recevoir des commissions. Dans le cas contraire, ils recevront un cr\u00e9dit qu&rsquo;ils pourront utiliser pour acheter des produits et services de WBC Designs. Dans le cas contraire, un cr\u00e9dit sera \u00e9mis sur leur compte et pourra \u00eatre utilis\u00e9 pour des produits et services offerts par WBC Designs.<\/li>\n<\/ul>\n<h3>3. Processus d&rsquo;orientation<\/h3>\n<ul>\n<li>Les affili\u00e9s recevront une URL unique de suivi des affili\u00e9s lors de leur inscription.<\/li>\n<li>Les affili\u00e9s partagent cette URL avec des clients potentiels.<\/li>\n<li>Les clients recommand\u00e9s doivent utiliser l&rsquo;URL unique de l&rsquo;affili\u00e9 lors de la proc\u00e9dure d&rsquo;inscription.<\/li>\n<li>Des commissions sont per\u00e7ues lorsque les clients recommand\u00e9s effectuent leur premier achat.<\/li>\n<\/ul>\n<h3>4. Structure de la Commission<\/h3>\n<ul>\n<li>Les affili\u00e9s gagnent une commission de 50 $ pour chaque recommandation r\u00e9ussie.<\/li>\n<li>Les clients existants re\u00e7oivent un cr\u00e9dit de 50 $ sur leur compte WBC Designs pour chaque recommandation r\u00e9ussie.<\/li>\n<\/ul>\n<h3>5. R\u00e9f\u00e9rences qualifi\u00e9es<\/h3>\n<ul>\n<li>Les personnes recommand\u00e9es doivent \u00eatre de nouveaux clients qui n&rsquo;ont jamais fait appel aux services de WBC Designs.<\/li>\n<li>Les personnes recommand\u00e9es doivent s&rsquo;inscrire \u00e0 l&rsquo;un des forfaits mensuels suivants :\n<ul>\n<li>Forfaits d&rsquo;optimisation des moteurs de recherche (SEO)<\/li>\n<li>Forfaits de gestion des m\u00e9dias sociaux<\/li>\n<li>Forfaits mensuels de conception de sites web<\/li>\n<li>Forfaits mensuels d\u2019h\u00e9bergement Web<\/li>\n<\/ul>\n<\/li>\n<li>La valeur du forfait du client recommand\u00e9 doit \u00eatre sup\u00e9rieure \u00e0 50 $ par mois.<\/li>\n<\/ul>\n<h3>6. Activit\u00e9s interdites<\/h3>\n<p>Les affili\u00e9s ne doivent pas s&rsquo;engager dans les activit\u00e9s suivantes :<\/p>\n<ul>\n<li><strong>Fraude <\/strong> : Cr\u00e9er de faux comptes ou utiliser des pratiques trompeuses pour g\u00e9n\u00e9rer des recommandations.<\/li>\n<li><strong>D\u00e9nigrement <\/strong> : Faire des d\u00e9clarations n\u00e9gatives ou fausses sur WBC Designs.<\/li>\n<li><strong>Fausses promesses<\/strong> : Tromper les clients potentiels sur les produits ou services de WBC Designs.<\/li>\n<li><strong>Spamming <\/strong> : Courriels ou messages non sollicit\u00e9s faisant la promotion du programme.<\/li>\n<\/ul>\n<h3>7. Paiement<\/h3>\n<ul>\n<li>Les commissions sont g\u00e9r\u00e9es via votre centre client.<\/li>\n<li>Seuil de paiement minimum : 50 $.<\/li>\n<li>Les paiements sont effectu\u00e9s dans les 31 jours suivant la fin du mois.<\/li>\n<li>La commission est retenue pendant 31 jours apr\u00e8s que le client que vous avez recommand\u00e9 a effectu\u00e9 son premier paiement.<\/li>\n<\/ul>\n<h3>8. R\u00e9siliation<\/h3>\n<p>WBC Designs se r\u00e9serve le droit de mettre fin \u00e0 la participation d&rsquo;un affili\u00e9 au programme en cas de violation de ces conditions.<\/p>\n<\/div>\n<\/div>\n<\/div>\n\t\t\t\t\t\t\t\t<\/div>\n\t\t\t\t<\/div>\n\t\t\t\t\t<\/details>\n\t\t\t\t\t<\/div>\n\t\t\t\t\t\t<\/div>\n\t\t\t\t\t<\/div>\n\t\t\t\t<\/div>\n\t\t\t\t<\/div>\n\t\t","protected":false},"excerpt":{"rendered":"<p>Programme d&rsquo;affiliation Vous \u00eates passionn\u00e9 par la conception de sites web, le marketing num\u00e9rique et l&rsquo;aide aux petites entreprises ? Ne cherchez pas plus loin ! Devenez un affili\u00e9 de WBC Designs et b\u00e9n\u00e9ficiez d&rsquo;avantages int\u00e9ressants. Donnez 50 $ et recevez 50 $ ! Gagnez 50 $ par recommandation : Pour chaque nouveau client que [&hellip;]<\/p>\n","protected":false},"author":1,"featured_media":4092,"parent":0,"menu_order":0,"comment_status":"closed","ping_status":"closed","template":"","meta":{"footnotes":""},"class_list":["post-3269","page","type-page","status-publish","has-post-thumbnail","hentry"],"_links":{"self":[{"href":"https:\/\/wbcdesigns.com\/fr\/wp-json\/wp\/v2\/pages\/3269","targetHints":{"allow":["GET"]}}],"collection":[{"href":"https:\/\/wbcdesigns.com\/fr\/wp-json\/wp\/v2\/pages"}],"about":[{"href":"https:\/\/wbcdesigns.com\/fr\/wp-json\/wp\/v2\/types\/page"}],"author":[{"embeddable":true,"href":"https:\/\/wbcdesigns.com\/fr\/wp-json\/wp\/v2\/users\/1"}],"replies":[{"embeddable":true,"href":"https:\/\/wbcdesigns.com\/fr\/wp-json\/wp\/v2\/comments?post=3269"}],"version-history":[{"count":0,"href":"https:\/\/wbcdesigns.com\/fr\/wp-json\/wp\/v2\/pages\/3269\/revisions"}],"wp:featuredmedia":[{"embeddable":true,"href":"https:\/\/wbcdesigns.com\/fr\/wp-json\/wp\/v2\/media\/4092"}],"wp:attachment":[{"href":"https:\/\/wbcdesigns.com\/fr\/wp-json\/wp\/v2\/media?parent=3269"}],"curies":[{"name":"wp","href":"https:\/\/api.w.org\/{rel}","templated":true}]}}