{"id":1559,"date":"2023-10-19T12:45:49","date_gmt":"2023-10-19T16:45:49","guid":{"rendered":"https:\/\/wbcdesigns.com\/travailler-pour-wbc-designs\/"},"modified":"2024-04-10T21:24:59","modified_gmt":"2024-04-11T01:24:59","slug":"travailler-pour-wbc-designs","status":"publish","type":"page","link":"https:\/\/wbcdesigns.com\/fr\/travailler-pour-wbc-designs\/","title":{"rendered":"Travailler pour WBC Designs"},"content":{"rendered":"\t\t<div data-elementor-type=\"wp-page\" data-elementor-id=\"1559\" class=\"elementor elementor-1559 elementor-645\" data-elementor-post-type=\"page\">\n\t\t\t\t<div class=\"elementor-element elementor-element-2dda3d9 e-flex e-con-boxed e-con e-parent\" data-id=\"2dda3d9\" data-element_type=\"container\" data-e-type=\"container\">\n\t\t\t\t\t<div class=\"e-con-inner\">\n\t\t<div class=\"elementor-element elementor-element-62e32c0b e-con-full e-flex e-con e-child\" data-id=\"62e32c0b\" data-element_type=\"container\" data-e-type=\"container\">\n\t\t\t\t<div class=\"elementor-element elementor-element-5cae8273 elementor-widget elementor-widget-text-editor\" data-id=\"5cae8273\" data-element_type=\"widget\" data-e-type=\"widget\" data-widget_type=\"text-editor.default\">\n\t\t\t\t\t\t\t\t\t<p>WBC Designs est en pleine expansion et nous avons besoin d&rsquo;une <a href=\"https:\/\/wbcdesigns.com\/our-team-of-experts\/\" target=\"_blank\" rel=\"noopener\">\u00e9quipe d&rsquo;experts de haut niveau<\/a> pour continuer \u00e0 grandir et \u00e0 offrir les r\u00e9sultats de haute qualit\u00e9 que nos clients attendent. Nous sommes une petite entreprise dirig\u00e9e par <a href=\"https:\/\/wbcdesigns.com\/fr\/craig-steinberg-directeur-general\/\">Craig<\/a>. En raison de sa formation en psychologie et en entrepreneuriat, il croit fermement que ses employ\u00e9s doivent \u00eatre aussi satisfaits que ses clients. Prenez soin du client et il prendra soin de vous. Vous trouverez ci-dessous les postes que nous cherchons \u00e0 pourvoir :<\/p>\n\t\t\t\t\t\t\t\t<\/div>\n\t\t\t\t<\/div>\n\t\t\t\t\t<\/div>\n\t\t\t\t<\/div>\n\t\t<div class=\"elementor-element elementor-element-e5f2704 e-flex e-con-boxed e-con e-parent\" data-id=\"e5f2704\" data-element_type=\"container\" data-e-type=\"container\">\n\t\t\t\t\t<div class=\"e-con-inner\">\n\t\t<div class=\"elementor-element elementor-element-6b45d926 e-con-full e-flex e-con e-child\" data-id=\"6b45d926\" data-element_type=\"container\" data-e-type=\"container\">\n\t\t\t\t<div class=\"elementor-element elementor-element-27ce2bf6 elementor-widget elementor-widget-heading\" data-id=\"27ce2bf6\" data-element_type=\"widget\" data-e-type=\"widget\" data-widget_type=\"heading.default\">\n\t\t\t\t\t<h2 class=\"elementor-heading-title elementor-size-default\">Ventes et marketing<\/h2>\t\t\t\t<\/div>\n\t\t\t\t<div class=\"elementor-element elementor-element-8562433 elementor-widget elementor-widget-text-editor\" data-id=\"8562433\" data-element_type=\"widget\" data-e-type=\"widget\" data-widget_type=\"text-editor.default\">\n\t\t\t\t\t\t\t\t\t<h4>Ce que nous recherchons :<\/h4>\n<ul>\n<li>Cr\u00e9ation et optimisation d&rsquo;un entonnoir de vente et d&rsquo;un pipeline<\/li>\n<li>G\u00e9n\u00e9ration de leads<\/li>\n<li>Campagnes par courrier \u00e9lectronique<\/li>\n<li>Le d\u00e9marchage t\u00e9l\u00e9phonique et les courriers \u00e9lectroniques non sollicit\u00e9s<\/li>\n<li>Premier point de contact pour les clients potentiels<\/li>\n<li>Bonne ma\u00eetrise de l&rsquo;anglais \u00e0 l&rsquo;\u00e9crit (le fran\u00e7ais est un atout)<\/li>\n<li><span style=\"background-color: transparent; font-size: 17.6px; color: var( --e-global-color-text );\">Est digne de confiance, motiv\u00e9 et orient\u00e9 vers les r\u00e9sultats, sans besoin de micro-management<\/span><\/li>\n<li><span style=\"background-color: transparent; font-size: 17.6px; color: var( --e-global-color-text );\">Au moins deux ans d&rsquo;exp\u00e9rience dans le domaine de la vente et du marketing<\/span><\/li>\n<li>Poss\u00e8de une solide \u00e9thique de travail<\/li>\n<li>Il doit \u00eatre autonome et capable de planifier son temps de mani\u00e8re efficace.<\/li>\n<li>Capacit\u00e9 \u00e0 suivre son temps et \u00e0 le documenter toutes les deux semaines<\/li>\n<li>A acc\u00e8s \u00e0 une ligne t\u00e9l\u00e9phonique et \u00e0 un ordinateur avec Internet et tous les logiciels n\u00e9cessaires.<\/li>\n<\/ul>\n<h4>Pourquoi postuler ?<\/h4>\n<div>\n<ul>\n<li>Environ 20 heures par semaine.<\/li>\n<li>16 $\/heure plus commissions.<\/li>\n<li>10 % de commission sur les ventes g\u00e9n\u00e9r\u00e9es par des prospects que vous avez apport\u00e9s ; 5 % de commission sur les prospects que nous vous apportons ou qui proviennent de sources payantes.<\/li>\n<li>Travailler \u00e0 domicile ou \u00e0 distance la plupart du temps. R\u00e9unions en personne et activit\u00e9s de renforcement de l&rsquo;esprit d&rsquo;\u00e9quipe \u00e0 Montr\u00e9al tous les deux mois.<\/li>\n<li>Horaires flexibles.<\/li>\n<li>Possibilit\u00e9 d&#8217;emploi \u00e0 temps partiel ou \u00e0 temps plein apr\u00e8s une p\u00e9riode d&rsquo;essai.<\/li>\n<li>Environnement de travail convivial.<\/li>\n<\/ul>\n<\/div>\n\t\t\t\t\t\t\t\t<\/div>\n\t\t\t\t<div class=\"elementor-element elementor-element-3a3a010e elementor-align-center elementor-widget__width-inherit elementor-absolute elementor-widget elementor-widget-button\" data-id=\"3a3a010e\" data-element_type=\"widget\" data-e-type=\"widget\" data-settings=\"{&quot;_position&quot;:&quot;absolute&quot;}\" data-widget_type=\"button.default\">\n\t\t\t\t\t\t\t\t\t\t<a class=\"elementor-button elementor-button-link elementor-size-sm\" href=\"mailto:work@wbcdesigns.com?subject=Application%20for%20SEO%20Expert%20position\">\n\t\t\t\t\t\t<span class=\"elementor-button-content-wrapper\">\n\t\t\t\t\t\t\t\t\t<span class=\"elementor-button-text\">POSEZ VOTRE CANDIDATURE D\u00c8S MAINTENANT<\/span>\n\t\t\t\t\t<\/span>\n\t\t\t\t\t<\/a>\n\t\t\t\t\t\t\t\t<\/div>\n\t\t\t\t<\/div>\n\t\t<div class=\"elementor-element elementor-element-4ca28ebe e-con-full e-flex e-con e-child\" data-id=\"4ca28ebe\" data-element_type=\"container\" data-e-type=\"container\">\n\t\t\t\t<div class=\"elementor-element elementor-element-5cfefdf elementor-widget elementor-widget-heading\" data-id=\"5cfefdf\" data-element_type=\"widget\" data-e-type=\"widget\" data-widget_type=\"heading.default\">\n\t\t\t\t\t<h2 class=\"elementor-heading-title elementor-size-default\">Expert en r\u00e9f\u00e9rencement<\/h2>\t\t\t\t<\/div>\n\t\t\t\t<div class=\"elementor-element elementor-element-317899c0 elementor-widget elementor-widget-text-editor\" data-id=\"317899c0\" data-element_type=\"widget\" data-e-type=\"widget\" data-widget_type=\"text-editor.default\">\n\t\t\t\t\t\t\t\t\t<h4>Ce que nous recherchons :<\/h4>\n<ul>\n<li>Connaissance approfondie de l&rsquo;optimisation des moteurs de recherche<\/li>\n<li>Bonne ma\u00eetrise de l&rsquo;anglais \u00e0 l&rsquo;\u00e9crit (le fran\u00e7ais est un atout)<\/li>\n<li>Peut faire des recherches sur un sujet et cr\u00e9er un article de blog de haute qualit\u00e9<\/li>\n<li>Connaissance des m\u00e9dias sociaux<\/li>\n<li><span style=\"background-color: transparent; font-size: 17.6px; color: var( --e-global-color-text );\">Est digne de confiance, motiv\u00e9 et orient\u00e9 vers les r\u00e9sultats, sans besoin de micro-management<\/span><\/li>\n<li><span style=\"background-color: transparent; font-size: 17.6px; color: var( --e-global-color-text );\">Exp\u00e9rience avec AHREFS et Google Analytics<\/span><\/li>\n<li>Poss\u00e8de une solide \u00e9thique de travail<\/li>\n<li>Il doit \u00eatre autonome et capable de planifier son temps de mani\u00e8re efficace.<\/li>\n<li>A de l&rsquo;exp\u00e9rience dans la construction de liens<\/li>\n<li>Capacit\u00e9 \u00e0 cr\u00e9er des rapports sur une base r\u00e9guli\u00e8re<\/li>\n<li>A acc\u00e8s \u00e0 une ligne t\u00e9l\u00e9phonique et \u00e0 un ordinateur avec Internet et tous les logiciels n\u00e9cessaires.<\/li>\n<\/ul>\n<h4>Pourquoi postuler ?<\/h4>\n<div>\n<ul>\n<li>25 $\/heure sur la base d&rsquo;un contrat ou d&rsquo;un temps partiel.<\/li>\n<li>Travailler \u00e0 domicile ou \u00e0 distance la plupart du temps.<\/li>\n<li>Horaires flexibles.<\/li>\n<li>Possibilit\u00e9 d&#8217;emploi \u00e0 temps partiel ou \u00e0 temps plein apr\u00e8s une p\u00e9riode d&rsquo;essai.<\/li>\n<li>Environnement de travail convivial.<\/li>\n<\/ul>\n<\/div>\t\t\t\t\t\t\t\t<\/div>\n\t\t\t\t<div class=\"elementor-element elementor-element-2113dd1d elementor-align-center elementor-widget__width-inherit elementor-absolute elementor-widget elementor-widget-button\" data-id=\"2113dd1d\" data-element_type=\"widget\" data-e-type=\"widget\" data-settings=\"{&quot;_position&quot;:&quot;absolute&quot;}\" data-widget_type=\"button.default\">\n\t\t\t\t\t\t\t\t\t\t<a class=\"elementor-button elementor-button-link elementor-size-sm\" href=\"mailto:work@wbcdesigns.com?subject=Application%20for%20SEO%20Expert%20position\">\n\t\t\t\t\t\t<span class=\"elementor-button-content-wrapper\">\n\t\t\t\t\t\t\t\t\t<span class=\"elementor-button-text\">POSEZ VOTRE CANDIDATURE D\u00c8S MAINTENANT<\/span>\n\t\t\t\t\t<\/span>\n\t\t\t\t\t<\/a>\n\t\t\t\t\t\t\t\t<\/div>\n\t\t\t\t<\/div>\n\t\t\t\t\t<\/div>\n\t\t\t\t<\/div>\n\t\t<div class=\"elementor-element elementor-element-1640d38f e-flex e-con-boxed e-con e-parent\" data-id=\"1640d38f\" data-element_type=\"container\" data-e-type=\"container\">\n\t\t\t\t\t<div class=\"e-con-inner\">\n\t\t<div class=\"elementor-element elementor-element-423db871 e-con-full e-flex e-con e-child\" data-id=\"423db871\" data-element_type=\"container\" data-e-type=\"container\">\n\t\t\t\t<div class=\"elementor-element elementor-element-19dfcd3f elementor-widget elementor-widget-heading\" data-id=\"19dfcd3f\" data-element_type=\"widget\" data-e-type=\"widget\" data-widget_type=\"heading.default\">\n\t\t\t\t\t<h2 class=\"elementor-heading-title elementor-size-default\">D\u00e9veloppement Web<\/h2>\t\t\t\t<\/div>\n\t\t\t\t<div class=\"elementor-element elementor-element-5ebb6aac elementor-widget elementor-widget-text-editor\" data-id=\"5ebb6aac\" data-element_type=\"widget\" data-e-type=\"widget\" data-widget_type=\"text-editor.default\">\n\t\t\t\t\t\t\t\t\t<h4>Ce que nous recherchons :<\/h4>\n<ul>\n<li>Expert en (full stack)\n<ul>\n<li>PHP<\/li>\n<li>WordPress<\/li>\n<\/ul>\n<\/li>\n<li>Ma\u00eetrise de\n<ul>\n<li><span style=\"background-color: transparent; font-size: 17.6px; color: var( --e-global-color-text );\">HTML5<\/span><\/li>\n<li>CSS<\/li>\n<li>SASS ou SCSS<\/li>\n<li>JavaScript<\/li>\n<li>Node JS<\/li>\n<li>SQL<\/li>\n<li>Python<\/li>\n<li>Git et SSH<\/li>\n<\/ul>\n<\/li>\n<li>Peut parler et \u00e9crire en anglais et comprendre le fran\u00e7ais<\/li>\n<li>Capacit\u00e9 \u00e0 estimer correctement le temps n\u00e9cessaire \u00e0 l&rsquo;accomplissement d&rsquo;une t\u00e2che<\/li>\n<li>Peut respecter un d\u00e9lai<\/li>\n<li>A acc\u00e8s \u00e0 une ligne t\u00e9l\u00e9phonique et \u00e0 un ordinateur avec Internet et tous les logiciels n\u00e9cessaires.<\/li>\n<\/ul>\n<h4>Pourquoi postuler ?<\/h4>\n<div>\n<ul>\n<li>25 $\/heure sur la base d&rsquo;un contrat ou d&rsquo;un temps partiel.<\/li>\n<li>Travailler \u00e0 domicile ou \u00e0 distance la plupart du temps.<\/li>\n<li>Horaires flexibles.<\/li>\n<li>Possibilit\u00e9 d&#8217;emploi \u00e0 temps partiel ou \u00e0 temps plein apr\u00e8s une p\u00e9riode d&rsquo;essai.<\/li>\n<li>Environnement de travail convivial.<\/li>\n<\/ul>\n<\/div>\n\t\t\t\t\t\t\t\t<\/div>\n\t\t\t\t<div class=\"elementor-element elementor-element-5cbd6361 elementor-align-center elementor-widget__width-inherit elementor-absolute elementor-widget elementor-widget-button\" data-id=\"5cbd6361\" data-element_type=\"widget\" data-e-type=\"widget\" data-settings=\"{&quot;_position&quot;:&quot;absolute&quot;}\" data-widget_type=\"button.default\">\n\t\t\t\t\t\t\t\t\t\t<a class=\"elementor-button elementor-button-link elementor-size-sm\" href=\"mailto:work@wbcdesigns.com?subject=Application%20for%20Web%20Developer%20position\">\n\t\t\t\t\t\t<span class=\"elementor-button-content-wrapper\">\n\t\t\t\t\t\t\t\t\t<span class=\"elementor-button-text\">POSEZ VOTRE CANDIDATURE D\u00c8S MAINTENANT<\/span>\n\t\t\t\t\t<\/span>\n\t\t\t\t\t<\/a>\n\t\t\t\t\t\t\t\t<\/div>\n\t\t\t\t<\/div>\n\t\t<div class=\"elementor-element elementor-element-60c18324 e-con-full e-flex e-con e-child\" data-id=\"60c18324\" data-element_type=\"container\" data-e-type=\"container\">\n\t\t\t\t<div class=\"elementor-element elementor-element-60efdc73 elementor-widget elementor-widget-heading\" data-id=\"60efdc73\" data-element_type=\"widget\" data-e-type=\"widget\" data-widget_type=\"heading.default\">\n\t\t\t\t\t<h2 class=\"elementor-heading-title elementor-size-default\">Web DeSIGNER<\/h2>\t\t\t\t<\/div>\n\t\t\t\t<div class=\"elementor-element elementor-element-308c5eef elementor-widget elementor-widget-text-editor\" data-id=\"308c5eef\" data-element_type=\"widget\" data-e-type=\"widget\" data-widget_type=\"text-editor.default\">\n\t\t\t\t\t\t\t\t\t<h4>Ce que nous recherchons :<\/h4>\n<ul>\n<li>Expert en\n<ul>\n<li style=\"font-size: 17.6px;\"><span style=\"background-color: transparent; color: var( --e-global-color-text );\">HTML5<\/span><\/li>\n<li style=\"font-size: 17.6px;\">CSS<\/li>\n<li>WordPress<\/li>\n<li>Conception UX<\/li>\n<\/ul>\n<\/li>\n<li>Ma\u00eetrise de\n<ul>\n<li>Photoshop<\/li>\n<li>Figma<\/li>\n<li>SASS ou SCSS<\/li>\n<li>JavaScript<\/li>\n<li>WCAG<\/li>\n<\/ul>\n<\/li>\n<li>Peut parler et \u00e9crire couramment en anglais et comprendre des notions de fran\u00e7ais.<\/li>\n<li>Capacit\u00e9 \u00e0 estimer correctement le temps n\u00e9cessaire \u00e0 l&rsquo;accomplissement d&rsquo;une t\u00e2che<\/li>\n<li>Peut respecter un d\u00e9lai<\/li>\n<li>A acc\u00e8s \u00e0 une ligne t\u00e9l\u00e9phonique et \u00e0 un ordinateur avec Internet et tous les logiciels n\u00e9cessaires.<\/li>\n<\/ul>\n<h4>Pourquoi postuler ?<\/h4>\n<div>\n<ul>\n<li>25 $\/heure sur la base d&rsquo;un contrat ou d&rsquo;un temps partiel.<\/li>\n<li>Travailler \u00e0 domicile ou \u00e0 distance la plupart du temps.<\/li>\n<li>Horaires flexibles.<\/li>\n<li>Possibilit\u00e9 d&#8217;emploi \u00e0 temps partiel ou \u00e0 temps plein apr\u00e8s une p\u00e9riode d&rsquo;essai.<\/li>\n<li>Environnement de travail convivial.<\/li>\n<\/ul>\n<\/div>\n\t\t\t\t\t\t\t\t<\/div>\n\t\t\t\t<div class=\"elementor-element elementor-element-6515bc7f elementor-align-center elementor-widget__width-inherit elementor-absolute elementor-widget elementor-widget-button\" data-id=\"6515bc7f\" data-element_type=\"widget\" data-e-type=\"widget\" data-settings=\"{&quot;_position&quot;:&quot;absolute&quot;}\" data-widget_type=\"button.default\">\n\t\t\t\t\t\t\t\t\t\t<a class=\"elementor-button elementor-button-link elementor-size-sm\" href=\"mailto:work@wbcdesigns.com?subject=Application%20for%20Web%20Developer%20position\">\n\t\t\t\t\t\t<span class=\"elementor-button-content-wrapper\">\n\t\t\t\t\t\t\t\t\t<span class=\"elementor-button-text\">POSEZ VOTRE CANDIDATURE D\u00c8S MAINTENANT<\/span>\n\t\t\t\t\t<\/span>\n\t\t\t\t\t<\/a>\n\t\t\t\t\t\t\t\t<\/div>\n\t\t\t\t<\/div>\n\t\t\t\t\t<\/div>\n\t\t\t\t<\/div>\n\t\t<div class=\"elementor-element elementor-element-49a19348 e-flex e-con-boxed e-con e-parent\" data-id=\"49a19348\" data-element_type=\"container\" data-e-type=\"container\">\n\t\t\t\t\t<div class=\"e-con-inner\">\n\t\t\t\t<div class=\"elementor-element elementor-element-2caa60cc elementor-widget elementor-widget-text-editor\" data-id=\"2caa60cc\" data-element_type=\"widget\" data-e-type=\"widget\" data-widget_type=\"text-editor.default\">\n\t\t\t\t\t\t\t\t\t<p>WBC Designs est un employeur qui souscrit au principe de l&rsquo;\u00e9galit\u00e9 des chances et engage des personnes sur la base de leurs comp\u00e9tences et de leur m\u00e9rite. Nous ne nous soucions pas de votre sexe, de votre couleur, de votre orientation, de votre race, de votre religion&#8230;<\/p>\n\t\t\t\t\t\t\t\t<\/div>\n\t\t\t\t\t<\/div>\n\t\t\t\t<\/div>\n\t\t\t\t<\/div>\n\t\t","protected":false},"excerpt":{"rendered":"<p>WBC Designs est en pleine expansion et nous avons besoin d&rsquo;une \u00e9quipe d&rsquo;experts de haut niveau pour continuer \u00e0 grandir et \u00e0 offrir les r\u00e9sultats de haute qualit\u00e9 que nos clients attendent. Nous sommes une petite entreprise dirig\u00e9e par Craig. En raison de sa formation en psychologie et en entrepreneuriat, il croit fermement que ses [&hellip;]<\/p>\n","protected":false},"author":1,"featured_media":0,"parent":0,"menu_order":0,"comment_status":"closed","ping_status":"closed","template":"","meta":{"footnotes":""},"class_list":["post-1559","page","type-page","status-publish","hentry"],"_links":{"self":[{"href":"https:\/\/wbcdesigns.com\/fr\/wp-json\/wp\/v2\/pages\/1559","targetHints":{"allow":["GET"]}}],"collection":[{"href":"https:\/\/wbcdesigns.com\/fr\/wp-json\/wp\/v2\/pages"}],"about":[{"href":"https:\/\/wbcdesigns.com\/fr\/wp-json\/wp\/v2\/types\/page"}],"author":[{"embeddable":true,"href":"https:\/\/wbcdesigns.com\/fr\/wp-json\/wp\/v2\/users\/1"}],"replies":[{"embeddable":true,"href":"https:\/\/wbcdesigns.com\/fr\/wp-json\/wp\/v2\/comments?post=1559"}],"version-history":[{"count":0,"href":"https:\/\/wbcdesigns.com\/fr\/wp-json\/wp\/v2\/pages\/1559\/revisions"}],"wp:attachment":[{"href":"https:\/\/wbcdesigns.com\/fr\/wp-json\/wp\/v2\/media?parent=1559"}],"curies":[{"name":"wp","href":"https:\/\/api.w.org\/{rel}","templated":true}]}}