{"id":1541,"date":"2023-10-19T12:45:31","date_gmt":"2023-10-19T16:45:31","guid":{"rendered":"https:\/\/wbcdesigns.com\/conception-graphique-et-impression\/"},"modified":"2026-01-02T20:43:28","modified_gmt":"2026-01-03T01:43:28","slug":"conception-graphique-et-impression","status":"publish","type":"page","link":"https:\/\/wbcdesigns.com\/fr\/conception-graphique-et-impression\/","title":{"rendered":"Conception graphique et impression"},"content":{"rendered":"\t\t<div data-elementor-type=\"wp-page\" data-elementor-id=\"1541\" class=\"elementor elementor-1541 elementor-556\" data-elementor-post-type=\"page\">\n\t\t\t\t<div class=\"elementor-element elementor-element-2edfcd1 e-flex e-con-boxed e-con e-parent\" data-id=\"2edfcd1\" data-element_type=\"container\" data-e-type=\"container\">\n\t\t\t\t\t<div class=\"e-con-inner\">\n\t\t\t\t<div class=\"elementor-element elementor-element-414728a elementor-widget elementor-widget-heading\" data-id=\"414728a\" data-element_type=\"widget\" data-e-type=\"widget\" data-widget_type=\"heading.default\">\n\t\t\t\t\t<h2 class=\"elementor-heading-title elementor-size-default\">Nous concevons et imprimons :<\/h2>\t\t\t\t<\/div>\n\t\t<div class=\"elementor-element elementor-element-3c92df5 e-con-full e-flex e-con e-child\" data-id=\"3c92df5\" data-element_type=\"container\" data-e-type=\"container\">\n\t\t\t\t<div class=\"elementor-element elementor-element-99667bc elementor-widget__width-initial elementor-widget-mobile__width-inherit elementor-widget elementor-widget-text-editor\" data-id=\"99667bc\" data-element_type=\"widget\" data-e-type=\"widget\" data-widget_type=\"text-editor.default\">\n\t\t\t\t\t\t\t\t\t<ul>\n<li>\u00c9tiquettes<\/li>\n<li>Affiches<\/li>\n<li>Brochures<\/li>\n<li>D\u00e9pliants<\/li>\n<li>Cartes de visite<\/li>\n<li>Cartes postales<\/li>\n<li>Enseignes<\/li>\n<li>T-Shirts<\/li>\n<li>Sweatshirts<\/li>\n<li>Banni\u00e8res en vinyle<\/li>\n<li>Plaques<\/li>\n<li>Autocollants<\/li>\n<\/ul>\n\t\t\t\t\t\t\t\t<\/div>\n\t\t\t\t<div class=\"elementor-element elementor-element-78a5274 elementor-widget__width-initial elementor-widget-mobile__width-inherit elementor-widget elementor-widget-text-editor\" data-id=\"78a5274\" data-element_type=\"widget\" data-e-type=\"widget\" data-widget_type=\"text-editor.default\">\n\t\t\t\t\t\t\t\t\t<ul>\n<li>Banni\u00e8res enroulables<\/li>\n<li>Coroplast &amp; foamcore<\/li>\n<li>Circulaires<\/li>\n<li>PDFs<\/li>\n<li>Bilans annuels\/r\u00e9sum\u00e9s<\/li>\n<li>Articles promotionnels tels que stylos, bouteilles, calendriers<\/li>\n<li>Dossiers<\/li>\n<li>Couvertures de livres<\/li>\n<li>Couvertures d&rsquo;albums<\/li>\n<li>Menus<\/li>\n<li>Invitations<\/li>\n<li><a href=\"https:\/\/wbcdesigns.com\/fr\/portfolios\/conception-du-logo-et-de-la-marque\/\">Logos<\/a><\/li>\n<\/ul>\n\t\t\t\t\t\t\t\t<\/div>\n\t\t\t\t<\/div>\n\t\t\t\t<div class=\"elementor-element elementor-element-3c467fb elementor-widget elementor-widget-gallery\" data-id=\"3c467fb\" data-element_type=\"widget\" data-e-type=\"widget\" data-settings=\"{&quot;gallery_layout&quot;:&quot;masonry&quot;,&quot;lazyload&quot;:&quot;yes&quot;,&quot;columns&quot;:4,&quot;columns_tablet&quot;:2,&quot;columns_mobile&quot;:1,&quot;gap&quot;:{&quot;unit&quot;:&quot;px&quot;,&quot;size&quot;:10,&quot;sizes&quot;:[]},&quot;gap_widescreen&quot;:{&quot;unit&quot;:&quot;px&quot;,&quot;size&quot;:&quot;&quot;,&quot;sizes&quot;:[]},&quot;gap_laptop&quot;:{&quot;unit&quot;:&quot;px&quot;,&quot;size&quot;:10,&quot;sizes&quot;:[]},&quot;gap_tablet_extra&quot;:{&quot;unit&quot;:&quot;px&quot;,&quot;size&quot;:10,&quot;sizes&quot;:[]},&quot;gap_tablet&quot;:{&quot;unit&quot;:&quot;px&quot;,&quot;size&quot;:10,&quot;sizes&quot;:[]},&quot;gap_mobile_extra&quot;:{&quot;unit&quot;:&quot;px&quot;,&quot;size&quot;:10,&quot;sizes&quot;:[]},&quot;gap_mobile&quot;:{&quot;unit&quot;:&quot;px&quot;,&quot;size&quot;:10,&quot;sizes&quot;:[]},&quot;link_to&quot;:&quot;file&quot;,&quot;overlay_background&quot;:&quot;yes&quot;,&quot;content_hover_animation&quot;:&quot;fade-in&quot;}\" data-widget_type=\"gallery.default\">\n\t\t\t\t\t\t\t<div class=\"elementor-gallery__container\">\n\t\t\t\t\t\t\t<a class=\"e-gallery-item elementor-gallery-item elementor-animated-content\" href=\"https:\/\/wbcdesigns.com\/wp-content\/uploads\/2023\/10\/bat-mitzvah.png\" data-elementor-open-lightbox=\"yes\" data-elementor-lightbox-slideshow=\"3c467fb\" data-e-action-hash=\"#elementor-action%3Aaction%3Dlightbox%26settings%3DeyJpZCI6NTU4LCJ1cmwiOiJodHRwczpcL1wvd2JjZGVzaWducy5jb21cL3dwLWNvbnRlbnRcL3VwbG9hZHNcLzIwMjNcLzEwXC9iYXQtbWl0enZhaC5wbmciLCJzbGlkZXNob3ciOiIzYzQ2N2ZiIn0%3D\">\n\t\t\t\t\t<div class=\"e-gallery-image elementor-gallery-item__image\" data-thumbnail=\"https:\/\/wbcdesigns.com\/wp-content\/uploads\/2023\/10\/bat-mitzvah.png\" data-width=\"565\" data-height=\"325\" aria-label=\"\" role=\"img\" ><\/div>\n\t\t\t\t\t\t\t\t\t\t\t<div class=\"elementor-gallery-item__overlay\"><\/div>\n\t\t\t\t\t\t\t\t\t\t\t\t\t\t<\/a>\n\t\t\t\t\t\t\t<a class=\"e-gallery-item elementor-gallery-item elementor-animated-content\" href=\"https:\/\/wbcdesigns.com\/wp-content\/uploads\/2023\/10\/Hampstead-Summer-Concert-Brochure-FINAL.jpg\" data-elementor-open-lightbox=\"yes\" data-elementor-lightbox-slideshow=\"3c467fb\" data-e-action-hash=\"#elementor-action%3Aaction%3Dlightbox%26settings%3DeyJpZCI6NTYwLCJ1cmwiOiJodHRwczpcL1wvd2JjZGVzaWducy5jb21cL3dwLWNvbnRlbnRcL3VwbG9hZHNcLzIwMjNcLzEwXC9IYW1wc3RlYWQtU3VtbWVyLUNvbmNlcnQtQnJvY2h1cmUtRklOQUwuanBnIiwic2xpZGVzaG93IjoiM2M0NjdmYiJ9\">\n\t\t\t\t\t<div class=\"e-gallery-image elementor-gallery-item__image\" data-thumbnail=\"https:\/\/wbcdesigns.com\/wp-content\/uploads\/2023\/10\/Hampstead-Summer-Concert-Brochure-FINAL-768x530.jpg\" data-width=\"768\" data-height=\"530\" aria-label=\"\" role=\"img\" ><\/div>\n\t\t\t\t\t\t\t\t\t\t\t<div class=\"elementor-gallery-item__overlay\"><\/div>\n\t\t\t\t\t\t\t\t\t\t\t\t\t\t<\/a>\n\t\t\t\t\t\t\t<a class=\"e-gallery-item elementor-gallery-item elementor-animated-content\" href=\"https:\/\/wbcdesigns.com\/wp-content\/uploads\/2023\/10\/Crown-Property-Group-Logo-EN.png\" data-elementor-open-lightbox=\"yes\" data-elementor-lightbox-slideshow=\"3c467fb\" data-e-action-hash=\"#elementor-action%3Aaction%3Dlightbox%26settings%3DeyJpZCI6NTYyLCJ1cmwiOiJodHRwczpcL1wvd2JjZGVzaWducy5jb21cL3dwLWNvbnRlbnRcL3VwbG9hZHNcLzIwMjNcLzEwXC9Dcm93bi1Qcm9wZXJ0eS1Hcm91cC1Mb2dvLUVOLnBuZyIsInNsaWRlc2hvdyI6IjNjNDY3ZmIifQ%3D%3D\">\n\t\t\t\t\t<div class=\"e-gallery-image elementor-gallery-item__image\" data-thumbnail=\"https:\/\/wbcdesigns.com\/wp-content\/uploads\/2023\/10\/Crown-Property-Group-Logo-EN.png\" data-width=\"396\" data-height=\"306\" aria-label=\"\" role=\"img\" ><\/div>\n\t\t\t\t\t\t\t\t\t\t\t<div class=\"elementor-gallery-item__overlay\"><\/div>\n\t\t\t\t\t\t\t\t\t\t\t\t\t\t<\/a>\n\t\t\t\t\t\t\t<a class=\"e-gallery-item elementor-gallery-item elementor-animated-content\" href=\"https:\/\/wbcdesigns.com\/wp-content\/uploads\/2023\/10\/Books-stacked.jpg\" data-elementor-open-lightbox=\"yes\" data-elementor-lightbox-slideshow=\"3c467fb\" data-e-action-hash=\"#elementor-action%3Aaction%3Dlightbox%26settings%3DeyJpZCI6NTY0LCJ1cmwiOiJodHRwczpcL1wvd2JjZGVzaWducy5jb21cL3dwLWNvbnRlbnRcL3VwbG9hZHNcLzIwMjNcLzEwXC9Cb29rcy1zdGFja2VkLmpwZyIsInNsaWRlc2hvdyI6IjNjNDY3ZmIifQ%3D%3D\">\n\t\t\t\t\t<div class=\"e-gallery-image elementor-gallery-item__image\" data-thumbnail=\"https:\/\/wbcdesigns.com\/wp-content\/uploads\/2023\/10\/Books-stacked.jpg\" data-width=\"700\" data-height=\"644\" aria-label=\"\" role=\"img\" ><\/div>\n\t\t\t\t\t\t\t\t\t\t\t<div class=\"elementor-gallery-item__overlay\"><\/div>\n\t\t\t\t\t\t\t\t\t\t\t\t\t\t<\/a>\n\t\t\t\t\t\t\t<a class=\"e-gallery-item elementor-gallery-item elementor-animated-content\" href=\"https:\/\/wbcdesigns.com\/wp-content\/uploads\/2023\/10\/Business_Card-2016.jpg\" data-elementor-open-lightbox=\"yes\" data-elementor-lightbox-slideshow=\"3c467fb\" data-e-action-hash=\"#elementor-action%3Aaction%3Dlightbox%26settings%3DeyJpZCI6NTY2LCJ1cmwiOiJodHRwczpcL1wvd2JjZGVzaWducy5jb21cL3dwLWNvbnRlbnRcL3VwbG9hZHNcLzIwMjNcLzEwXC9CdXNpbmVzc19DYXJkLTIwMTYuanBnIiwic2xpZGVzaG93IjoiM2M0NjdmYiJ9\">\n\t\t\t\t\t<div class=\"e-gallery-image elementor-gallery-item__image\" data-thumbnail=\"https:\/\/wbcdesigns.com\/wp-content\/uploads\/2023\/10\/Business_Card-2016.jpg\" data-width=\"308\" data-height=\"532\" aria-label=\"\" role=\"img\" ><\/div>\n\t\t\t\t\t\t\t\t\t\t\t<div class=\"elementor-gallery-item__overlay\"><\/div>\n\t\t\t\t\t\t\t\t\t\t\t\t\t\t<\/a>\n\t\t\t\t\t\t\t<a class=\"e-gallery-item elementor-gallery-item elementor-animated-content\" href=\"https:\/\/wbcdesigns.com\/wp-content\/uploads\/2023\/10\/STW-Logo.png\" data-elementor-open-lightbox=\"yes\" data-elementor-lightbox-slideshow=\"3c467fb\" data-e-action-hash=\"#elementor-action%3Aaction%3Dlightbox%26settings%3DeyJpZCI6NTY4LCJ1cmwiOiJodHRwczpcL1wvd2JjZGVzaWducy5jb21cL3dwLWNvbnRlbnRcL3VwbG9hZHNcLzIwMjNcLzEwXC9TVFctTG9nby5wbmciLCJzbGlkZXNob3ciOiIzYzQ2N2ZiIn0%3D\">\n\t\t\t\t\t<div class=\"e-gallery-image elementor-gallery-item__image\" data-thumbnail=\"https:\/\/wbcdesigns.com\/wp-content\/uploads\/2023\/10\/STW-Logo.png\" data-width=\"330\" data-height=\"190\" aria-label=\"\" role=\"img\" ><\/div>\n\t\t\t\t\t\t\t\t\t\t\t<div class=\"elementor-gallery-item__overlay\"><\/div>\n\t\t\t\t\t\t\t\t\t\t\t\t\t\t<\/a>\n\t\t\t\t\t\t\t<a class=\"e-gallery-item elementor-gallery-item elementor-animated-content\" href=\"https:\/\/wbcdesigns.com\/wp-content\/uploads\/2023\/10\/STFW_logo_propostions_3-4_Page_2-scaled-1.jpg\" data-elementor-open-lightbox=\"yes\" data-elementor-lightbox-slideshow=\"3c467fb\" data-e-action-hash=\"#elementor-action%3Aaction%3Dlightbox%26settings%3DeyJpZCI6NTcwLCJ1cmwiOiJodHRwczpcL1wvd2JjZGVzaWducy5jb21cL3dwLWNvbnRlbnRcL3VwbG9hZHNcLzIwMjNcLzEwXC9TVEZXX2xvZ29fcHJvcG9zdGlvbnNfMy00X1BhZ2VfMi1zY2FsZWQtMS5qcGciLCJzbGlkZXNob3ciOiIzYzQ2N2ZiIn0%3D\">\n\t\t\t\t\t<div class=\"e-gallery-image elementor-gallery-item__image\" data-thumbnail=\"https:\/\/wbcdesigns.com\/wp-content\/uploads\/2023\/10\/STFW_logo_propostions_3-4_Page_2-scaled-1-768x1187.jpg\" data-width=\"768\" data-height=\"1187\" aria-label=\"\" role=\"img\" ><\/div>\n\t\t\t\t\t\t\t\t\t\t\t<div class=\"elementor-gallery-item__overlay\"><\/div>\n\t\t\t\t\t\t\t\t\t\t\t\t\t\t<\/a>\n\t\t\t\t\t\t\t<a class=\"e-gallery-item elementor-gallery-item elementor-animated-content\" href=\"https:\/\/wbcdesigns.com\/wp-content\/uploads\/2023\/10\/Business-Card-Photo.jpg\" data-elementor-open-lightbox=\"yes\" data-elementor-lightbox-slideshow=\"3c467fb\" data-e-action-hash=\"#elementor-action%3Aaction%3Dlightbox%26settings%3DeyJpZCI6NTcyLCJ1cmwiOiJodHRwczpcL1wvd2JjZGVzaWducy5jb21cL3dwLWNvbnRlbnRcL3VwbG9hZHNcLzIwMjNcLzEwXC9CdXNpbmVzcy1DYXJkLVBob3RvLmpwZyIsInNsaWRlc2hvdyI6IjNjNDY3ZmIifQ%3D%3D\">\n\t\t\t\t\t<div class=\"e-gallery-image elementor-gallery-item__image\" data-thumbnail=\"https:\/\/wbcdesigns.com\/wp-content\/uploads\/2023\/10\/Business-Card-Photo-768x694.jpg\" data-width=\"768\" data-height=\"694\" aria-label=\"\" role=\"img\" ><\/div>\n\t\t\t\t\t\t\t\t\t\t\t<div class=\"elementor-gallery-item__overlay\"><\/div>\n\t\t\t\t\t\t\t\t\t\t\t\t\t\t<\/a>\n\t\t\t\t\t\t\t<a class=\"e-gallery-item elementor-gallery-item elementor-animated-content\" href=\"https:\/\/wbcdesigns.com\/wp-content\/uploads\/2023\/10\/GPQ-pen.jpg\" data-elementor-open-lightbox=\"yes\" data-elementor-lightbox-slideshow=\"3c467fb\" data-elementor-lightbox-description=\"Red pen with GPQ logo on it in white\" data-e-action-hash=\"#elementor-action%3Aaction%3Dlightbox%26settings%3DeyJpZCI6NTc0LCJ1cmwiOiJodHRwczpcL1wvd2JjZGVzaWducy5jb21cL3dwLWNvbnRlbnRcL3VwbG9hZHNcLzIwMjNcLzEwXC9HUFEtcGVuLmpwZyIsInNsaWRlc2hvdyI6IjNjNDY3ZmIifQ%3D%3D\">\n\t\t\t\t\t<div class=\"e-gallery-image elementor-gallery-item__image\" data-thumbnail=\"https:\/\/wbcdesigns.com\/wp-content\/uploads\/2023\/10\/GPQ-pen-768x614.jpg\" data-width=\"768\" data-height=\"614\" aria-label=\"Red pen with GPQ logo on it in white\" role=\"img\" ><\/div>\n\t\t\t\t\t\t\t\t\t\t\t<div class=\"elementor-gallery-item__overlay\"><\/div>\n\t\t\t\t\t\t\t\t\t\t\t\t\t\t<\/a>\n\t\t\t\t\t\t\t<a class=\"e-gallery-item elementor-gallery-item elementor-animated-content\" href=\"https:\/\/wbcdesigns.com\/wp-content\/uploads\/2023\/10\/The-Dream-Analyst-back.jpg\" data-elementor-open-lightbox=\"yes\" data-elementor-lightbox-slideshow=\"3c467fb\" data-e-action-hash=\"#elementor-action%3Aaction%3Dlightbox%26settings%3DeyJpZCI6NTc2LCJ1cmwiOiJodHRwczpcL1wvd2JjZGVzaWducy5jb21cL3dwLWNvbnRlbnRcL3VwbG9hZHNcLzIwMjNcLzEwXC9UaGUtRHJlYW0tQW5hbHlzdC1iYWNrLmpwZyIsInNsaWRlc2hvdyI6IjNjNDY3ZmIifQ%3D%3D\">\n\t\t\t\t\t<div class=\"e-gallery-image elementor-gallery-item__image\" data-thumbnail=\"https:\/\/wbcdesigns.com\/wp-content\/uploads\/2023\/10\/The-Dream-Analyst-back-768x614.jpg\" data-width=\"768\" data-height=\"614\" aria-label=\"\" role=\"img\" ><\/div>\n\t\t\t\t\t\t\t\t\t\t\t<div class=\"elementor-gallery-item__overlay\"><\/div>\n\t\t\t\t\t\t\t\t\t\t\t\t\t\t<\/a>\n\t\t\t\t\t\t\t<a class=\"e-gallery-item elementor-gallery-item elementor-animated-content\" href=\"https:\/\/wbcdesigns.com\/wp-content\/uploads\/2023\/10\/The-Dream-Analyst-front.jpg\" data-elementor-open-lightbox=\"yes\" data-elementor-lightbox-slideshow=\"3c467fb\" data-e-action-hash=\"#elementor-action%3Aaction%3Dlightbox%26settings%3DeyJpZCI6NTc4LCJ1cmwiOiJodHRwczpcL1wvd2JjZGVzaWducy5jb21cL3dwLWNvbnRlbnRcL3VwbG9hZHNcLzIwMjNcLzEwXC9UaGUtRHJlYW0tQW5hbHlzdC1mcm9udC5qcGciLCJzbGlkZXNob3ciOiIzYzQ2N2ZiIn0%3D\">\n\t\t\t\t\t<div class=\"e-gallery-image elementor-gallery-item__image\" data-thumbnail=\"https:\/\/wbcdesigns.com\/wp-content\/uploads\/2023\/10\/The-Dream-Analyst-front-768x614.jpg\" data-width=\"768\" data-height=\"614\" aria-label=\"\" role=\"img\" ><\/div>\n\t\t\t\t\t\t\t\t\t\t\t<div class=\"elementor-gallery-item__overlay\"><\/div>\n\t\t\t\t\t\t\t\t\t\t\t\t\t\t<\/a>\n\t\t\t\t\t<\/div>\n\t\t\t\t\t<\/div>\n\t\t\t\t\t<\/div>\n\t\t\t\t<\/div>\n\t\t\t\t<\/div>\n\t\t","protected":false},"excerpt":{"rendered":"<p>Nous concevons et imprimons : \u00c9tiquettes Affiches Brochures D\u00e9pliants Cartes de visite Cartes postales Enseignes T-Shirts Sweatshirts Banni\u00e8res en vinyle Plaques Autocollants Banni\u00e8res enroulables Coroplast &amp; foamcore Circulaires PDFs Bilans annuels\/r\u00e9sum\u00e9s Articles promotionnels tels que stylos, bouteilles, calendriers Dossiers Couvertures de livres Couvertures d&rsquo;albums Menus Invitations Logos<\/p>\n","protected":false},"author":1,"featured_media":4013,"parent":0,"menu_order":0,"comment_status":"closed","ping_status":"closed","template":"","meta":{"footnotes":""},"class_list":["post-1541","page","type-page","status-publish","has-post-thumbnail","hentry"],"_links":{"self":[{"href":"https:\/\/wbcdesigns.com\/fr\/wp-json\/wp\/v2\/pages\/1541","targetHints":{"allow":["GET"]}}],"collection":[{"href":"https:\/\/wbcdesigns.com\/fr\/wp-json\/wp\/v2\/pages"}],"about":[{"href":"https:\/\/wbcdesigns.com\/fr\/wp-json\/wp\/v2\/types\/page"}],"author":[{"embeddable":true,"href":"https:\/\/wbcdesigns.com\/fr\/wp-json\/wp\/v2\/users\/1"}],"replies":[{"embeddable":true,"href":"https:\/\/wbcdesigns.com\/fr\/wp-json\/wp\/v2\/comments?post=1541"}],"version-history":[{"count":1,"href":"https:\/\/wbcdesigns.com\/fr\/wp-json\/wp\/v2\/pages\/1541\/revisions"}],"predecessor-version":[{"id":6999,"href":"https:\/\/wbcdesigns.com\/fr\/wp-json\/wp\/v2\/pages\/1541\/revisions\/6999"}],"wp:featuredmedia":[{"embeddable":true,"href":"https:\/\/wbcdesigns.com\/fr\/wp-json\/wp\/v2\/media\/4013"}],"wp:attachment":[{"href":"https:\/\/wbcdesigns.com\/fr\/wp-json\/wp\/v2\/media?parent=1541"}],"curies":[{"name":"wp","href":"https:\/\/api.w.org\/{rel}","templated":true}]}}