{"id":1531,"date":"2023-10-19T12:45:16","date_gmt":"2023-10-19T16:45:16","guid":{"rendered":"https:\/\/wbcdesigns.com\/merci-de-votre-attention\/"},"modified":"2026-01-02T20:43:21","modified_gmt":"2026-01-03T01:43:21","slug":"merci-de-votre-attention","status":"publish","type":"page","link":"https:\/\/wbcdesigns.com\/fr\/merci-de-votre-attention\/","title":{"rendered":"Merci de votre attention"},"content":{"rendered":"\t\t<div data-elementor-type=\"wp-page\" data-elementor-id=\"1531\" class=\"elementor elementor-1531 elementor-466\" data-elementor-post-type=\"page\">\n\t\t\t\t<div class=\"elementor-element elementor-element-126d6f10 e-flex e-con-boxed e-con e-parent\" data-id=\"126d6f10\" data-element_type=\"container\" data-e-type=\"container\">\n\t\t\t\t\t<div class=\"e-con-inner\">\n\t\t\t\t<div class=\"elementor-element elementor-element-f74afef elementor-widget elementor-widget-image\" data-id=\"f74afef\" data-element_type=\"widget\" data-e-type=\"widget\" data-widget_type=\"image.default\">\n\t\t\t\t\t\t\t\t\t\t\t\t\t\t\t<img fetchpriority=\"high\" decoding=\"async\" width=\"768\" height=\"135\" src=\"https:\/\/wbcdesigns.com\/wp-content\/uploads\/2023\/10\/WBC-Designs-final-1-768x135.png\" class=\"attachment-medium_large size-medium_large wp-image-626\" alt=\"WBC Designs logo\" srcset=\"https:\/\/wbcdesigns.com\/wp-content\/uploads\/2023\/10\/WBC-Designs-final-1-768x135.png 768w, https:\/\/wbcdesigns.com\/wp-content\/uploads\/2023\/10\/WBC-Designs-final-1-300x53.png 300w, https:\/\/wbcdesigns.com\/wp-content\/uploads\/2023\/10\/WBC-Designs-final-1-1024x181.png 1024w, https:\/\/wbcdesigns.com\/wp-content\/uploads\/2023\/10\/WBC-Designs-final-1.png 1315w\" sizes=\"(max-width: 768px) 100vw, 768px\" \/>\t\t\t\t\t\t\t\t\t\t\t\t\t\t\t<\/div>\n\t\t\t\t<div class=\"elementor-element elementor-element-32eae3af elementor-widget elementor-widget-heading\" data-id=\"32eae3af\" data-element_type=\"widget\" data-e-type=\"widget\" data-widget_type=\"heading.default\">\n\t\t\t\t\t<h2 class=\"elementor-heading-title elementor-size-default\">Bien accueilli<\/h2>\t\t\t\t<\/div>\n\t\t\t\t<div class=\"elementor-element elementor-element-1bd25fac elementor-widget elementor-widget-text-editor\" data-id=\"1bd25fac\" data-element_type=\"widget\" data-e-type=\"widget\" data-widget_type=\"text-editor.default\">\n\t\t\t\t\t\t\t\t\t<p><strong>Nous avons bien re\u00e7u votre soumission et l\u2019examinons actuellement. Nous vous contacterons pour vous indiquer les prochaines \u00e9tapes. <\/strong><\/p><p>Nous avons re\u00e7u vos r\u00e9ponses et nous les examinons en ce moment m\u00eame.<\/p>\t\t\t\t\t\t\t\t<\/div>\n\t\t\t\t\t<\/div>\n\t\t\t\t<\/div>\n\t\t\t\t<\/div>\n\t\t","protected":false},"excerpt":{"rendered":"<p>Bien accueilli Nous avons bien re\u00e7u votre soumission et l\u2019examinons actuellement. Nous vous contacterons pour vous indiquer les prochaines \u00e9tapes. Nous avons re\u00e7u vos r\u00e9ponses et nous les examinons en ce moment m\u00eame.<\/p>\n","protected":false},"author":1,"featured_media":0,"parent":0,"menu_order":0,"comment_status":"closed","ping_status":"closed","template":"elementor_canvas","meta":{"footnotes":""},"class_list":["post-1531","page","type-page","status-publish","hentry"],"_links":{"self":[{"href":"https:\/\/wbcdesigns.com\/fr\/wp-json\/wp\/v2\/pages\/1531","targetHints":{"allow":["GET"]}}],"collection":[{"href":"https:\/\/wbcdesigns.com\/fr\/wp-json\/wp\/v2\/pages"}],"about":[{"href":"https:\/\/wbcdesigns.com\/fr\/wp-json\/wp\/v2\/types\/page"}],"author":[{"embeddable":true,"href":"https:\/\/wbcdesigns.com\/fr\/wp-json\/wp\/v2\/users\/1"}],"replies":[{"embeddable":true,"href":"https:\/\/wbcdesigns.com\/fr\/wp-json\/wp\/v2\/comments?post=1531"}],"version-history":[{"count":3,"href":"https:\/\/wbcdesigns.com\/fr\/wp-json\/wp\/v2\/pages\/1531\/revisions"}],"predecessor-version":[{"id":6986,"href":"https:\/\/wbcdesigns.com\/fr\/wp-json\/wp\/v2\/pages\/1531\/revisions\/6986"}],"wp:attachment":[{"href":"https:\/\/wbcdesigns.com\/fr\/wp-json\/wp\/v2\/media?parent=1531"}],"curies":[{"name":"wp","href":"https:\/\/api.w.org\/{rel}","templated":true}]}}