{"id":1523,"date":"2023-10-19T12:45:39","date_gmt":"2023-10-19T16:45:39","guid":{"rendered":"https:\/\/wbcdesigns.com\/soumettre-des-commentaires\/"},"modified":"2025-08-18T15:25:22","modified_gmt":"2025-08-18T19:25:22","slug":"soumettre-des-commentaires","status":"publish","type":"page","link":"https:\/\/wbcdesigns.com\/fr\/soumettre-des-commentaires\/","title":{"rendered":"Soumettre des commentaires"},"content":{"rendered":"\t\t<div data-elementor-type=\"wp-page\" data-elementor-id=\"1523\" class=\"elementor elementor-1523 elementor-586\" data-elementor-post-type=\"page\">\n\t\t\t\t<div class=\"elementor-element elementor-element-22697b1d e-flex e-con-boxed e-con e-parent\" data-id=\"22697b1d\" data-element_type=\"container\" data-e-type=\"container\">\n\t\t\t\t\t<div class=\"e-con-inner\">\n\t\t\t\t<div class=\"elementor-element elementor-element-18f69aee elementor-widget elementor-widget-heading\" data-id=\"18f69aee\" data-element_type=\"widget\" data-e-type=\"widget\" data-widget_type=\"heading.default\">\n\t\t\t\t\t<h2 class=\"elementor-heading-title elementor-size-default\">Nous appr\u00e9cions vos commentaires !<\/h2>\t\t\t\t<\/div>\n\t\t\t\t<div class=\"elementor-element elementor-element-500ed2f9 elementor-widget elementor-widget-text-editor\" data-id=\"500ed2f9\" data-element_type=\"widget\" data-e-type=\"widget\" data-widget_type=\"text-editor.default\">\n\t\t\t\t\t\t\t\t\t<p>En tant que petite entreprise locale, nous comptons sur la bonne parole de nos clients satisfaits. Prenez une minute pour partager votre exp\u00e9rience avec d&rsquo;autres. Nous vous remercions de tout c\u0153ur !  <\/p>\t\t\t\t\t\t\t\t<\/div>\n\t\t<div class=\"elementor-element elementor-element-8e289b1 e-grid e-con-full e-con e-child\" data-id=\"8e289b1\" data-element_type=\"container\" data-e-type=\"container\">\n\t\t\t\t<div class=\"elementor-element elementor-element-f81d963 elementor-position-top elementor-widget elementor-widget-image-box\" data-id=\"f81d963\" data-element_type=\"widget\" data-e-type=\"widget\" data-widget_type=\"image-box.default\">\n\t\t\t\t\t<div class=\"elementor-image-box-wrapper\"><figure class=\"elementor-image-box-img\"><a href=\"https:\/\/g.page\/WbCwebdesign\/review?mt\" tabindex=\"-1\"><img fetchpriority=\"high\" decoding=\"async\" width=\"300\" height=\"300\" src=\"https:\/\/wbcdesigns.com\/wp-content\/uploads\/2023\/10\/Google_Icons-09-512-300x300.webp\" class=\"attachment-medium size-medium wp-image-587\" alt=\"\" srcset=\"https:\/\/wbcdesigns.com\/wp-content\/uploads\/2023\/10\/Google_Icons-09-512-300x300.webp 300w, https:\/\/wbcdesigns.com\/wp-content\/uploads\/2023\/10\/Google_Icons-09-512-150x150.webp 150w, https:\/\/wbcdesigns.com\/wp-content\/uploads\/2023\/10\/Google_Icons-09-512.webp 512w\" sizes=\"(max-width: 300px) 100vw, 300px\" \/><\/a><\/figure><div class=\"elementor-image-box-content\"><h3 class=\"elementor-image-box-title\"><a href=\"https:\/\/g.page\/WbCwebdesign\/review?mt\">Google Maps<\/a><\/h3><\/div><\/div>\t\t\t\t<\/div>\n\t\t\t\t<div class=\"elementor-element elementor-element-1da38fdc elementor-position-top elementor-widget elementor-widget-image-box\" data-id=\"1da38fdc\" data-element_type=\"widget\" data-e-type=\"widget\" data-widget_type=\"image-box.default\">\n\t\t\t\t\t<div class=\"elementor-image-box-wrapper\"><figure class=\"elementor-image-box-img\"><a href=\"https:\/\/www.facebook.com\/wbcdesignscom\/reviews\/\" target=\"_blank\" tabindex=\"-1\" rel=\"noopener\"><img decoding=\"async\" width=\"300\" height=\"300\" src=\"https:\/\/wbcdesigns.com\/wp-content\/uploads\/2023\/10\/124010-300x300.png\" class=\"attachment-medium size-medium wp-image-589\" alt=\"\" srcset=\"https:\/\/wbcdesigns.com\/wp-content\/uploads\/2023\/10\/124010-300x300.png 300w, https:\/\/wbcdesigns.com\/wp-content\/uploads\/2023\/10\/124010-150x150.png 150w, https:\/\/wbcdesigns.com\/wp-content\/uploads\/2023\/10\/124010.png 512w\" sizes=\"(max-width: 300px) 100vw, 300px\" \/><\/a><\/figure><div class=\"elementor-image-box-content\"><h3 class=\"elementor-image-box-title\"><a href=\"https:\/\/www.facebook.com\/wbcdesignscom\/reviews\/\" target=\"_blank\" rel=\"noopener\">Facebook<\/a><\/h3><\/div><\/div>\t\t\t\t<\/div>\n\t\t\t\t<div class=\"elementor-element elementor-element-686169c elementor-position-top elementor-widget elementor-widget-image-box\" data-id=\"686169c\" data-element_type=\"widget\" data-e-type=\"widget\" data-widget_type=\"image-box.default\">\n\t\t\t\t\t<div class=\"elementor-image-box-wrapper\"><figure class=\"elementor-image-box-img\"><a href=\"https:\/\/www.yelp.com\/biz\/wbc-designs-montr%C3%A9al\" target=\"_blank\" tabindex=\"-1\" rel=\"noopener\"><img decoding=\"async\" width=\"300\" height=\"300\" src=\"https:\/\/wbcdesigns.com\/wp-content\/uploads\/2023\/10\/168812-300x300.png\" class=\"attachment-medium size-medium wp-image-591\" alt=\"\" srcset=\"https:\/\/wbcdesigns.com\/wp-content\/uploads\/2023\/10\/168812-300x300.png 300w, https:\/\/wbcdesigns.com\/wp-content\/uploads\/2023\/10\/168812-150x150.png 150w, https:\/\/wbcdesigns.com\/wp-content\/uploads\/2023\/10\/168812.png 512w\" sizes=\"(max-width: 300px) 100vw, 300px\" \/><\/a><\/figure><div class=\"elementor-image-box-content\"><h3 class=\"elementor-image-box-title\"><a href=\"https:\/\/www.yelp.com\/biz\/wbc-designs-montr%C3%A9al\" target=\"_blank\" rel=\"noopener\">Yelp<\/a><\/h3><\/div><\/div>\t\t\t\t<\/div>\n\t\t\t\t<div class=\"elementor-element elementor-element-3f382052 elementor-position-top elementor-widget elementor-widget-image-box\" data-id=\"3f382052\" data-element_type=\"widget\" data-e-type=\"widget\" data-widget_type=\"image-box.default\">\n\t\t\t\t\t<div class=\"elementor-image-box-wrapper\"><figure class=\"elementor-image-box-img\"><a href=\"https:\/\/www.trustpilot.com\/evaluate\/wbcdesigns.com\" target=\"_blank\" tabindex=\"-1\"><img loading=\"lazy\" decoding=\"async\" width=\"300\" height=\"300\" src=\"https:\/\/wbcdesigns.com\/wp-content\/uploads\/2023\/10\/png-transparent-trustpilot-logos-brands-in-colors-icon-300x300.png\" class=\"attachment-medium size-medium wp-image-593\" alt=\"\" srcset=\"https:\/\/wbcdesigns.com\/wp-content\/uploads\/2023\/10\/png-transparent-trustpilot-logos-brands-in-colors-icon-300x300.png 300w, https:\/\/wbcdesigns.com\/wp-content\/uploads\/2023\/10\/png-transparent-trustpilot-logos-brands-in-colors-icon-150x150.png 150w, https:\/\/wbcdesigns.com\/wp-content\/uploads\/2023\/10\/png-transparent-trustpilot-logos-brands-in-colors-icon-768x768.png 768w, https:\/\/wbcdesigns.com\/wp-content\/uploads\/2023\/10\/png-transparent-trustpilot-logos-brands-in-colors-icon.png 920w\" sizes=\"(max-width: 300px) 100vw, 300px\" \/><\/a><\/figure><div class=\"elementor-image-box-content\"><h3 class=\"elementor-image-box-title\"><a href=\"https:\/\/www.trustpilot.com\/evaluate\/wbcdesigns.com\" target=\"_blank\">Trustpilot<\/a><\/h3><\/div><\/div>\t\t\t\t<\/div>\n\t\t\t\t<div class=\"elementor-element elementor-element-477563d2 elementor-position-top elementor-widget elementor-widget-image-box\" data-id=\"477563d2\" data-element_type=\"widget\" data-e-type=\"widget\" data-widget_type=\"image-box.default\">\n\t\t\t\t\t<div class=\"elementor-image-box-wrapper\"><figure class=\"elementor-image-box-img\"><a href=\"https:\/\/clutch.co\/review\/641150\" target=\"_blank\" tabindex=\"-1\" rel=\"noopener\"><img loading=\"lazy\" decoding=\"async\" width=\"256\" height=\"256\" src=\"https:\/\/wbcdesigns.com\/wp-content\/uploads\/2023\/10\/amzxshshja4hdd8qhuln.png\" class=\"attachment-medium size-medium wp-image-597\" alt=\"Clutch logo\" srcset=\"https:\/\/wbcdesigns.com\/wp-content\/uploads\/2023\/10\/amzxshshja4hdd8qhuln.png 256w, https:\/\/wbcdesigns.com\/wp-content\/uploads\/2023\/10\/amzxshshja4hdd8qhuln-150x150.png 150w\" sizes=\"(max-width: 256px) 100vw, 256px\" \/><\/a><\/figure><div class=\"elementor-image-box-content\"><h3 class=\"elementor-image-box-title\"><a href=\"https:\/\/clutch.co\/review\/641150\" target=\"_blank\" rel=\"noopener\">Clutch<\/a><\/h3><\/div><\/div>\t\t\t\t<\/div>\n\t\t\t\t<div class=\"elementor-element elementor-element-ffba0cf elementor-position-top elementor-widget elementor-widget-image-box\" data-id=\"ffba0cf\" data-element_type=\"widget\" data-e-type=\"widget\" data-widget_type=\"image-box.default\">\n\t\t\t\t\t<div class=\"elementor-image-box-wrapper\"><figure class=\"elementor-image-box-img\"><a href=\"https:\/\/www.designrush.com\/submit\/review\/wbc-designs\" target=\"_blank\" tabindex=\"-1\" rel=\"noopener\"><img loading=\"lazy\" decoding=\"async\" width=\"300\" height=\"300\" src=\"https:\/\/wbcdesigns.com\/wp-content\/uploads\/2023\/10\/designrush-1-300x300.png\" class=\"attachment-medium size-medium wp-image-595\" alt=\"DesignRush logo\" srcset=\"https:\/\/wbcdesigns.com\/wp-content\/uploads\/2023\/10\/designrush-1-300x300.png 300w, https:\/\/wbcdesigns.com\/wp-content\/uploads\/2023\/10\/designrush-1-1024x1024.png 1024w, https:\/\/wbcdesigns.com\/wp-content\/uploads\/2023\/10\/designrush-1-150x150.png 150w, https:\/\/wbcdesigns.com\/wp-content\/uploads\/2023\/10\/designrush-1-768x768.png 768w, https:\/\/wbcdesigns.com\/wp-content\/uploads\/2023\/10\/designrush-1.png 1100w\" sizes=\"(max-width: 300px) 100vw, 300px\" \/><\/a><\/figure><div class=\"elementor-image-box-content\"><h3 class=\"elementor-image-box-title\"><a href=\"https:\/\/www.designrush.com\/submit\/review\/wbc-designs\" target=\"_blank\" rel=\"noopener\">DesignRush<\/a><\/h3><\/div><\/div>\t\t\t\t<\/div>\n\t\t\t\t<div class=\"elementor-element elementor-element-5310ca5 elementor-position-top elementor-widget elementor-widget-image-box\" data-id=\"5310ca5\" data-element_type=\"widget\" data-e-type=\"widget\" data-widget_type=\"image-box.default\">\n\t\t\t\t\t<div class=\"elementor-image-box-wrapper\"><figure class=\"elementor-image-box-img\"><a href=\"https:\/\/reviews.upcity.com\/providers\/new\/e5126bf4-1f60-4a2d-998e-63eef3bf4f75\" target=\"_blank\" tabindex=\"-1\" rel=\"noopener\"><img loading=\"lazy\" decoding=\"async\" width=\"300\" height=\"300\" src=\"https:\/\/wbcdesigns.com\/wp-content\/uploads\/2025\/08\/upcity-logo.png\" class=\"attachment-medium size-medium wp-image-6555\" alt=\"UpCity logo\" srcset=\"https:\/\/wbcdesigns.com\/wp-content\/uploads\/2025\/08\/upcity-logo.png 300w, https:\/\/wbcdesigns.com\/wp-content\/uploads\/2025\/08\/upcity-logo-150x150.png 150w\" sizes=\"(max-width: 300px) 100vw, 300px\" \/><\/a><\/figure><div class=\"elementor-image-box-content\"><h3 class=\"elementor-image-box-title\"><a href=\"https:\/\/reviews.upcity.com\/providers\/new\/e5126bf4-1f60-4a2d-998e-63eef3bf4f75\" target=\"_blank\" rel=\"noopener\">UpCity<\/a><\/h3><\/div><\/div>\t\t\t\t<\/div>\n\t\t\t\t<div class=\"elementor-element elementor-element-d4c6724 elementor-position-top elementor-widget elementor-widget-image-box\" data-id=\"d4c6724\" data-element_type=\"widget\" data-e-type=\"widget\" data-widget_type=\"image-box.default\">\n\t\t\t\t\t<div class=\"elementor-image-box-wrapper\"><figure class=\"elementor-image-box-img\"><a href=\"https:\/\/www.linkedin.com\/in\/craigsteinbergwbc\/recommendation-add-edit\/WRITE_RECOMMENDATION?profileFormEntryPoint=PROFILE_SECTION&#038;trackingId=ucY7nqmmSmqkLRy95IGuFw%3D%3D&#038;desktopBackground=MAIN_PROFILE&#038;recipientProfileId=ACoAAAGRt6oB58hHctQfIcWevcNd9kY_Z20d_F0&#038;lipi=urn%3Ali%3Apage%3Ad_flagship3_profile_view_base%3BKqbBEeDiQT%2Buz6F4aGWfjw%3D%3D\" target=\"_blank\" tabindex=\"-1\" rel=\"noopener\"><img loading=\"lazy\" decoding=\"async\" width=\"225\" height=\"225\" src=\"https:\/\/wbcdesigns.com\/wp-content\/uploads\/2025\/08\/linkedin-logo.png\" class=\"attachment-medium size-medium wp-image-6557\" alt=\"LinkedIn Logo\" srcset=\"https:\/\/wbcdesigns.com\/wp-content\/uploads\/2025\/08\/linkedin-logo.png 225w, https:\/\/wbcdesigns.com\/wp-content\/uploads\/2025\/08\/linkedin-logo-150x150.png 150w\" sizes=\"(max-width: 225px) 100vw, 225px\" \/><\/a><\/figure><div class=\"elementor-image-box-content\"><h3 class=\"elementor-image-box-title\"><a href=\"https:\/\/www.linkedin.com\/in\/craigsteinbergwbc\/recommendation-add-edit\/WRITE_RECOMMENDATION?profileFormEntryPoint=PROFILE_SECTION&#038;trackingId=ucY7nqmmSmqkLRy95IGuFw%3D%3D&#038;desktopBackground=MAIN_PROFILE&#038;recipientProfileId=ACoAAAGRt6oB58hHctQfIcWevcNd9kY_Z20d_F0&#038;lipi=urn%3Ali%3Apage%3Ad_flagship3_profile_view_base%3BKqbBEeDiQT%2Buz6F4aGWfjw%3D%3D\" target=\"_blank\" rel=\"noopener\">LinkedIn - Craig<\/a><\/h3><\/div><\/div>\t\t\t\t<\/div>\n\t\t\t\t<\/div>\n\t\t\t\t<div class=\"elementor-element elementor-element-4152007b elementor-widget elementor-widget-text-editor\" data-id=\"4152007b\" data-element_type=\"widget\" data-e-type=\"widget\" data-widget_type=\"text-editor.default\">\n\t\t\t\t\t\t\t\t\t<p><strong>CONSEIL PRO <\/strong> : Copiez votre texte avant de le soumettre afin de pouvoir le coller dans les autres commentaires. Les liens s&rsquo;ouvrent dans un nouvel onglet ou une nouvelle fen\u00eatre. Une fois que vous avez termin\u00e9 de laisser l&rsquo;avis, fermez l&rsquo;onglet ou la fen\u00eatre pour revenir ici et cliquez sur le bouton suivant pour laisser l&rsquo;avis suivant.<\/p>\t\t\t\t\t\t\t\t<\/div>\n\t\t\t\t\t<\/div>\n\t\t\t\t<\/div>\n\t\t\t\t<\/div>\n\t\t","protected":false},"excerpt":{"rendered":"<p>Nous appr\u00e9cions vos commentaires ! En tant que petite entreprise locale, nous comptons sur la bonne parole de nos clients satisfaits. Prenez une minute pour partager votre exp\u00e9rience avec d&rsquo;autres. Nous vous remercions de tout c\u0153ur ! Google Maps Facebook Yelp Trustpilot Clutch DesignRush UpCity LinkedIn &#8211; Craig CONSEIL PRO : Copiez votre texte avant [&hellip;]<\/p>\n","protected":false},"author":1,"featured_media":0,"parent":0,"menu_order":0,"comment_status":"closed","ping_status":"closed","template":"","meta":{"footnotes":""},"class_list":["post-1523","page","type-page","status-publish","hentry"],"_links":{"self":[{"href":"https:\/\/wbcdesigns.com\/fr\/wp-json\/wp\/v2\/pages\/1523","targetHints":{"allow":["GET"]}}],"collection":[{"href":"https:\/\/wbcdesigns.com\/fr\/wp-json\/wp\/v2\/pages"}],"about":[{"href":"https:\/\/wbcdesigns.com\/fr\/wp-json\/wp\/v2\/types\/page"}],"author":[{"embeddable":true,"href":"https:\/\/wbcdesigns.com\/fr\/wp-json\/wp\/v2\/users\/1"}],"replies":[{"embeddable":true,"href":"https:\/\/wbcdesigns.com\/fr\/wp-json\/wp\/v2\/comments?post=1523"}],"version-history":[{"count":2,"href":"https:\/\/wbcdesigns.com\/fr\/wp-json\/wp\/v2\/pages\/1523\/revisions"}],"predecessor-version":[{"id":6563,"href":"https:\/\/wbcdesigns.com\/fr\/wp-json\/wp\/v2\/pages\/1523\/revisions\/6563"}],"wp:attachment":[{"href":"https:\/\/wbcdesigns.com\/fr\/wp-json\/wp\/v2\/media?parent=1523"}],"curies":[{"name":"wp","href":"https:\/\/api.w.org\/{rel}","templated":true}]}}