{"id":1500,"date":"2023-10-19T12:45:30","date_gmt":"2023-10-19T16:45:30","guid":{"rendered":"https:\/\/wbcdesigns.com\/link-tree-fr\/"},"modified":"2025-05-18T15:33:51","modified_gmt":"2025-05-18T19:33:51","slug":"arbre-des-liens","status":"publish","type":"page","link":"https:\/\/wbcdesigns.com\/fr\/arbre-des-liens\/","title":{"rendered":"Commencez avec WBC Designs"},"content":{"rendered":"\t\t<div data-elementor-type=\"wp-page\" data-elementor-id=\"1500\" class=\"elementor elementor-1500 elementor-549\" data-elementor-post-type=\"page\">\n\t\t\t\t<div class=\"elementor-element elementor-element-3935f5e e-con-full e-flex e-con e-parent\" data-id=\"3935f5e\" data-element_type=\"container\" data-e-type=\"container\" data-settings=\"{&quot;background_background&quot;:&quot;classic&quot;}\">\n\t\t\t\t<div class=\"elementor-element elementor-element-e0d00b8 elementor-widget elementor-widget-image\" data-id=\"e0d00b8\" data-element_type=\"widget\" data-e-type=\"widget\" data-widget_type=\"image.default\">\n\t\t\t\t\t\t\t\t\t\t\t\t\t\t\t\t<a href=\"https:\/\/wbcdesigns.com\/fr\/\">\n\t\t\t\t\t\t\t<img fetchpriority=\"high\" decoding=\"async\" width=\"1315\" height=\"232\" src=\"https:\/\/wbcdesigns.com\/wp-content\/uploads\/2023\/10\/WBC-Designs-final.png\" class=\"attachment-full size-full wp-image-551\" alt=\"\" srcset=\"https:\/\/wbcdesigns.com\/wp-content\/uploads\/2023\/10\/WBC-Designs-final.png 1315w, https:\/\/wbcdesigns.com\/wp-content\/uploads\/2023\/10\/WBC-Designs-final-300x53.png 300w, https:\/\/wbcdesigns.com\/wp-content\/uploads\/2023\/10\/WBC-Designs-final-1024x181.png 1024w, https:\/\/wbcdesigns.com\/wp-content\/uploads\/2023\/10\/WBC-Designs-final-768x135.png 768w\" sizes=\"(max-width: 1315px) 100vw, 1315px\" \/>\t\t\t\t\t\t\t\t<\/a>\n\t\t\t\t\t\t\t\t\t\t\t\t\t\t\t<\/div>\n\t\t\t\t<div class=\"elementor-element elementor-element-411b68a elementor-widget elementor-widget-heading\" data-id=\"411b68a\" data-element_type=\"widget\" data-e-type=\"widget\" data-widget_type=\"heading.default\">\n\t\t\t\t\t<h2 class=\"elementor-heading-title elementor-size-default\">OBTENIR UNE CONSULTATION ET UN DEVIS GRATUITS<\/h2>\t\t\t\t<\/div>\n\t\t\t\t<div class=\"elementor-element elementor-element-03d9bee elementor-widget elementor-widget-text-editor\" data-id=\"03d9bee\" data-element_type=\"widget\" data-e-type=\"widget\" data-widget_type=\"text-editor.default\">\n\t\t\t\t\t\t\t\t\t<p>Planifiez une consultation gratuite de 30 minutes avec notre PDG, Craig, pour discuter de votre projet et obtenir des conseils d&rsquo;experts ainsi qu&rsquo;un devis.<\/p>\t\t\t\t\t\t\t\t<\/div>\n\t\t\t\t<div class=\"elementor-element elementor-element-316bf12 elementor-widget__width-inherit elementor-widget elementor-widget-html\" data-id=\"316bf12\" data-element_type=\"widget\" data-e-type=\"widget\" data-widget_type=\"html.default\">\n\t\t\t\t\t<!-- Calendly inline widget begin -->\r\n<div class=\"calendly-inline-widget\" data-url=\"https:\/\/calendly.com\/wbcdesigns\/initial-consultation?hide_event_type_details=1&amp;hide_gdpr_banner=1&amp;text_color=282828&amp;primary_color=53C1B0\" style=\"min-width:320px;height:720px;\"><\/div>\r\n<script type=\"text\/javascript\" src=\"https:\/\/assets.calendly.com\/assets\/external\/widget.js\" async=\"\"><\/script>\r\n<!-- Calendly inline widget end -->\t\t\t\t<\/div>\n\t\t\t\t<\/div>\n\t\t<div class=\"elementor-element elementor-element-f32b31a e-con-full e-flex e-con e-parent\" data-id=\"f32b31a\" data-element_type=\"container\" data-e-type=\"container\" data-settings=\"{&quot;background_background&quot;:&quot;classic&quot;}\">\n\t\t\t\t<div class=\"elementor-element elementor-element-25c1b6b elementor-widget elementor-widget-heading\" data-id=\"25c1b6b\" data-element_type=\"widget\" data-e-type=\"widget\" data-widget_type=\"heading.default\">\n\t\t\t\t\t<h2 class=\"elementor-heading-title elementor-size-default\">T\u00e9moignage vid\u00e9o de l'analyste des r\u00eaves<\/h2>\t\t\t\t<\/div>\n\t\t\t\t<div class=\"elementor-element elementor-element-891b0fd elementor-widget elementor-widget-video\" data-id=\"891b0fd\" data-element_type=\"widget\" data-e-type=\"widget\" data-settings=\"{&quot;video_type&quot;:&quot;hosted&quot;,&quot;start&quot;:1,&quot;controls&quot;:&quot;yes&quot;}\" data-widget_type=\"video.default\">\n\t\t\t\t\t\t\t<div class=\"e-hosted-video elementor-wrapper elementor-open-inline\">\n\t\t\t\t\t<video class=\"elementor-video\" src=\"https:\/\/wbcdesigns.com\/wp-content\/uploads\/2024\/11\/WBC-Layne-Testimonial-optimized.mp4#t=1\" controls=\"\" preload=\"auto\" controlsList=\"nodownload\"><\/video>\n\t\t\t\t<\/div>\n\t\t\t\t\t\t<\/div>\n\t\t\t\t<div class=\"elementor-element elementor-element-b041a7b elementor-widget elementor-widget-text-editor\" data-id=\"b041a7b\" data-element_type=\"widget\" data-e-type=\"widget\" data-widget_type=\"text-editor.default\">\n\t\t\t\t\t\t\t\t\t<p><a href=\"https:\/\/wbcdesigns.com\/fr\/temoignages-de-clients\/\">Lisez d&rsquo;autres t\u00e9moignages de clients.<\/a><\/p>\t\t\t\t\t\t\t\t<\/div>\n\t\t\t\t<div class=\"elementor-element elementor-element-c7e6415 elementor-cta--layout-image-left elementor-cta--mobile-layout-image-above elementor-cta--valign-middle elementor-cta--skin-classic elementor-animated-content elementor-widget elementor-widget-call-to-action\" data-id=\"c7e6415\" data-element_type=\"widget\" data-e-type=\"widget\" data-widget_type=\"call-to-action.default\">\n\t\t\t\t\t\t\t<a class=\"elementor-cta\" href=\"https:\/\/wbcdesigns.com\/fr\/portfolio-de-design\/\">\n\t\t\t\t\t<div class=\"elementor-cta__bg-wrapper\">\n\t\t\t\t<div class=\"elementor-cta__bg elementor-bg\" style=\"background-image: url(https:\/\/wbcdesigns.com\/wp-content\/uploads\/2024\/05\/3-devices-white.png);\" role=\"img\" aria-label=\"Westmount Square Capital website designs displayed on 3 devices\"><\/div>\n\t\t\t\t<div class=\"elementor-cta__bg-overlay\"><\/div>\n\t\t\t<\/div>\n\t\t\t\t\t\t\t<div class=\"elementor-cta__content\">\n\t\t\t\t\n\t\t\t\t\t\t\t\t\t<h2 class=\"elementor-cta__title elementor-cta__content-item elementor-content-item\">\n\t\t\t\t\t\tConsultez notre portfolio de design\t\t\t\t\t<\/h2>\n\t\t\t\t\n\t\t\t\t\n\t\t\t\t\t\t\t\t\t<div class=\"elementor-cta__button-wrapper elementor-cta__content-item elementor-content-item \">\n\t\t\t\t\t<span class=\"elementor-cta__button elementor-button elementor-size-\">\n\t\t\t\t\t\twbcdesigns.com\t\t\t\t\t<\/span>\n\t\t\t\t\t<\/div>\n\t\t\t\t\t\t\t<\/div>\n\t\t\t\t\t\t<\/a>\n\t\t\t\t\t\t<\/div>\n\t\t\t\t<div class=\"elementor-element elementor-element-b18c57a elementor-align-center elementor-widget elementor-widget-button\" data-id=\"b18c57a\" data-element_type=\"widget\" data-e-type=\"widget\" data-widget_type=\"button.default\">\n\t\t\t\t\t\t\t\t\t\t<a class=\"elementor-button elementor-button-link elementor-size-sm\" href=\"#elementor-action%3Aaction%3Dpopup%3Aopen%26settings%3DeyJpZCI6MTQ4NCwidG9nZ2xlIjpmYWxzZX0%3D\">\n\t\t\t\t\t\t<span class=\"elementor-button-content-wrapper\">\n\t\t\t\t\t\t\t\t\t<span class=\"elementor-button-text\">LANCEZ VOTRE PROJET D\u00c8S AUJOURD'HUI<\/span>\n\t\t\t\t\t<\/span>\n\t\t\t\t\t<\/a>\n\t\t\t\t\t\t\t\t<\/div>\n\t\t\t\t<\/div>\n\t\t\t\t<\/div>\n\t\t","protected":false},"excerpt":{"rendered":"<p>OBTENIR UNE CONSULTATION ET UN DEVIS GRATUITS Planifiez une consultation gratuite de 30 minutes avec notre PDG, Craig, pour discuter de votre projet et obtenir des conseils d&rsquo;experts ainsi qu&rsquo;un devis. T\u00e9moignage vid\u00e9o de l&rsquo;analyste des r\u00eaves https:\/\/wbcdesigns.com\/wp-content\/uploads\/2024\/11\/WBC-Layne-Testimonial-optimized.mp4#t=1 Lisez d&rsquo;autres t\u00e9moignages de clients. Consultez notre portfolio de design wbcdesigns.com LANCEZ VOTRE PROJET D\u00c8S AUJOURD&rsquo;HUI<\/p>\n","protected":false},"author":1,"featured_media":3585,"parent":0,"menu_order":0,"comment_status":"closed","ping_status":"closed","template":"elementor_canvas","meta":{"footnotes":""},"class_list":["post-1500","page","type-page","status-publish","has-post-thumbnail","hentry"],"_links":{"self":[{"href":"https:\/\/wbcdesigns.com\/fr\/wp-json\/wp\/v2\/pages\/1500","targetHints":{"allow":["GET"]}}],"collection":[{"href":"https:\/\/wbcdesigns.com\/fr\/wp-json\/wp\/v2\/pages"}],"about":[{"href":"https:\/\/wbcdesigns.com\/fr\/wp-json\/wp\/v2\/types\/page"}],"author":[{"embeddable":true,"href":"https:\/\/wbcdesigns.com\/fr\/wp-json\/wp\/v2\/users\/1"}],"replies":[{"embeddable":true,"href":"https:\/\/wbcdesigns.com\/fr\/wp-json\/wp\/v2\/comments?post=1500"}],"version-history":[{"count":2,"href":"https:\/\/wbcdesigns.com\/fr\/wp-json\/wp\/v2\/pages\/1500\/revisions"}],"predecessor-version":[{"id":5939,"href":"https:\/\/wbcdesigns.com\/fr\/wp-json\/wp\/v2\/pages\/1500\/revisions\/5939"}],"wp:featuredmedia":[{"embeddable":true,"href":"https:\/\/wbcdesigns.com\/fr\/wp-json\/wp\/v2\/media\/3585"}],"wp:attachment":[{"href":"https:\/\/wbcdesigns.com\/fr\/wp-json\/wp\/v2\/media?parent=1500"}],"curies":[{"name":"wp","href":"https:\/\/api.w.org\/{rel}","templated":true}]}}