{"id":1492,"date":"2023-10-19T12:45:51","date_gmt":"2023-10-19T16:45:51","guid":{"rendered":"https:\/\/wbcdesigns.com\/covid-19-nous-sommes-la-pour-vous-aider\/"},"modified":"2024-04-10T14:13:28","modified_gmt":"2024-04-10T18:13:28","slug":"covid-19-nous-sommes-la-pour-vous-aider","status":"publish","type":"page","link":"https:\/\/wbcdesigns.com\/fr\/covid-19-nous-sommes-la-pour-vous-aider\/","title":{"rendered":"COVID-19 : Nous sommes l\u00e0 pour vous aider"},"content":{"rendered":"\t\t<div data-elementor-type=\"wp-page\" data-elementor-id=\"1492\" class=\"elementor elementor-1492 elementor-654\" data-elementor-post-type=\"page\">\n\t\t\t\t\t\t<section class=\"elementor-section elementor-top-section elementor-element elementor-element-564b9859 elementor-section-boxed elementor-section-height-default elementor-section-height-default\" data-id=\"564b9859\" data-element_type=\"section\" data-e-type=\"section\">\n\t\t\t\t\t\t<div class=\"elementor-container elementor-column-gap-default\">\n\t\t\t\t\t<div class=\"elementor-column elementor-col-100 elementor-top-column elementor-element elementor-element-56205f54\" data-id=\"56205f54\" data-element_type=\"column\" data-e-type=\"column\">\n\t\t\t<div class=\"elementor-widget-wrap elementor-element-populated\">\n\t\t\t\t\t\t<div class=\"elementor-element elementor-element-5309a9ad elementor-widget elementor-widget-text-editor\" data-id=\"5309a9ad\" data-element_type=\"widget\" data-e-type=\"widget\" data-widget_type=\"text-editor.default\">\n\t\t\t\t\t\t\t\t\t<p>Nous comprenons que cette p\u00e9riode peut \u00eatre difficile pour les petites entreprises et les particuliers, tant sur le plan \u00e9motionnel que physique et financier. C&rsquo;est pourquoi <strong><em>Web by Craig<\/em> prend les mesures suivantes pour aider<\/strong> ses clients \u00e0 traverser la p\u00e9riode \u00e0 venir :<\/p>\n<ul>\n<li>Nous pouvons vous aider \u00e0 <strong>passer du domaine physique au domaine virtuel<\/strong> en proposant vos services (sous une forme ou une autre) en ligne. Que ce soit en proposant des cours et des consultations en ligne ou en mettant en place une solution de commerce \u00e9lectronique.<\/li>\n<li>Nous <strong>publierons un message sur votre site pour avertir vos clients<\/strong> des mesures que vous prenez dans le contexte de la pand\u00e9mie (cette op\u00e9ration sera effectu\u00e9e \u00e0 <strong>50 % de notre tarif horaire normal<\/strong> afin de maintenir vos co\u00fbts \u00e0 un niveau peu \u00e9lev\u00e9 en ce moment).<\/li>\n<li>Nous ne vous rencontrerons pas en personne, mais <strong>nous sommes disponibles par courrier \u00e9lectronique, par t\u00e9l\u00e9phone ou par vid\u00e9oconf\u00e9rence<\/strong> pour vous aider \u00e0 r\u00e9pondre \u00e0 vos besoins en mati\u00e8re de conception graphique ou de site web.<\/li>\n<li>Si vous \u00eates un <strong>\u00e9tablissement de soins de sant\u00e9 ou une organisation de premiers secours, ou si vous travaillez pour un service essentiel de premi\u00e8re ligne<\/strong> et que vous pourriez b\u00e9n\u00e9ficier d&rsquo;un soutien en mati\u00e8re de web, d&rsquo;informatique ou de conception graphique, veuillez <a href=\"https:\/\/wbcdesigns.com\/#contact-section\">nous contacter<\/a> et nous verrons ce que nous pouvons faire pour vous aider gratuitement ou \u00e0 un co\u00fbt r\u00e9duit.<\/li>\n<li><strong>Craig est personnellement<\/strong> <strong>b\u00e9n\u00e9vole en tant que premier r\u00e9pondant<\/strong> pour le <a href=\"https:\/\/cslems.org\/\" target=\"_blank\" rel=\"noopener\">SMU de C\u00f4te Saint-Luc<\/a>. Il travaille \u00e9galement <strong>\u00e0 temps partiel au departement d&rsquo;urgences de l&rsquo;H\u00f4pital g\u00e9n\u00e9ral juif<\/strong>, l&rsquo;h\u00f4pital COVID de Montr\u00e9al. Soyez assur\u00e9 qu&rsquo;il aura toujours le temps de s&rsquo;occuper de tous ses clients et qu&rsquo;il est l\u00e0 pour vous.<\/li>\n<\/ul>\n<h4>Nous sommes tous dans le m\u00eame bateau et c&rsquo;est ensemble que nous surmonterons cette \u00e9preuve. Restez chez vous, travaillez sur votre site web et vos m\u00e9dias sociaux. Peut-\u00eatre que quelque chose de bon sortira de ce temps que nous avons pour travailler sur nous-m\u00eames, passer avec nos familles, ou travailler sur des projets que nous avons n\u00e9glig\u00e9s.<\/h4>\n<p>Avec beaucoup d&rsquo;amour,<\/p>\n<p>Craig Steinberg<\/p>\n\t\t\t\t\t\t\t\t<\/div>\n\t\t\t\t\t<\/div>\n\t\t<\/div>\n\t\t\t\t\t<\/div>\n\t\t<\/section>\n\t\t\t\t<\/div>\n\t\t","protected":false},"excerpt":{"rendered":"<p>Nous comprenons que cette p\u00e9riode peut \u00eatre difficile pour les petites entreprises et les particuliers, tant sur le plan \u00e9motionnel que physique et financier. C&rsquo;est pourquoi Web by Craig prend les mesures suivantes pour aider ses clients \u00e0 traverser la p\u00e9riode \u00e0 venir : Nous pouvons vous aider \u00e0 passer du domaine physique au domaine [&hellip;]<\/p>\n","protected":false},"author":1,"featured_media":0,"parent":0,"menu_order":0,"comment_status":"closed","ping_status":"closed","template":"","meta":{"footnotes":""},"class_list":["post-1492","page","type-page","status-publish","hentry"],"_links":{"self":[{"href":"https:\/\/wbcdesigns.com\/fr\/wp-json\/wp\/v2\/pages\/1492","targetHints":{"allow":["GET"]}}],"collection":[{"href":"https:\/\/wbcdesigns.com\/fr\/wp-json\/wp\/v2\/pages"}],"about":[{"href":"https:\/\/wbcdesigns.com\/fr\/wp-json\/wp\/v2\/types\/page"}],"author":[{"embeddable":true,"href":"https:\/\/wbcdesigns.com\/fr\/wp-json\/wp\/v2\/users\/1"}],"replies":[{"embeddable":true,"href":"https:\/\/wbcdesigns.com\/fr\/wp-json\/wp\/v2\/comments?post=1492"}],"version-history":[{"count":0,"href":"https:\/\/wbcdesigns.com\/fr\/wp-json\/wp\/v2\/pages\/1492\/revisions"}],"wp:attachment":[{"href":"https:\/\/wbcdesigns.com\/fr\/wp-json\/wp\/v2\/media?parent=1492"}],"curies":[{"name":"wp","href":"https:\/\/api.w.org\/{rel}","templated":true}]}}