{"id":1403,"date":"2023-10-19T12:45:42","date_gmt":"2023-10-19T16:45:42","guid":{"rendered":"https:\/\/wbcdesigns.com\/questionnaire-devaluation-des-clients\/"},"modified":"2024-11-01T15:01:55","modified_gmt":"2024-11-01T19:01:55","slug":"questionnaire-devaluation-des-clients","status":"publish","type":"page","link":"https:\/\/wbcdesigns.com\/fr\/questionnaire-devaluation-des-clients\/","title":{"rendered":"Questionnaire d&rsquo;\u00e9valuation des clients"},"content":{"rendered":"\t\t<div data-elementor-type=\"wp-page\" data-elementor-id=\"1403\" class=\"elementor elementor-1403 elementor-601\" data-elementor-post-type=\"page\">\n\t\t\t\t<div class=\"elementor-element elementor-element-7a75491 e-flex e-con-boxed e-con e-parent\" data-id=\"7a75491\" data-element_type=\"container\" data-e-type=\"container\">\n\t\t\t\t\t<div class=\"e-con-inner\">\n\t\t<div class=\"elementor-element elementor-element-afd8fe0 e-con-full e-flex e-con e-child\" data-id=\"afd8fe0\" data-element_type=\"container\" data-e-type=\"container\" data-settings=\"{&quot;background_background&quot;:&quot;classic&quot;}\">\n\t\t\t\t<div class=\"elementor-element elementor-element-10c32f9 elementor-widget elementor-widget-text-editor\" data-id=\"10c32f9\" data-element_type=\"widget\" data-e-type=\"widget\" data-widget_type=\"text-editor.default\">\n\t\t\t\t\t\t\t\t\t<h3 class=\"TextWrapper-sc-__sc-1f8vz90-0 hyAuPW\">Nous vous remercions de nous avoir confi\u00e9 votre projet.<\/h3>\n<p class=\"TextWrapper-sc-__sc-1f8vz90-0 pPLvs\"><strong>N&rsquo;h\u00e9sitez pas \u00e0 nous faire part de vos commentaires afin que nous puissions nous am\u00e9liorer. BONUS : Obtenez un cr\u00e9dit de 10 $ en r\u00e9pondant \u00e0 l&rsquo;enqu\u00eate.<\/strong><\/p>\n\t\t\t\t\t\t\t\t<\/div>\n\t\t\t\t<div class=\"elementor-element elementor-element-0e53ed7 elementor-button-align-stretch elementor-widget elementor-widget-form\" data-id=\"0e53ed7\" data-element_type=\"widget\" data-e-type=\"widget\" data-settings=\"{&quot;step_next_label&quot;:&quot;Suivant&quot;,&quot;step_previous_label&quot;:&quot;Pr\\u00e9c\\u00e9dent&quot;,&quot;step_icon_shape&quot;:&quot;square&quot;,&quot;button_width&quot;:&quot;100&quot;,&quot;step_type&quot;:&quot;number_text&quot;}\" data-widget_type=\"form.default\">\n\t\t\t\t\t\t\t<form class=\"elementor-form\" method=\"post\" name=\"Formulaire de retour d&#039;information pour les clients\" aria-label=\"Formulaire de retour d&#039;information pour les clients\">\n\t\t\t<input type=\"hidden\" name=\"post_id\" value=\"1403\"\/>\n\t\t\t<input type=\"hidden\" name=\"form_id\" value=\"0e53ed7\"\/>\n\t\t\t<input type=\"hidden\" name=\"referer_title\" value=\"\" \/>\n\n\t\t\t\n\t\t\t<div class=\"elementor-form-fields-wrapper elementor-labels-above\">\n\t\t\t\t\t\t\t\t<div class=\"elementor-field-type-step elementor-field-group elementor-column elementor-field-group-field_6edd05f elementor-col-100\">\n\t\t\t\t\t\t\t<div class=\"e-field-step elementor-hidden\" data-label=\"Votre information\" data-previousButton=\"\" data-nextButton=\"SUIVANT\" data-iconUrl=\"\" data-iconLibrary=\"fas fa-star\" data-icon=\"&lt;svg class=&quot;e-font-icon-svg e-fas-star&quot; viewBox=&quot;0 0 576 512&quot; xmlns=&quot;http:\/\/www.w3.org\/2000\/svg&quot;&gt;&lt;path d=&quot;M259.3 17.8L194 150.2 47.9 171.5c-26.2 3.8-36.7 36.1-17.7 54.6l105.7 103-25 145.5c-4.5 26.3 23.2 46 46.4 33.7L288 439.6l130.7 68.7c23.2 12.2 50.9-7.4 46.4-33.7l-25-145.5 105.7-103c19-18.5 8.5-50.8-17.7-54.6L382 150.2 316.7 17.8c-11.7-23.6-45.6-23.9-57.4 0z&quot;&gt;&lt;\/path&gt;&lt;\/svg&gt;\" ><\/div>\n\n\t\t\t\t\t\t<\/div>\n\t\t\t\t\t\t\t\t<div class=\"elementor-field-type-text\">\n\t\t\t\t\t<input size=\"1\" type=\"text\" name=\"form_fields[field_e00a713]\" id=\"form-field-field_e00a713\" class=\"elementor-field elementor-size-sm \" style=\"display:none !important;\">\t\t\t\t<\/div>\n\t\t\t\t\t\t\t\t<div class=\"elementor-field-type-text elementor-field-group elementor-column elementor-field-group-name elementor-col-100 elementor-field-required elementor-mark-required\">\n\t\t\t\t\t\t\t\t\t\t\t\t<label for=\"form-field-name\" class=\"elementor-field-label\">\n\t\t\t\t\t\t\t\tPr\u00e9nom\t\t\t\t\t\t\t<\/label>\n\t\t\t\t\t\t\t\t\t\t\t\t\t\t<input size=\"1\" type=\"text\" name=\"form_fields[name]\" id=\"form-field-name\" class=\"elementor-field elementor-size-sm  elementor-field-textual\" placeholder=\"Pr\u00e9nom\" required=\"required\">\n\t\t\t\t\t\t\t\t\t\t\t<\/div>\n\t\t\t\t\t\t\t\t<div class=\"elementor-field-type-email elementor-field-group elementor-column elementor-field-group-email elementor-col-100\">\n\t\t\t\t\t\t\t\t\t\t\t\t<label for=\"form-field-email\" class=\"elementor-field-label\">\n\t\t\t\t\t\t\t\tAdresse courriel\t\t\t\t\t\t\t<\/label>\n\t\t\t\t\t\t\t\t\t\t\t\t\t\t<input size=\"1\" type=\"email\" name=\"form_fields[email]\" id=\"form-field-email\" class=\"elementor-field elementor-size-sm  elementor-field-textual\" placeholder=\"courriel@domain.com\">\n\t\t\t\t\t\t\t\t\t\t\t<\/div>\n\t\t\t\t\t\t\t\t<div class=\"elementor-field-type-text elementor-field-group elementor-column elementor-field-group-company elementor-col-50\">\n\t\t\t\t\t\t\t\t\t\t\t\t<label for=\"form-field-company\" class=\"elementor-field-label\">\n\t\t\t\t\t\t\t\tNom de l'entreprise\t\t\t\t\t\t\t<\/label>\n\t\t\t\t\t\t\t\t\t\t\t\t\t\t<input size=\"1\" type=\"text\" name=\"form_fields[company]\" id=\"form-field-company\" class=\"elementor-field elementor-size-sm  elementor-field-textual\">\n\t\t\t\t\t\t\t\t\t\t\t<\/div>\n\t\t\t\t\t\t\t\t<div class=\"elementor-field-type-text elementor-field-group elementor-column elementor-field-group-website elementor-col-50\">\n\t\t\t\t\t\t\t\t\t\t\t\t<label for=\"form-field-website\" class=\"elementor-field-label\">\n\t\t\t\t\t\t\t\tAdresse du site web\t\t\t\t\t\t\t<\/label>\n\t\t\t\t\t\t\t\t\t\t\t\t\t\t<input size=\"1\" type=\"text\" name=\"form_fields[website]\" id=\"form-field-website\" class=\"elementor-field elementor-size-sm  elementor-field-textual\" placeholder=\"votredomain.com\">\n\t\t\t\t\t\t\t\t\t\t\t<\/div>\n\t\t\t\t\t\t\t\t<div class=\"elementor-field-type-step elementor-field-group elementor-column elementor-field-group-field_df260c3 elementor-col-100\">\n\t\t\t\t\t\t\t<div class=\"e-field-step elementor-hidden\" data-label=\"Nos performances\" data-previousButton=\"\" data-nextButton=\"\" data-iconUrl=\"\" data-iconLibrary=\"fas fa-star\" data-icon=\"&lt;svg class=&quot;e-font-icon-svg e-fas-star&quot; viewBox=&quot;0 0 576 512&quot; xmlns=&quot;http:\/\/www.w3.org\/2000\/svg&quot;&gt;&lt;path d=&quot;M259.3 17.8L194 150.2 47.9 171.5c-26.2 3.8-36.7 36.1-17.7 54.6l105.7 103-25 145.5c-4.5 26.3 23.2 46 46.4 33.7L288 439.6l130.7 68.7c23.2 12.2 50.9-7.4 46.4-33.7l-25-145.5 105.7-103c19-18.5 8.5-50.8-17.7-54.6L382 150.2 316.7 17.8c-11.7-23.6-45.6-23.9-57.4 0z&quot;&gt;&lt;\/path&gt;&lt;\/svg&gt;\" ><\/div>\n\n\t\t\t\t\t\t<\/div>\n\t\t\t\t\t\t\t\t<div class=\"elementor-field-type-select elementor-field-group elementor-column elementor-field-group-field_906a5df elementor-col-100 elementor-field-required elementor-mark-required\">\n\t\t\t\t\t\t\t\t\t\t\t\t<label for=\"form-field-field_906a5df\" class=\"elementor-field-label\">\n\t\t\t\t\t\t\t\tDans l'ensemble, quel est votre degr\u00e9 de satisfaction \u00e0 l'\u00e9gard de votre projet (site web, m\u00e9dias sociaux ou image de marque) ?\t\t\t\t\t\t\t<\/label>\n\t\t\t\t\t\t\t\t<div class=\"elementor-field elementor-select-wrapper remove-before \">\n\t\t\t<div class=\"select-caret-down-wrapper\">\n\t\t\t\t<svg aria-hidden=\"true\" class=\"e-font-icon-svg e-eicon-caret-down\" viewBox=\"0 0 571.4 571.4\" xmlns=\"http:\/\/www.w3.org\/2000\/svg\"><path d=\"M571 393Q571 407 561 418L311 668Q300 679 286 679T261 668L11 418Q0 407 0 393T11 368 36 357H536Q550 357 561 368T571 393Z\"><\/path><\/svg>\t\t\t<\/div>\n\t\t\t<select name=\"form_fields[field_906a5df]\" id=\"form-field-field_906a5df\" class=\"elementor-field-textual elementor-size-sm\" required=\"required\">\n\t\t\t\t\t\t\t\t\t<option value=\"VEUILLEZ S\u00c9LECTIONNER UNE OPTION\">VEUILLEZ S\u00c9LECTIONNER UNE OPTION<\/option>\n\t\t\t\t\t\t\t\t\t<option value=\"1 Tr\u00e8s insatisfait\">1 Tr\u00e8s insatisfait<\/option>\n\t\t\t\t\t\t\t\t\t<option value=\"2 Insatisfait\">2 Insatisfait<\/option>\n\t\t\t\t\t\t\t\t\t<option value=\"3 Neutre\">3 Neutre<\/option>\n\t\t\t\t\t\t\t\t\t<option value=\"4 Satisfait\">4 Satisfait<\/option>\n\t\t\t\t\t\t\t\t\t<option value=\"5 Tr\u00e8s satisfait\">5 Tr\u00e8s satisfait<\/option>\n\t\t\t\t\t\t\t<\/select>\n\t\t<\/div>\n\t\t\t\t\t\t<\/div>\n\t\t\t\t\t\t\t\t<div class=\"elementor-field-type-select elementor-field-group elementor-column elementor-field-group-field_f1733a4 elementor-col-100 elementor-field-required elementor-mark-required\">\n\t\t\t\t\t\t\t\t\t\t\t\t<label for=\"form-field-field_f1733a4\" class=\"elementor-field-label\">\n\t\t\t\t\t\t\t\tComment \u00e9valuez-vous la qualit\u00e9 de notre travail ?\t\t\t\t\t\t\t<\/label>\n\t\t\t\t\t\t\t\t<div class=\"elementor-field elementor-select-wrapper remove-before \">\n\t\t\t<div class=\"select-caret-down-wrapper\">\n\t\t\t\t<svg aria-hidden=\"true\" class=\"e-font-icon-svg e-eicon-caret-down\" viewBox=\"0 0 571.4 571.4\" xmlns=\"http:\/\/www.w3.org\/2000\/svg\"><path d=\"M571 393Q571 407 561 418L311 668Q300 679 286 679T261 668L11 418Q0 407 0 393T11 368 36 357H536Q550 357 561 368T571 393Z\"><\/path><\/svg>\t\t\t<\/div>\n\t\t\t<select name=\"form_fields[field_f1733a4]\" id=\"form-field-field_f1733a4\" class=\"elementor-field-textual elementor-size-sm\" required=\"required\">\n\t\t\t\t\t\t\t\t\t<option value=\"VEUILLEZ S\u00c9LECTIONNER UNE OPTION\">VEUILLEZ S\u00c9LECTIONNER UNE OPTION<\/option>\n\t\t\t\t\t\t\t\t\t<option value=\"1 M\u00e9diocre\">1 M\u00e9diocre<\/option>\n\t\t\t\t\t\t\t\t\t<option value=\"2 Passable\">2 Passable<\/option>\n\t\t\t\t\t\t\t\t\t<option value=\"3 Bon\">3 Bon<\/option>\n\t\t\t\t\t\t\t\t\t<option value=\"4 Tr\u00e8s bon\">4 Tr\u00e8s bon<\/option>\n\t\t\t\t\t\t\t\t\t<option value=\"5 Excellent\">5 Excellent<\/option>\n\t\t\t\t\t\t\t<\/select>\n\t\t<\/div>\n\t\t\t\t\t\t<\/div>\n\t\t\t\t\t\t\t\t<div class=\"elementor-field-type-select elementor-field-group elementor-column elementor-field-group-field_8059ef5 elementor-col-100 elementor-field-required elementor-mark-required\">\n\t\t\t\t\t\t\t\t\t\t\t\t<label for=\"form-field-field_8059ef5\" class=\"elementor-field-label\">\n\t\t\t\t\t\t\t\tComment s'est d\u00e9roul\u00e9e la communication avec vous tout au long du projet ?\t\t\t\t\t\t\t<\/label>\n\t\t\t\t\t\t\t\t<div class=\"elementor-field elementor-select-wrapper remove-before \">\n\t\t\t<div class=\"select-caret-down-wrapper\">\n\t\t\t\t<svg aria-hidden=\"true\" class=\"e-font-icon-svg e-eicon-caret-down\" viewBox=\"0 0 571.4 571.4\" xmlns=\"http:\/\/www.w3.org\/2000\/svg\"><path d=\"M571 393Q571 407 561 418L311 668Q300 679 286 679T261 668L11 418Q0 407 0 393T11 368 36 357H536Q550 357 561 368T571 393Z\"><\/path><\/svg>\t\t\t<\/div>\n\t\t\t<select name=\"form_fields[field_8059ef5]\" id=\"form-field-field_8059ef5\" class=\"elementor-field-textual elementor-size-sm\" required=\"required\">\n\t\t\t\t\t\t\t\t\t<option value=\"VEUILLEZ S\u00c9LECTIONNER UNE OPTION\">VEUILLEZ S\u00c9LECTIONNER UNE OPTION<\/option>\n\t\t\t\t\t\t\t\t\t<option value=\"1 M\u00e9diocre\">1 M\u00e9diocre<\/option>\n\t\t\t\t\t\t\t\t\t<option value=\"2 Passable\">2 Passable<\/option>\n\t\t\t\t\t\t\t\t\t<option value=\"3 Bon\">3 Bon<\/option>\n\t\t\t\t\t\t\t\t\t<option value=\"4 Tr\u00e8s bon\">4 Tr\u00e8s bon<\/option>\n\t\t\t\t\t\t\t\t\t<option value=\"5 Excellent\">5 Excellent<\/option>\n\t\t\t\t\t\t\t<\/select>\n\t\t<\/div>\n\t\t\t\t\t\t<\/div>\n\t\t\t\t\t\t\t\t<div class=\"elementor-field-type-select elementor-field-group elementor-column elementor-field-group-field_c6b6856 elementor-col-100 elementor-field-required elementor-mark-required\">\n\t\t\t\t\t\t\t\t\t\t\t\t<label for=\"form-field-field_c6b6856\" class=\"elementor-field-label\">\n\t\t\t\t\t\t\t\tAvons-nous r\u00e9alis\u00e9 votre projet dans les d\u00e9lais pr\u00e9vus ?\t\t\t\t\t\t\t<\/label>\n\t\t\t\t\t\t\t\t<div class=\"elementor-field elementor-select-wrapper remove-before \">\n\t\t\t<div class=\"select-caret-down-wrapper\">\n\t\t\t\t<svg aria-hidden=\"true\" class=\"e-font-icon-svg e-eicon-caret-down\" viewBox=\"0 0 571.4 571.4\" xmlns=\"http:\/\/www.w3.org\/2000\/svg\"><path d=\"M571 393Q571 407 561 418L311 668Q300 679 286 679T261 668L11 418Q0 407 0 393T11 368 36 357H536Q550 357 561 368T571 393Z\"><\/path><\/svg>\t\t\t<\/div>\n\t\t\t<select name=\"form_fields[field_c6b6856]\" id=\"form-field-field_c6b6856\" class=\"elementor-field-textual elementor-size-sm\" required=\"required\">\n\t\t\t\t\t\t\t\t\t<option value=\"VEUILLEZ S\u00c9LECTIONNER UNE OPTION\">VEUILLEZ S\u00c9LECTIONNER UNE OPTION<\/option>\n\t\t\t\t\t\t\t\t\t<option value=\"1 En retard\">1 En retard<\/option>\n\t\t\t\t\t\t\t\t\t<option value=\"2 Dans les temps\">2 Dans les temps<\/option>\n\t\t\t\t\t\t\t\t\t<option value=\"3 En avance sur le calendrier\">3 En avance sur le calendrier<\/option>\n\t\t\t\t\t\t\t<\/select>\n\t\t<\/div>\n\t\t\t\t\t\t<\/div>\n\t\t\t\t\t\t\t\t<div class=\"elementor-field-type-select elementor-field-group elementor-column elementor-field-group-field_bba9947 elementor-col-100 elementor-field-required elementor-mark-required\">\n\t\t\t\t\t\t\t\t\t\t\t\t<label for=\"form-field-field_bba9947\" class=\"elementor-field-label\">\n\t\t\t\t\t\t\t\tPensez-vous que le projet a permis de rentabiliser votre investissement ?\t\t\t\t\t\t\t<\/label>\n\t\t\t\t\t\t\t\t<div class=\"elementor-field elementor-select-wrapper remove-before \">\n\t\t\t<div class=\"select-caret-down-wrapper\">\n\t\t\t\t<svg aria-hidden=\"true\" class=\"e-font-icon-svg e-eicon-caret-down\" viewBox=\"0 0 571.4 571.4\" xmlns=\"http:\/\/www.w3.org\/2000\/svg\"><path d=\"M571 393Q571 407 561 418L311 668Q300 679 286 679T261 668L11 418Q0 407 0 393T11 368 36 357H536Q550 357 561 368T571 393Z\"><\/path><\/svg>\t\t\t<\/div>\n\t\t\t<select name=\"form_fields[field_bba9947]\" id=\"form-field-field_bba9947\" class=\"elementor-field-textual elementor-size-sm\" required=\"required\">\n\t\t\t\t\t\t\t\t\t<option value=\"VEUILLEZ CHOISIR UNE OPTION\">VEUILLEZ CHOISIR UNE OPTION<\/option>\n\t\t\t\t\t\t\t\t\t<option value=\"1 Pas du tout int\u00e9ressant\">1 Pas du tout int\u00e9ressant<\/option>\n\t\t\t\t\t\t\t\t\t<option value=\"2 Assez int\u00e9ressant\">2 Assez int\u00e9ressant<\/option>\n\t\t\t\t\t\t\t\t\t<option value=\"3 Moyennement int\u00e9ressant\">3 Moyennement int\u00e9ressant<\/option>\n\t\t\t\t\t\t\t\t\t<option value=\"4 Bien int\u00e9ressant\">4 Bien int\u00e9ressant<\/option>\n\t\t\t\t\t\t\t\t\t<option value=\"5 Exceptionnellement int\u00e9ressant\">5 Exceptionnellement int\u00e9ressant<\/option>\n\t\t\t\t\t\t\t<\/select>\n\t\t<\/div>\n\t\t\t\t\t\t<\/div>\n\t\t\t\t\t\t\t\t<div class=\"elementor-field-type-select elementor-field-group elementor-column elementor-field-group-field_763d626 elementor-col-100 elementor-field-required elementor-mark-required\">\n\t\t\t\t\t\t\t\t\t\t\t\t<label for=\"form-field-field_763d626\" class=\"elementor-field-label\">\n\t\t\t\t\t\t\t\tQuelle est la probabilit\u00e9 que vous nous recommandiez \u00e0 d'autres personnes ?\t\t\t\t\t\t\t<\/label>\n\t\t\t\t\t\t\t\t<div class=\"elementor-field elementor-select-wrapper remove-before \">\n\t\t\t<div class=\"select-caret-down-wrapper\">\n\t\t\t\t<svg aria-hidden=\"true\" class=\"e-font-icon-svg e-eicon-caret-down\" viewBox=\"0 0 571.4 571.4\" xmlns=\"http:\/\/www.w3.org\/2000\/svg\"><path d=\"M571 393Q571 407 561 418L311 668Q300 679 286 679T261 668L11 418Q0 407 0 393T11 368 36 357H536Q550 357 561 368T571 393Z\"><\/path><\/svg>\t\t\t<\/div>\n\t\t\t<select name=\"form_fields[field_763d626]\" id=\"form-field-field_763d626\" class=\"elementor-field-textual elementor-size-sm\" required=\"required\">\n\t\t\t\t\t\t\t\t\t<option value=\"VEUILLEZ S\u00c9LECTIONNER UNE OPTION\">VEUILLEZ S\u00c9LECTIONNER UNE OPTION<\/option>\n\t\t\t\t\t\t\t\t\t<option value=\"1 Extr\u00eamement improbable\">1 Extr\u00eamement improbable<\/option>\n\t\t\t\t\t\t\t\t\t<option value=\"2 Assez improbable\">2 Assez improbable<\/option>\n\t\t\t\t\t\t\t\t\t<option value=\"3 Neutre\">3 Neutre<\/option>\n\t\t\t\t\t\t\t\t\t<option value=\"4 Assez probable\">4 Assez probable<\/option>\n\t\t\t\t\t\t\t\t\t<option value=\"5 Extr\u00eamement probable\">5 Extr\u00eamement probable<\/option>\n\t\t\t\t\t\t\t<\/select>\n\t\t<\/div>\n\t\t\t\t\t\t<\/div>\n\t\t\t\t\t\t\t\t<div class=\"elementor-field-type-step elementor-field-group elementor-column elementor-field-group-field_09ab057 elementor-col-100\">\n\t\t\t\t\t\t\t<div class=\"e-field-step elementor-hidden\" data-label=\"Informations suppl\u00e9mentaires\" data-previousButton=\"\" data-nextButton=\"\" data-iconUrl=\"\" data-iconLibrary=\"fas fa-star\" data-icon=\"&lt;svg class=&quot;e-font-icon-svg e-fas-star&quot; viewBox=&quot;0 0 576 512&quot; xmlns=&quot;http:\/\/www.w3.org\/2000\/svg&quot;&gt;&lt;path d=&quot;M259.3 17.8L194 150.2 47.9 171.5c-26.2 3.8-36.7 36.1-17.7 54.6l105.7 103-25 145.5c-4.5 26.3 23.2 46 46.4 33.7L288 439.6l130.7 68.7c23.2 12.2 50.9-7.4 46.4-33.7l-25-145.5 105.7-103c19-18.5 8.5-50.8-17.7-54.6L382 150.2 316.7 17.8c-11.7-23.6-45.6-23.9-57.4 0z&quot;&gt;&lt;\/path&gt;&lt;\/svg&gt;\" ><\/div>\n\n\t\t\t\t\t\t<\/div>\n\t\t\t\t\t\t\t\t<div class=\"elementor-field-type-textarea elementor-field-group elementor-column elementor-field-group-field_0ae1efb elementor-col-100\">\n\t\t\t\t\t\t\t\t\t\t\t\t<label for=\"form-field-field_0ae1efb\" class=\"elementor-field-label\">\n\t\t\t\t\t\t\t\tQuels sont les aspects du projet dont vous \u00eates le plus satisfait ?\t\t\t\t\t\t\t<\/label>\n\t\t\t\t\t\t<textarea class=\"elementor-field-textual elementor-field  elementor-size-sm\" name=\"form_fields[field_0ae1efb]\" id=\"form-field-field_0ae1efb\" rows=\"4\"><\/textarea>\t\t\t\t<\/div>\n\t\t\t\t\t\t\t\t<div class=\"elementor-field-type-textarea elementor-field-group elementor-column elementor-field-group-field_8992dfe elementor-col-100\">\n\t\t\t\t\t\t\t\t\t\t\t\t<label for=\"form-field-field_8992dfe\" class=\"elementor-field-label\">\n\t\t\t\t\t\t\t\tY a-t-il des points qui, selon vous, auraient pu \u00eatre am\u00e9lior\u00e9s ?\t\t\t\t\t\t\t<\/label>\n\t\t\t\t\t\t<textarea class=\"elementor-field-textual elementor-field  elementor-size-sm\" name=\"form_fields[field_8992dfe]\" id=\"form-field-field_8992dfe\" rows=\"4\"><\/textarea>\t\t\t\t<\/div>\n\t\t\t\t\t\t\t\t<div class=\"elementor-field-type-checkbox elementor-field-group elementor-column elementor-field-group-services elementor-col-100\">\n\t\t\t\t\t\t\t\t\t\t\t\t<label for=\"form-field-services\" class=\"elementor-field-label\">\n\t\t\t\t\t\t\t\tParmi les services suivants, quels sont ceux dont vous ne saviez pas que nous les proposions ? (Cochez toutes les cases qui s'appliquent) :\t\t\t\t\t\t\t<\/label>\n\t\t\t\t\t\t<div class=\"elementor-field-subgroup  \"><span class=\"elementor-field-option\"><input type=\"checkbox\" value=\"Conception de logo\" id=\"form-field-services-0\" name=\"form_fields[services][]\"> <label for=\"form-field-services-0\">Conception de logo<\/label><\/span><span class=\"elementor-field-option\"><input type=\"checkbox\" value=\"Marque et identit\u00e9\" id=\"form-field-services-1\" name=\"form_fields[services][]\"> <label for=\"form-field-services-1\">Marque et identit\u00e9<\/label><\/span><span class=\"elementor-field-option\"><input type=\"checkbox\" value=\"Conception graphique\" id=\"form-field-services-2\" name=\"form_fields[services][]\"> <label for=\"form-field-services-2\">Conception graphique<\/label><\/span><span class=\"elementor-field-option\"><input type=\"checkbox\" value=\"Impression\" id=\"form-field-services-3\" name=\"form_fields[services][]\"> <label for=\"form-field-services-3\">Impression<\/label><\/span><span class=\"elementor-field-option\"><input type=\"checkbox\" value=\"Optimisation des moteurs de recherche\" id=\"form-field-services-4\" name=\"form_fields[services][]\"> <label for=\"form-field-services-4\">Optimisation des moteurs de recherche<\/label><\/span><span class=\"elementor-field-option\"><input type=\"checkbox\" value=\"Publicit\u00e9 payante (annonces payantes sur Google et les m\u00e9dias sociaux)\" id=\"form-field-services-5\" name=\"form_fields[services][]\"> <label for=\"form-field-services-5\">Publicit\u00e9 payante (annonces payantes sur Google et les m\u00e9dias sociaux)<\/label><\/span><span class=\"elementor-field-option\"><input type=\"checkbox\" value=\"Maintenance de site web\" id=\"form-field-services-6\" name=\"form_fields[services][]\"> <label for=\"form-field-services-6\">Maintenance de site web<\/label><\/span><span class=\"elementor-field-option\"><input type=\"checkbox\" value=\"H\u00e9bergement de sites web et noms de domaine\" id=\"form-field-services-7\" name=\"form_fields[services][]\"> <label for=\"form-field-services-7\">H\u00e9bergement de sites web et noms de domaine<\/label><\/span><span class=\"elementor-field-option\"><input type=\"checkbox\" value=\"Traduction professionnelle\" id=\"form-field-services-8\" name=\"form_fields[services][]\"> <label for=\"form-field-services-8\">Traduction professionnelle<\/label><\/span><span class=\"elementor-field-option\"><input type=\"checkbox\" value=\"R\u00e9daction et r\u00e9vision de textes\" id=\"form-field-services-9\" name=\"form_fields[services][]\"> <label for=\"form-field-services-9\">R\u00e9daction et r\u00e9vision de textes<\/label><\/span><\/div>\t\t\t\t<\/div>\n\t\t\t\t\t\t\t\t<div class=\"elementor-field-type-textarea elementor-field-group elementor-column elementor-field-group-testimonial elementor-col-100\">\n\t\t\t\t\t\t\t\t\t\t\t\t<label for=\"form-field-testimonial\" class=\"elementor-field-label\">\n\t\t\t\t\t\t\t\tVeuillez nous laisser un t\u00e9moignage (copiez ce que vous \u00e9crivez dans votre presse-papiers afin de pouvoir l'utiliser comme commentaire) :\t\t\t\t\t\t\t<\/label>\n\t\t\t\t\t\t<textarea class=\"elementor-field-textual elementor-field  elementor-size-sm\" name=\"form_fields[testimonial]\" id=\"form-field-testimonial\" rows=\"4\"><\/textarea>\t\t\t\t<\/div>\n\t\t\t\t\t\t\t\t<div class=\"elementor-field-type-acceptance elementor-field-group elementor-column elementor-field-group-acceptance elementor-col-100 elementor-field-required elementor-mark-required\">\n\t\t\t\t\t\t\t<div class=\"elementor-field-subgroup\">\n\t\t\t<span class=\"elementor-field-option\">\n\t\t\t\t<input type=\"checkbox\" name=\"form_fields[acceptance]\" id=\"form-field-acceptance\" class=\"elementor-field elementor-size-sm  elementor-acceptance-field\" required=\"required\">\n\t\t\t\t<label for=\"form-field-acceptance\">En soumettant vos commentaires ou vos t\u00e9moignages, vous acceptez que WBC Designs (Web by Craig Inc.) utilise vos commentaires et vos r\u00e9actions pour des documents promotionnels, y compris, mais sans s'y limiter, des t\u00e9moignages et des messages sur les m\u00e9dias sociaux.<\/label>\t\t\t<\/span>\n\t\t<\/div>\n\t\t\t\t\t\t<\/div>\n\t\t\t\t\t\t\t\t<div class=\"elementor-field-type-recaptcha_v3 elementor-field-group elementor-column elementor-field-group-field_fd417c0 elementor-col-100 recaptcha_v3-bottomright\">\n\t\t\t\t\t<div class=\"elementor-field\" id=\"form-field-field_fd417c0\"><div class=\"elementor-g-recaptcha\" data-sitekey=\"6LetKbgpAAAAAD-Nyg36LhRHJ_0PsT96vNzN2p5a\" data-type=\"v3\" data-action=\"Form\" data-badge=\"bottomright\" data-size=\"invisible\"><\/div><\/div>\t\t\t\t<\/div>\n\t\t\t\t\t\t\t\t<div class=\"elementor-field-group elementor-column elementor-field-type-submit elementor-col-100 e-form__buttons\">\n\t\t\t\t\t<button class=\"elementor-button elementor-size-sm\" type=\"submit\">\n\t\t\t\t\t\t<span class=\"elementor-button-content-wrapper\">\n\t\t\t\t\t\t\t\t\t\t\t\t\t\t\t<span class=\"elementor-button-icon\">\n\t\t\t\t\t\t\t\t\t<svg aria-hidden=\"true\" class=\"e-font-icon-svg e-far-paper-plane\" viewBox=\"0 0 512 512\" xmlns=\"http:\/\/www.w3.org\/2000\/svg\"><path d=\"M440 6.5L24 246.4c-34.4 19.9-31.1 70.8 5.7 85.9L144 379.6V464c0 46.4 59.2 65.5 86.6 28.6l43.8-59.1 111.9 46.2c5.9 2.4 12.1 3.6 18.3 3.6 8.2 0 16.3-2.1 23.6-6.2 12.8-7.2 21.6-20 23.9-34.5l59.4-387.2c6.1-40.1-36.9-68.8-71.5-48.9zM192 464v-64.6l36.6 15.1L192 464zm212.6-28.7l-153.8-63.5L391 169.5c10.7-15.5-9.5-33.5-23.7-21.2L155.8 332.6 48 288 464 48l-59.4 387.3z\"><\/path><\/svg>\t\t\t\t\t\t\t\t\t\t\t\t\t\t\t\t\t<\/span>\n\t\t\t\t\t\t\t\t\t\t\t\t\t\t\t\t\t\t\t\t\t\t<span class=\"elementor-button-text\">Soumettez vos commentaires<\/span>\n\t\t\t\t\t\t\t\t\t\t\t\t\t<\/span>\n\t\t\t\t\t<\/button>\n\t\t\t\t<\/div>\n\t\t\t<\/div>\n\t\t<\/form>\n\t\t\t\t\t\t<\/div>\n\t\t\t\t<div class=\"elementor-element elementor-element-c9349e4 elementor-widget elementor-widget-text-editor\" data-id=\"c9349e4\" data-element_type=\"widget\" data-e-type=\"widget\" data-widget_type=\"text-editor.default\">\n\t\t\t\t\t\t\t\t\t<p>Nous ne vendrons ni ne donnerons jamais vos informations personnelles. Ce formulaire est prot\u00e9g\u00e9 par un cryptage SSL. Notre <a href=\"https:\/\/wbcdesigns.com\/fr\/politique-de-confidentialite\/\">politique de confidentialit\u00e9<\/a>.<\/p>\n\t\t\t\t\t\t\t\t<\/div>\n\t\t\t\t<div class=\"elementor-element elementor-element-8d31c14 elementor-widget elementor-widget-menu-anchor\" data-id=\"8d31c14\" data-element_type=\"widget\" data-e-type=\"widget\" data-widget_type=\"menu-anchor.default\">\n\t\t\t\t\t\t\t<div class=\"elementor-menu-anchor\" id=\"revues\"><\/div>\n\t\t\t\t\t\t<\/div>\n\t\t\t\t<\/div>\n\t\t\t\t\t<\/div>\n\t\t\t\t<\/div>\n\t\t\t\t<\/div>\n\t\t","protected":false},"excerpt":{"rendered":"<p>Nous vous remercions de nous avoir confi\u00e9 votre projet. N&rsquo;h\u00e9sitez pas \u00e0 nous faire part de vos commentaires afin que nous puissions nous am\u00e9liorer. BONUS : Obtenez un cr\u00e9dit de 10 $ en r\u00e9pondant \u00e0 l&rsquo;enqu\u00eate. Nous ne vendrons ni ne donnerons jamais vos informations personnelles. Ce formulaire est prot\u00e9g\u00e9 par un cryptage SSL. Notre [&hellip;]<\/p>\n","protected":false},"author":1,"featured_media":0,"parent":0,"menu_order":0,"comment_status":"closed","ping_status":"closed","template":"elementor_canvas","meta":{"footnotes":""},"class_list":["post-1403","page","type-page","status-publish","hentry"],"_links":{"self":[{"href":"https:\/\/wbcdesigns.com\/fr\/wp-json\/wp\/v2\/pages\/1403","targetHints":{"allow":["GET"]}}],"collection":[{"href":"https:\/\/wbcdesigns.com\/fr\/wp-json\/wp\/v2\/pages"}],"about":[{"href":"https:\/\/wbcdesigns.com\/fr\/wp-json\/wp\/v2\/types\/page"}],"author":[{"embeddable":true,"href":"https:\/\/wbcdesigns.com\/fr\/wp-json\/wp\/v2\/users\/1"}],"replies":[{"embeddable":true,"href":"https:\/\/wbcdesigns.com\/fr\/wp-json\/wp\/v2\/comments?post=1403"}],"version-history":[{"count":0,"href":"https:\/\/wbcdesigns.com\/fr\/wp-json\/wp\/v2\/pages\/1403\/revisions"}],"wp:attachment":[{"href":"https:\/\/wbcdesigns.com\/fr\/wp-json\/wp\/v2\/media?parent=1403"}],"curies":[{"name":"wp","href":"https:\/\/api.w.org\/{rel}","templated":true}]}}