{"id":1398,"date":"2023-10-19T12:45:42","date_gmt":"2023-10-19T16:45:42","guid":{"rendered":"https:\/\/wbcdesigns.com\/craig-steinberg-directeur-general\/"},"modified":"2026-01-23T11:50:33","modified_gmt":"2026-01-23T16:50:33","slug":"craig-steinberg-directeur-general","status":"publish","type":"page","link":"https:\/\/wbcdesigns.com\/fr\/craig-steinberg-directeur-general\/","title":{"rendered":"Craig Steinberg &#8211; PDG"},"content":{"rendered":"\t\t<div data-elementor-type=\"wp-page\" data-elementor-id=\"1398\" class=\"elementor elementor-1398 elementor-604\" data-elementor-post-type=\"page\">\n\t\t\t\t<div class=\"elementor-element elementor-element-9536e9e e-con-full e-flex e-con e-parent\" data-id=\"9536e9e\" data-element_type=\"container\" data-e-type=\"container\" data-settings=\"{&quot;background_background&quot;:&quot;classic&quot;}\">\n\t\t\t\t<div class=\"elementor-element elementor-element-00cc14b animated-slow elementor-invisible elementor-widget elementor-widget-heading\" data-id=\"00cc14b\" data-element_type=\"widget\" data-e-type=\"widget\" data-settings=\"{&quot;_animation&quot;:&quot;fadeInUp&quot;,&quot;_animation_delay&quot;:500}\" data-widget_type=\"heading.default\">\n\t\t\t\t\t<h1 class=\"elementor-heading-title elementor-size-default\">Craig Steinberg<\/h1>\t\t\t\t<\/div>\n\t\t\t\t<\/div>\n\t\t<div class=\"elementor-element elementor-element-ab80bac e-flex e-con-boxed e-con e-parent\" data-id=\"ab80bac\" data-element_type=\"container\" data-e-type=\"container\">\n\t\t\t\t\t<div class=\"e-con-inner\">\n\t\t<div class=\"elementor-element elementor-element-30d3893 e-con-full e-flex e-con e-child\" data-id=\"30d3893\" data-element_type=\"container\" data-e-type=\"container\">\n\t\t\t\t<div class=\"elementor-element elementor-element-4f56d55 elementor-widget elementor-widget-heading\" data-id=\"4f56d55\" data-element_type=\"widget\" data-e-type=\"widget\" data-widget_type=\"heading.default\">\n\t\t\t\t\t<h2 class=\"elementor-heading-title elementor-size-default\">Craig Steinberg&nbsp;: Fondateur et PDG de WBC&nbsp;Designs<\/h2>\t\t\t\t<\/div>\n\t\t\t\t<div class=\"elementor-element elementor-element-0c4df52 elementor-widget elementor-widget-text-editor\" data-id=\"0c4df52\" data-element_type=\"widget\" data-e-type=\"widget\" data-widget_type=\"text-editor.default\">\n\t\t\t\t\t\t\t\t\t<p><b>Un parcours ancr\u00e9 dans la famille et l\u2019h\u00e9ritage<\/b><\/p>\n<p><span style=\"font-weight: 400;\">Craig Steinberg est la force motrice de<\/span> <a href=\"https:\/\/wbcdesigns.com\/fr\/\"><span style=\"font-weight: 400;\">WBC Designs<\/span><\/a><span style=\"font-weight: 400;\">, une entreprise ancr\u00e9e dans des d\u00e9cennies d&rsquo;entrepreneuriat familial et d\u00e9di\u00e9e \u00e0 rendre le web accessible \u00e0 tous. Titulaire d&rsquo;un baccalaur\u00e9at en psychologie de l&rsquo;Universit\u00e9 McGill et fort d&rsquo;une exp\u00e9rience diversifi\u00e9e dans la conception web, la conception graphique et le marketing num\u00e9rique, Craig dirige WBC Designs depuis sa cr\u00e9ation en 2008.<\/span><\/p>\n<p><b>De \u00ab&nbsp;Web by Craig&nbsp;\u00bb \u00e0 WBC&nbsp;Designs<\/b><\/p>\n<p><span style=\"font-weight: 400;\">Le parcours de Craig dans la conception web a commenc\u00e9 au lyc\u00e9e, et sa passion pour ce domaine n&rsquo;a fait que se renforcer au fil des ans. Influenc\u00e9 par l&rsquo;esprit d&rsquo;entreprise de sa famille et par l&rsquo;importance qu&rsquo;elle accorde \u00e0 la satisfaction de la client\u00e8le, Craig a fond\u00e9 \u00ab&nbsp;Web by Craig&nbsp;\u00bb, <\/span><a href=\"https:\/\/wbcdesigns.com\/marketing\/web-by-craig-15-years-anniversary\/\"><span style=\"font-weight: 400;\">qui a ensuite chang\u00e9 de nom<\/span><\/a><span style=\"font-weight: 400;\"> pour devenir WBC&nbsp;Designs. Sous sa direction, l&rsquo;entreprise s&rsquo;est \u00e9tendue de Montr\u00e9al \u00e0 Toronto et Halifax, offrant des solutions compl\u00e8tes de conception et de marketing aux petites entreprises, aux jeunes entreprises, aux soci\u00e9t\u00e9s, aux organismes sans but lucratif, aux professionnels et aux artistes.<\/span><\/p>\n<p><b>Des valeurs transmises de g\u00e9n\u00e9ration en g\u00e9n\u00e9ration<\/b><\/p>\n<p><span style=\"font-weight: 400;\">Le d\u00e9vouement de Craig envers sa communaut\u00e9 et ses pratiques commerciales \u00e9thiques t\u00e9moigne des valeurs de sa famille. Son grand-p\u00e8re, Morris Steinberg, lui a inculqu\u00e9 l&rsquo;importance de la fid\u00e9lit\u00e9 et du respect de la client\u00e8le, tandis que son p\u00e8re, Bill Steinberg, lui a enseign\u00e9 la valeur de l&rsquo;int\u00e9grit\u00e9 et de la conduite \u00e9thique. Ces principes sont la pierre angulaire de WBC Designs, qui se refl\u00e8tent dans leur engagement \u00e0 d\u00e9passer les attentes des clients et \u00e0 soutenir la communaut\u00e9. Apprenez-en davantage sur l&rsquo;impact incroyable de l&rsquo;h\u00e9ritage juif de Craig sur WBC Designs dans notre article <\/span><a href=\"https:\/\/wbcdesigns.com\/fr\/divers\/mois-du-patrimoine-juif-limpact-incroyable-du-judaisme-sur-wbc-designs\/\"><span style=\"font-weight: 400;\">Mois du patrimoine juif : L&rsquo;impact incroyable du juda\u00efsme sur les dessins de la WBC<\/span><\/a><span style=\"font-weight: 400;\">.<\/span><\/p>\n<p><b>Au-del\u00e0 des affaires&nbsp;: B\u00e9n\u00e9volat et premiers secours<\/b><\/p>\n<p><span style=\"font-weight: 400;\">Au-del\u00e0 de ses r\u00e9alisations professionnelles, Craig est \u00e9galement un b\u00e9n\u00e9vole et un premier r\u00e9pondant passionn\u00e9. Il a \u00e9t\u00e9 ambulancier param\u00e9dical et premier r\u00e9pondant au Canada, aux \u00c9tats-Unis et en Isra\u00ebl. Son travail b\u00e9n\u00e9vole comprend <\/span><a href=\"https:\/\/skillsforhireatlantic.mentorly.co\/en\/mentors\/craig\" target=\"_blank\" rel=\"noopener\"><span style=\"font-weight: 400;\">mentorat des nouveaux arrivants dans l&rsquo;industrie des TI<\/span><\/a> <span style=\"font-weight: 400;\">par l&rsquo;interm\u00e9diaire de Digital Nova Scotia, participation \u00e0 plusieurs organisations \u00e0 but non lucratif et organisation d&rsquo;\u00e9v\u00e9nements communautaires tels que des jeux-questionnaires dans les pubs et des randonn\u00e9es.<\/span><\/p>\n<p><strong>Un amour pour les animaux<\/strong><\/p>\n<p>L&rsquo;amour de Craig pour les animaux est \u00e9vident dans sa vie familiale. Il a deux chats, Silver Lining et Storm Cloud (d\u00e9c\u00e9d\u00e9s malheureusement en mars&nbsp;2025). En grandissant, Craig avait peur des chats et les d\u00e9testait m\u00eame. Cependant, alors qu&rsquo;il \u00e9tait b\u00e9n\u00e9vole dans l&rsquo;ambulance, il a rencontr\u00e9 un chat errant vraiment cool qui a chang\u00e9 sa perspective. R\u00e9alisant qu&rsquo;il \u00e9tait \u00ab&nbsp;sp\u00e9ciste&nbsp;\u00bb (raciste envers l&rsquo;esp\u00e8ce f\u00e9line), il a d\u00e9cid\u00e9 de secourir Storm et Silver une d\u00e9cennie plus tard. Silver a la personnalit\u00e9 d&rsquo;un chien dans le corps d&rsquo;un chat, tandis que Storm est un amour. Cette exp\u00e9rience a fourni la \u00ab&nbsp;lueur d&rsquo;espoir&nbsp;\u00bb \u00e0 la peur initiale de Craig, et il se souvient \u00e9galement avec tendresse de son ancien chien, Cole.<\/p>\n<p><b>Une philosophie de vivre pleinement sa vie<\/b><\/p>\n<p><span style=\"font-weight: 400;\">La philosophie personnelle de Craig est de vivre pleinement sa vie, de rire et de s&rsquo;amuser, de s&rsquo;aimer soi-m\u00eame et les autres, et de toujours continuer \u00e0 apprendre. Cette vision se refl\u00e8te dans ses divers int\u00e9r\u00eats, qui comprennent le camping, la cuisine, la danse, la randonn\u00e9e, le ski et les voyages. Il parle couramment l&rsquo;anglais et le fran\u00e7ais et continue d&rsquo;apprendre de nouvelles langues.<\/span><\/p>\n<p><b>Engagement envers la responsabilit\u00e9 sociale<\/b><\/p>\n<p><span style=\"font-weight: 400;\">Chez WBC Designs, Craig et <\/span> <a href=\"https:\/\/wbcdesigns.com\/fr\/notre-equipe-dexperts-en-marketing\/\"><span style=\"font-weight: 400;\">son \u00e9quipe<\/span><\/a><span style=\"font-weight: 400;\"> se consacrent \u00e0 donner aux clients les moyens d&rsquo;avoir une pr\u00e9sence en ligne solide tout en maintenant un engagement envers la responsabilit\u00e9 sociale, la diversit\u00e9, l&rsquo;\u00e9quit\u00e9 et l&rsquo;inclusion. Joignez-vous \u00e0 Craig et \u00e0 WBC Designs dans leur mission de faire en sorte qu&rsquo;Internet travaille pour vous et faites partie de leur passionnant parcours. Apprenez-en davantage sur WBC Designs et notre gamme compl\u00e8te de services sur notre <\/span><a href=\"https:\/\/wbcdesigns.com\/fr\/societe-de-design-de-montreal-wbc-designs\/\"><span style=\"font-weight: 400;\">\u00c0 propos<\/span><\/a><span style=\"font-weight: 400;\">.<\/span><\/p>\t\t\t\t\t\t\t\t<\/div>\n\t\t\t\t<div class=\"elementor-element elementor-element-3c65700 elementor-view-default elementor-position-block-start elementor-mobile-position-block-start elementor-widget elementor-widget-icon-box\" data-id=\"3c65700\" data-element_type=\"widget\" data-e-type=\"widget\" data-widget_type=\"icon-box.default\">\n\t\t\t\t\t\t\t<div class=\"elementor-icon-box-wrapper\">\n\n\t\t\t\t\t\t<div class=\"elementor-icon-box-icon\">\n\t\t\t\t<span  class=\"elementor-icon\">\n\t\t\t\t<svg aria-hidden=\"true\" class=\"e-font-icon-svg e-fas-graduation-cap\" viewBox=\"0 0 640 512\" xmlns=\"http:\/\/www.w3.org\/2000\/svg\"><path d=\"M622.34 153.2L343.4 67.5c-15.2-4.67-31.6-4.67-46.79 0L17.66 153.2c-23.54 7.23-23.54 38.36 0 45.59l48.63 14.94c-10.67 13.19-17.23 29.28-17.88 46.9C38.78 266.15 32 276.11 32 288c0 10.78 5.68 19.85 13.86 25.65L20.33 428.53C18.11 438.52 25.71 448 35.94 448h56.11c10.24 0 17.84-9.48 15.62-19.47L82.14 313.65C90.32 307.85 96 298.78 96 288c0-11.57-6.47-21.25-15.66-26.87.76-15.02 8.44-28.3 20.69-36.72L296.6 284.5c9.06 2.78 26.44 6.25 46.79 0l278.95-85.7c23.55-7.24 23.55-38.36 0-45.6zM352.79 315.09c-28.53 8.76-52.84 3.92-65.59 0l-145.02-44.55L128 384c0 35.35 85.96 64 192 64s192-28.65 192-64l-14.18-113.47-145.03 44.56z\"><\/path><\/svg>\t\t\t\t<\/span>\n\t\t\t<\/div>\n\t\t\t\n\t\t\t\t\t\t<div class=\"elementor-icon-box-content\">\n\n\t\t\t\t\t\t\t\t\t<h3 class=\"elementor-icon-box-title\">\n\t\t\t\t\t\t<span  >\n\t\t\t\t\t\t\t\u00c9ducation\t\t\t\t\t\t<\/span>\n\t\t\t\t\t<\/h3>\n\t\t\t\t\n\t\t\t\t\t\t\t\t\t<p class=\"elementor-icon-box-description\">\n\t\t\t\t\t\tB.A. Psychologie - Universit\u00e9 McGill<br>DEC Sciences de la sant\u00e9 - Coll\u00e8ge Marianopolis<br>Certificats&nbsp;: Premier r\u00e9pondant niveau&nbsp;3, Tactical Emergency Casualty Care (TECC), International Trauma Life Support (ITLS), Advanced Medical First Responder, Incident Command System&nbsp;200\t\t\t\t\t<\/p>\n\t\t\t\t\n\t\t\t<\/div>\n\t\t\t\n\t\t<\/div>\n\t\t\t\t\t\t<\/div>\n\t\t\t\t<\/div>\n\t\t<div class=\"elementor-element elementor-element-240b096 e-con-full e-flex e-con e-child\" data-id=\"240b096\" data-element_type=\"container\" data-e-type=\"container\">\n\t\t\t\t<div class=\"elementor-element elementor-element-c7cc419 elementor-widget elementor-widget-image\" data-id=\"c7cc419\" data-element_type=\"widget\" data-e-type=\"widget\" data-widget_type=\"image.default\">\n\t\t\t\t\t\t\t\t\t\t\t\t\t\t\t<img fetchpriority=\"high\" decoding=\"async\" width=\"800\" height=\"1000\" src=\"https:\/\/wbcdesigns.com\/wp-content\/uploads\/2024\/06\/craig-steinberg-behind-the-scenes-content-creation-819x1024.webp\" class=\"attachment-large size-large wp-image-4161\" alt=\"Craig est assis \u00e0 un bureau et sourit \u00e0 la cam\u00e9ra. \u00c0 sa gauche, il y a un ordinateur portable et un microphone, et \u00e0 sa droite, une lampe et un t\u00e9l\u00e9phone portable sur un support. C&#039;est un aper\u00e7u des coulisses du tournage pour la cr\u00e9ation de contenu pour les m\u00e9dias sociaux.\" srcset=\"https:\/\/wbcdesigns.com\/wp-content\/uploads\/2024\/06\/craig-steinberg-behind-the-scenes-content-creation-819x1024.webp 819w, https:\/\/wbcdesigns.com\/wp-content\/uploads\/2024\/06\/craig-steinberg-behind-the-scenes-content-creation-240x300.webp 240w, https:\/\/wbcdesigns.com\/wp-content\/uploads\/2024\/06\/craig-steinberg-behind-the-scenes-content-creation-768x960.webp 768w, https:\/\/wbcdesigns.com\/wp-content\/uploads\/2024\/06\/craig-steinberg-behind-the-scenes-content-creation-1229x1536.webp 1229w, https:\/\/wbcdesigns.com\/wp-content\/uploads\/2024\/06\/craig-steinberg-behind-the-scenes-content-creation-1639x2048.webp 1639w, https:\/\/wbcdesigns.com\/wp-content\/uploads\/2024\/06\/craig-steinberg-behind-the-scenes-content-creation-scaled.webp 2048w\" sizes=\"(max-width: 800px) 100vw, 800px\" \/>\t\t\t\t\t\t\t\t\t\t\t\t\t\t\t<\/div>\n\t\t\t\t<div class=\"elementor-element elementor-element-e9d37ac elementor-widget elementor-widget-image\" data-id=\"e9d37ac\" data-element_type=\"widget\" data-e-type=\"widget\" data-widget_type=\"image.default\">\n\t\t\t\t\t\t\t\t\t\t\t\t\t\t\t<img decoding=\"async\" width=\"716\" height=\"494\" src=\"https:\/\/wbcdesigns.com\/wp-content\/uploads\/2023\/10\/Craig-EMS-web.jpg\" class=\"attachment-large size-large wp-image-608\" alt=\"\" srcset=\"https:\/\/wbcdesigns.com\/wp-content\/uploads\/2023\/10\/Craig-EMS-web.jpg 716w, https:\/\/wbcdesigns.com\/wp-content\/uploads\/2023\/10\/Craig-EMS-web-300x207.jpg 300w\" sizes=\"(max-width: 716px) 100vw, 716px\" \/>\t\t\t\t\t\t\t\t\t\t\t\t\t\t\t<\/div>\n\t\t<div class=\"elementor-element elementor-element-535b3aa e-flex e-con-boxed e-con e-child\" data-id=\"535b3aa\" data-element_type=\"container\" data-e-type=\"container\">\n\t\t\t\t\t<div class=\"e-con-inner\">\n\t\t\t\t<div class=\"elementor-element elementor-element-16cf63b elementor-widget__width-initial elementor-widget elementor-widget-image\" data-id=\"16cf63b\" data-element_type=\"widget\" data-e-type=\"widget\" data-widget_type=\"image.default\">\n\t\t\t\t\t\t\t\t\t\t\t\t<figure class=\"wp-caption\">\n\t\t\t\t\t\t\t\t\t\t<img decoding=\"async\" width=\"600\" height=\"900\" src=\"https:\/\/wbcdesigns.com\/wp-content\/uploads\/2023\/10\/storm-closeup-web.jpg\" class=\"attachment-medium_large size-medium_large wp-image-610\" alt=\"\" srcset=\"https:\/\/wbcdesigns.com\/wp-content\/uploads\/2023\/10\/storm-closeup-web.jpg 600w, https:\/\/wbcdesigns.com\/wp-content\/uploads\/2023\/10\/storm-closeup-web-200x300.jpg 200w\" sizes=\"(max-width: 600px) 100vw, 600px\" \/>\t\t\t\t\t\t\t\t\t\t\t<figcaption class=\"widget-image-caption wp-caption-text\">Storm Cloud<\/figcaption>\n\t\t\t\t\t\t\t\t\t\t<\/figure>\n\t\t\t\t\t\t\t\t\t<\/div>\n\t\t\t\t<div class=\"elementor-element elementor-element-52e7d35 elementor-widget__width-initial elementor-widget elementor-widget-image\" data-id=\"52e7d35\" data-element_type=\"widget\" data-e-type=\"widget\" data-widget_type=\"image.default\">\n\t\t\t\t\t\t\t\t\t\t\t\t<figure class=\"wp-caption\">\n\t\t\t\t\t\t\t\t\t\t<img loading=\"lazy\" decoding=\"async\" width=\"600\" height=\"900\" src=\"https:\/\/wbcdesigns.com\/wp-content\/uploads\/2023\/10\/Silver-Lining.jpeg\" class=\"attachment-medium_large size-medium_large wp-image-612\" alt=\"\" srcset=\"https:\/\/wbcdesigns.com\/wp-content\/uploads\/2023\/10\/Silver-Lining.jpeg 600w, https:\/\/wbcdesigns.com\/wp-content\/uploads\/2023\/10\/Silver-Lining-200x300.jpeg 200w\" sizes=\"(max-width: 600px) 100vw, 600px\" \/>\t\t\t\t\t\t\t\t\t\t\t<figcaption class=\"widget-image-caption wp-caption-text\">Silver Lining<\/figcaption>\n\t\t\t\t\t\t\t\t\t\t<\/figure>\n\t\t\t\t\t\t\t\t\t<\/div>\n\t\t\t\t\t<\/div>\n\t\t\t\t<\/div>\n\t\t\t\t<div class=\"elementor-element elementor-element-151ed0a elementor-widget elementor-widget-image\" data-id=\"151ed0a\" data-element_type=\"widget\" data-e-type=\"widget\" data-widget_type=\"image.default\">\n\t\t\t\t\t\t\t\t\t\t\t\t\t\t\t<img loading=\"lazy\" decoding=\"async\" width=\"702\" height=\"1000\" src=\"https:\/\/wbcdesigns.com\/wp-content\/uploads\/2023\/10\/craig-skiing-whistler.jpg\" class=\"attachment-large size-large wp-image-614\" alt=\"\" srcset=\"https:\/\/wbcdesigns.com\/wp-content\/uploads\/2023\/10\/craig-skiing-whistler.jpg 702w, https:\/\/wbcdesigns.com\/wp-content\/uploads\/2023\/10\/craig-skiing-whistler-211x300.jpg 211w\" sizes=\"(max-width: 702px) 100vw, 702px\" \/>\t\t\t\t\t\t\t\t\t\t\t\t\t\t\t<\/div>\n\t\t\t\t<\/div>\n\t\t\t\t\t<\/div>\n\t\t\t\t<\/div>\n\t\t\t\t<\/div>\n\t\t","protected":false},"excerpt":{"rendered":"<p>Craig Steinberg Craig Steinberg&nbsp;: Fondateur et PDG de WBC&nbsp;Designs Un parcours ancr\u00e9 dans la famille et l\u2019h\u00e9ritage Craig Steinberg est la force motrice de WBC Designs, une entreprise ancr\u00e9e dans des d\u00e9cennies d&rsquo;entrepreneuriat familial et d\u00e9di\u00e9e \u00e0 rendre le web accessible \u00e0 tous. Titulaire d&rsquo;un baccalaur\u00e9at en psychologie de l&rsquo;Universit\u00e9 McGill et fort d&rsquo;une exp\u00e9rience [&hellip;]<\/p>\n","protected":false},"author":1,"featured_media":0,"parent":0,"menu_order":0,"comment_status":"closed","ping_status":"closed","template":"","meta":{"footnotes":""},"class_list":["post-1398","page","type-page","status-publish","hentry"],"_links":{"self":[{"href":"https:\/\/wbcdesigns.com\/fr\/wp-json\/wp\/v2\/pages\/1398","targetHints":{"allow":["GET"]}}],"collection":[{"href":"https:\/\/wbcdesigns.com\/fr\/wp-json\/wp\/v2\/pages"}],"about":[{"href":"https:\/\/wbcdesigns.com\/fr\/wp-json\/wp\/v2\/types\/page"}],"author":[{"embeddable":true,"href":"https:\/\/wbcdesigns.com\/fr\/wp-json\/wp\/v2\/users\/1"}],"replies":[{"embeddable":true,"href":"https:\/\/wbcdesigns.com\/fr\/wp-json\/wp\/v2\/comments?post=1398"}],"version-history":[{"count":4,"href":"https:\/\/wbcdesigns.com\/fr\/wp-json\/wp\/v2\/pages\/1398\/revisions"}],"predecessor-version":[{"id":7102,"href":"https:\/\/wbcdesigns.com\/fr\/wp-json\/wp\/v2\/pages\/1398\/revisions\/7102"}],"wp:attachment":[{"href":"https:\/\/wbcdesigns.com\/fr\/wp-json\/wp\/v2\/media?parent=1398"}],"curies":[{"name":"wp","href":"https:\/\/api.w.org\/{rel}","templated":true}]}}