{"id":1100,"date":"2023-10-19T12:45:48","date_gmt":"2023-10-19T16:45:48","guid":{"rendered":"https:\/\/wbcdesigns.com\/connexion-du-client-wbc\/"},"modified":"2026-03-16T09:59:12","modified_gmt":"2026-03-16T13:59:12","slug":"connexion-du-client-wbc","status":"publish","type":"page","link":"https:\/\/wbcdesigns.com\/fr\/connexion-du-client-wbc\/","title":{"rendered":"Connexion du client WbC"},"content":{"rendered":"\t\t<div data-elementor-type=\"wp-page\" data-elementor-id=\"1100\" class=\"elementor elementor-1100 elementor-640\" data-elementor-post-type=\"page\">\n\t\t\t\t\t\t<section class=\"elementor-section elementor-top-section elementor-element elementor-element-537018ac elementor-section-boxed elementor-section-height-default elementor-section-height-default\" data-id=\"537018ac\" data-element_type=\"section\" data-e-type=\"section\">\n\t\t\t\t\t\t<div class=\"elementor-container elementor-column-gap-default\">\n\t\t\t\t\t<div class=\"elementor-column elementor-col-50 elementor-top-column elementor-element elementor-element-6e053ccf\" data-id=\"6e053ccf\" data-element_type=\"column\" data-e-type=\"column\">\n\t\t\t<div class=\"elementor-widget-wrap elementor-element-populated\">\n\t\t\t\t\t\t<div class=\"elementor-element elementor-element-2d4d8bdd elementor-widget elementor-widget-heading\" data-id=\"2d4d8bdd\" data-element_type=\"widget\" data-e-type=\"widget\" data-widget_type=\"heading.default\">\n\t\t\t\t\t<h5 class=\"elementor-heading-title elementor-size-default\">Connectez-vous \u00e0 votre tableau de bord client o\u00f9 vous pouvez consulter les factures \u00e0 venir et pass\u00e9es, effectuer des paiements, enregistrer des noms de domaine, commander de nouveaux services, soumettre un ticket de support et changer votre mot de passe.<\/h5>\t\t\t\t<\/div>\n\t\t\t\t<div class=\"elementor-element elementor-element-2dc41ce5 elementor-widget elementor-widget-text-editor\" data-id=\"2dc41ce5\" data-element_type=\"widget\" data-e-type=\"widget\" data-widget_type=\"text-editor.default\">\n\t\t\t\t\t\t\t\t\t<p>Besoin d&rsquo;aide pour vous connecter ? <a href=\"https:\/\/wbcdesigns.com\/fr\/contacter-wbc-designs\/\">Contactez nous.<\/a><\/p>\t\t\t\t\t\t\t\t<\/div>\n\t\t\t\t\t<\/div>\n\t\t<\/div>\n\t\t\t\t<div class=\"elementor-column elementor-col-50 elementor-top-column elementor-element elementor-element-32d6d0ba\" data-id=\"32d6d0ba\" data-element_type=\"column\" data-e-type=\"column\">\n\t\t\t<div class=\"elementor-widget-wrap elementor-element-populated\">\n\t\t\t\t\t\t<div class=\"elementor-element elementor-element-2ee9af00 elementor-widget elementor-widget-html\" data-id=\"2ee9af00\" data-element_type=\"widget\" data-e-type=\"widget\" data-widget_type=\"html.default\">\n\t\t\t\t\t<form method=\"post\" action=\"https:\/\/billing.wbcdesigns.com\/index.php?rp=\/login\" class=\"login-form\" role=\"form\">\r\n    <div class=\"card mw-540 mb-md-4 mt-md-4\">\r\n        <div class=\"card-body px-sm-5 py-5\">\r\n                        <div class=\"form-group\">\r\n<p>&nbsp;<\/p>\r\n                <label for=\"inputEmail\" class=\"form-control-label\">Adresse courriel<\/label>\r\n                <div class=\"input-group input-group-merge\">\r\n                    <div class=\"input-group-prepend\">\r\n                        <span class=\"input-group-text\"><i class=\"fa fa-user\"><\/i><\/span>\r\n                    <\/div>\r\n                    <input type=\"email\" class=\"form-control\" name=\"username\" id=\"inputEmail\" placeholder=\"nom@exemple.com\" autofocus=\"\">\r\n                <\/div>\r\n            <\/div>\r\n            <div class=\"form-group mb-4 focused\">\r\n                <div class=\"d-flex align-items-center justify-content-between\">\r\n                    <label for=\"inputPassword\" class=\"form-control-label\">Mot de passe<\/label>\r\n                    <div class=\"mb-2\">\r\n                        <a href=\"https:\/\/wbcdesigns.com\/billing\/index.php?rp=\/password\/reset\" class=\"small text-muted\" tabindex=\"-1\">Mot de passe oubli\u00e9 ?<\/a>\r\n                    <\/div>\r\n                <\/div>\r\n                <div class=\"input-group input-group-merge\">\r\n                    <div class=\"input-group-prepend\">\r\n                        <span class=\"input-group-text\"><i class=\"fa fa-key\"><\/i><\/span>\r\n                    <\/div>\r\n                    <input type=\"password\" class=\"form-control pw-input\" name=\"password\" id=\"inputPassword\" placeholder=\"Mot de passe\" autocomplete=\"off\">\r\n                     <\/div>\r\n            <\/div>\r\n                                                    <div class=\"float-left\">\r\n                <button id=\"login\" type=\"submit\" class=\"btn btn-primary\">\r\n SE CONNECTER\r\n                <\/button>\r\n            <\/div>\r\n            <div class=\"text-right\">\r\n                <label>\r\n                    <input type=\"checkbox\" class=\"form-check-input\" name=\"rememberme\">\r\n Souvenez-vous de moi\r\n                <\/label>\r\n            <\/div>\r\n        <\/div>\r\n        <div class=\"card-footer px-md-5\">\r\n Vous n'\u00eates pas enregistr\u00e9 ? <a href=\"https:\/\/billing.wbcdesigns.com\/register.php\" class=\"small font-weight-bold\">Cr\u00e9er un compte<\/a>\r\n        <\/div>\r\n    <\/div>\r\n<\/form>\t\t\t\t<\/div>\n\t\t\t\t\t<\/div>\n\t\t<\/div>\n\t\t\t\t\t<\/div>\n\t\t<\/section>\n\t\t\t\t<section class=\"elementor-section elementor-top-section elementor-element elementor-element-496f0832 elementor-section-boxed elementor-section-height-default elementor-section-height-default\" data-id=\"496f0832\" data-element_type=\"section\" data-e-type=\"section\">\n\t\t\t\t\t\t<div class=\"elementor-container elementor-column-gap-default\">\n\t\t\t\t\t<div class=\"elementor-column elementor-col-100 elementor-top-column elementor-element elementor-element-7ba4cbb2\" data-id=\"7ba4cbb2\" data-element_type=\"column\" data-e-type=\"column\">\n\t\t\t<div class=\"elementor-widget-wrap\">\n\t\t\t\t\t\t\t<\/div>\n\t\t<\/div>\n\t\t\t\t\t<\/div>\n\t\t<\/section>\n\t\t\t\t<\/div>\n\t\t","protected":false},"excerpt":{"rendered":"<p>Connectez-vous \u00e0 votre tableau de bord client o\u00f9 vous pouvez consulter les factures \u00e0 venir et pass\u00e9es, effectuer des paiements, enregistrer des noms de domaine, commander de nouveaux services, soumettre un ticket de support et changer votre mot de passe. Besoin d&rsquo;aide pour vous connecter ? Contactez nous. &nbsp; Adresse courriel Mot de passe Mot [&hellip;]<\/p>\n","protected":false},"author":1,"featured_media":817,"parent":0,"menu_order":0,"comment_status":"closed","ping_status":"closed","template":"","meta":{"footnotes":""},"class_list":["post-1100","page","type-page","status-publish","has-post-thumbnail","hentry"],"_links":{"self":[{"href":"https:\/\/wbcdesigns.com\/fr\/wp-json\/wp\/v2\/pages\/1100","targetHints":{"allow":["GET"]}}],"collection":[{"href":"https:\/\/wbcdesigns.com\/fr\/wp-json\/wp\/v2\/pages"}],"about":[{"href":"https:\/\/wbcdesigns.com\/fr\/wp-json\/wp\/v2\/types\/page"}],"author":[{"embeddable":true,"href":"https:\/\/wbcdesigns.com\/fr\/wp-json\/wp\/v2\/users\/1"}],"replies":[{"embeddable":true,"href":"https:\/\/wbcdesigns.com\/fr\/wp-json\/wp\/v2\/comments?post=1100"}],"version-history":[{"count":8,"href":"https:\/\/wbcdesigns.com\/fr\/wp-json\/wp\/v2\/pages\/1100\/revisions"}],"predecessor-version":[{"id":7346,"href":"https:\/\/wbcdesigns.com\/fr\/wp-json\/wp\/v2\/pages\/1100\/revisions\/7346"}],"wp:featuredmedia":[{"embeddable":true,"href":"https:\/\/wbcdesigns.com\/fr\/wp-json\/wp\/v2\/media\/817"}],"wp:attachment":[{"href":"https:\/\/wbcdesigns.com\/fr\/wp-json\/wp\/v2\/media?parent=1100"}],"curies":[{"name":"wp","href":"https:\/\/api.w.org\/{rel}","templated":true}]}}